{"id":1181,"date":"2025-02-03T22:34:08","date_gmt":"2025-02-03T21:34:08","guid":{"rendered":"https:\/\/riss.w.uib.no\/?page_id=1181"},"modified":"2025-09-15T22:32:53","modified_gmt":"2025-09-15T20:32:53","slug":"idunn-m-j-abelsnes","status":"publish","type":"page","link":"https:\/\/riss.w.uib.no\/en\/idunn-m-j-abelsnes\/","title":{"rendered":"Idunn M. J. Abelsnes"},"content":{"rendered":"<figure id=\"attachment_1256\" aria-describedby=\"caption-attachment-1256\" style=\"width: 225px\" class=\"wp-caption alignright\"><img loading=\"lazy\" decoding=\"async\" class=\"wp-image-1256 size-medium\" src=\"https:\/\/riss.w.uib.no\/files\/2025\/02\/IMG_4475-225x300.jpeg\" alt=\"\" width=\"225\" height=\"300\" srcset=\"https:\/\/riss.w.uib.no\/files\/2025\/02\/IMG_4475-225x300.jpeg 225w, https:\/\/riss.w.uib.no\/files\/2025\/02\/IMG_4475-768x1024.jpeg 768w, https:\/\/riss.w.uib.no\/files\/2025\/02\/IMG_4475-1152x1536.jpeg 1152w, https:\/\/riss.w.uib.no\/files\/2025\/02\/IMG_4475-750x1000.jpeg 750w, https:\/\/riss.w.uib.no\/files\/2025\/02\/IMG_4475.jpeg 1536w\" sizes=\"auto, (max-width: 225px) 100vw, 225px\" \/><figcaption id=\"caption-attachment-1256\" class=\"wp-caption-text\">Photo: Kristin Emilie Tobiassen<\/figcaption><\/figure>\n<p style=\"text-align: justify\"><span style=\"font-weight: 400\">Idunn M. J. Abelsnes was the editor of RISS from 2023 to 2025. One of her main goals with the journal was to foster engagement<\/span> with archaeology and to maintain RISS as a hub connecting the archaeological academic community and archaeology students. She aimed to further develop RISS and continue elevating the journal to even higher standards, both academically and aesthetically. At the same time, it was important to her to preserve the versatile character of RISS by including both professionals and students. Another key goal she emphasized was contributing to the social community among archaeology students at the University of Bergen (UiB). Under her leadership, RISS gained an even more prominent position in the Norwegian archaeological community, partly through its presence at events such as NAM (det Norske Arkeologm\u00f8tet) and NASK (Norsk Arkeologisk Studentkonferanse). Under Idunn\u2019s leadership, both the editorial team and the amount of content in the issues grew significantly. RISS\u2019 aesthetic profile was also sharpened and made more consistent across the issues.<\/p>\n<h3>Issues edited by Idunn M. J. Abelsnes:<\/h3>\n<ul>\n<li><a href=\"https:\/\/riss.w.uib.no\/en\/tidligere-utgaver\/riss-2023-nr-5-vann\/\">RISS 2023 nr. 5 \u00abWater\u00bb<\/a><\/li>\n<li><a href=\"https:\/\/riss.w.uib.no\/en\/tidligere-utgaver\/riss-2024-nr-6-hjem\/\">RISS 2024 nr. 6 \u00abHome\u00bb<\/a><\/li>\n<li><a href=\"https:\/\/riss.w.uib.no\/en\/tidligere-utgaver\/riss-2023-nr-7-symbol\/\">RISS 2024 nr. 7 \u00abSymbol\u00bb<\/a><\/li>\n<li><a href=\"https:\/\/riss.w.uib.no\/en\/tidligere-utgaver\/riss-nr-8-mat-og-drikke\/\">RISS 2025 nr. 8 \u00abMat og drikke\u00bb<\/a><\/li>\n<\/ul>","protected":false},"excerpt":{"rendered":"<p>Idunn M. J. Abelsnes var redakt\u00f8r for RISS fra 2023 til 2025. Et av hovedm\u00e5lene hennes med tidsskriftet var \u00e5 spre engasjement rundt arkeologi, og \u00e5 opprettholde Riss som et knutepunkt mellom det arkeologiske fagmilj\u00f8et og arkeologistudenter. Hun \u00f8nsket \u00e5 videreutvikle RISS, og fortsette \u00e5 heve tidsskriftet til enda h\u00f8yere standarder, b\u00e5de faglig og estetisk.&hellip;<a href=\"https:\/\/riss.w.uib.no\/en\/idunn-m-j-abelsnes\/\" class=\"more-link\">Continue reading <span class=\"screen-reader-text\">Idunn M. J. Abelsnes<\/span><\/a><\/p>","protected":false},"author":337,"featured_media":0,"parent":0,"menu_order":0,"comment_status":"closed","ping_status":"closed","template":"","meta":{"footnotes":""},"class_list":["post-1181","page","type-page","status-publish","hentry"],"yoast_head":"<!-- This site is optimized with the Yoast SEO plugin v27.5 - https:\/\/yoast.com\/product\/yoast-seo-wordpress\/ -->\n<title>Idunn M. J. Abelsnes -<\/title>\n<meta name=\"robots\" content=\"index, follow, max-snippet:-1, max-image-preview:large, max-video-preview:-1\" \/>\n<link rel=\"canonical\" href=\"https:\/\/riss.w.uib.no\/en\/idunn-m-j-abelsnes\/\" \/>\n<meta property=\"og:locale\" content=\"en_US\" \/>\n<meta property=\"og:type\" content=\"article\" \/>\n<meta property=\"og:title\" content=\"Idunn M. J. Abelsnes -\" \/>\n<meta property=\"og:description\" content=\"Idunn M. J. Abelsnes var redakt\u00f8r for RISS fra 2023 til 2025. Et av hovedm\u00e5lene hennes med tidsskriftet var \u00e5 spre engasjement rundt arkeologi, og \u00e5 opprettholde Riss som et knutepunkt mellom det arkeologiske fagmilj\u00f8et og arkeologistudenter. Hun \u00f8nsket \u00e5 videreutvikle RISS, og fortsette \u00e5 heve tidsskriftet til enda h\u00f8yere standarder, b\u00e5de faglig og estetisk.&hellip;Continue reading Idunn M. J. Abelsnes\" \/>\n<meta property=\"og:url\" content=\"https:\/\/riss.w.uib.no\/en\/idunn-m-j-abelsnes\/\" \/>\n<meta property=\"article:publisher\" content=\"https:\/\/www.facebook.com\/RISSUiB\" \/>\n<meta property=\"article:modified_time\" content=\"2025-09-15T20:32:53+00:00\" \/>\n<meta property=\"og:image\" content=\"https:\/\/riss.w.uib.no\/files\/2025\/02\/IMG_4475.jpeg\" \/>\n\t<meta property=\"og:image:width\" content=\"1536\" \/>\n\t<meta property=\"og:image:height\" content=\"2048\" \/>\n\t<meta property=\"og:image:type\" content=\"image\/jpeg\" \/>\n<meta name=\"twitter:card\" content=\"summary_large_image\" \/>\n<meta name=\"twitter:label1\" content=\"Est. reading time\" \/>\n\t<meta name=\"twitter:data1\" content=\"2 minutes\" \/>\n<script type=\"application\/ld+json\" class=\"yoast-schema-graph\">{\"@context\":\"https:\\\/\\\/schema.org\",\"@graph\":[{\"@type\":\"WebPage\",\"@id\":\"https:\\\/\\\/riss.w.uib.no\\\/idunn-m-j-abelsnes\\\/\",\"url\":\"https:\\\/\\\/riss.w.uib.no\\\/idunn-m-j-abelsnes\\\/\",\"name\":\"Idunn M. J. Abelsnes -\",\"isPartOf\":{\"@id\":\"https:\\\/\\\/riss.w.uib.no\\\/#website\"},\"primaryImageOfPage\":{\"@id\":\"https:\\\/\\\/riss.w.uib.no\\\/idunn-m-j-abelsnes\\\/#primaryimage\"},\"image\":{\"@id\":\"https:\\\/\\\/riss.w.uib.no\\\/idunn-m-j-abelsnes\\\/#primaryimage\"},\"thumbnailUrl\":\"https:\\\/\\\/riss.w.uib.no\\\/files\\\/2025\\\/02\\\/IMG_4475-225x300.jpeg\",\"datePublished\":\"2025-02-03T21:34:08+00:00\",\"dateModified\":\"2025-09-15T20:32:53+00:00\",\"breadcrumb\":{\"@id\":\"https:\\\/\\\/riss.w.uib.no\\\/idunn-m-j-abelsnes\\\/#breadcrumb\"},\"inLanguage\":\"en-US\",\"potentialAction\":[{\"@type\":\"ReadAction\",\"target\":[\"https:\\\/\\\/riss.w.uib.no\\\/idunn-m-j-abelsnes\\\/\"]}]},{\"@type\":\"ImageObject\",\"inLanguage\":\"en-US\",\"@id\":\"https:\\\/\\\/riss.w.uib.no\\\/idunn-m-j-abelsnes\\\/#primaryimage\",\"url\":\"https:\\\/\\\/riss.w.uib.no\\\/files\\\/2025\\\/02\\\/IMG_4475-225x300.jpeg\",\"contentUrl\":\"https:\\\/\\\/riss.w.uib.no\\\/files\\\/2025\\\/02\\\/IMG_4475-225x300.jpeg\"},{\"@type\":\"BreadcrumbList\",\"@id\":\"https:\\\/\\\/riss.w.uib.no\\\/idunn-m-j-abelsnes\\\/#breadcrumb\",\"itemListElement\":[{\"@type\":\"ListItem\",\"position\":1,\"name\":\"Hjem\",\"item\":\"https:\\\/\\\/riss.w.uib.no\\\/\"},{\"@type\":\"ListItem\",\"position\":2,\"name\":\"Idunn M. J. Abelsnes\"}]},{\"@type\":\"WebSite\",\"@id\":\"https:\\\/\\\/riss.w.uib.no\\\/#website\",\"url\":\"https:\\\/\\\/riss.w.uib.no\\\/\",\"name\":\"RISS \u2013 Et arkeologisk tidsskrift\",\"description\":\"Et arkeologisk tidsskrift\",\"publisher\":{\"@id\":\"https:\\\/\\\/riss.w.uib.no\\\/#organization\"},\"potentialAction\":[{\"@type\":\"SearchAction\",\"target\":{\"@type\":\"EntryPoint\",\"urlTemplate\":\"https:\\\/\\\/riss.w.uib.no\\\/?s={search_term_string}\"},\"query-input\":{\"@type\":\"PropertyValueSpecification\",\"valueRequired\":true,\"valueName\":\"search_term_string\"}}],\"inLanguage\":\"en-US\"},{\"@type\":\"Organization\",\"@id\":\"https:\\\/\\\/riss.w.uib.no\\\/#organization\",\"name\":\"RISS \u2013 Et arkeologisk tidsskrift\",\"alternateName\":\"Riss\",\"url\":\"https:\\\/\\\/riss.w.uib.no\\\/\",\"logo\":{\"@type\":\"ImageObject\",\"inLanguage\":\"en-US\",\"@id\":\"https:\\\/\\\/riss.w.uib.no\\\/#\\\/schema\\\/logo\\\/image\\\/\",\"url\":\"https:\\\/\\\/riss.w.uib.no\\\/files\\\/2022\\\/05\\\/cropped-RISS-logo.png\",\"contentUrl\":\"https:\\\/\\\/riss.w.uib.no\\\/files\\\/2022\\\/05\\\/cropped-RISS-logo.png\",\"width\":1719,\"height\":603,\"caption\":\"RISS \u2013 Et arkeologisk tidsskrift\"},\"image\":{\"@id\":\"https:\\\/\\\/riss.w.uib.no\\\/#\\\/schema\\\/logo\\\/image\\\/\"},\"sameAs\":[\"https:\\\/\\\/www.facebook.com\\\/RISSUiB\",\"https:\\\/\\\/www.instagram.com\\\/riss_uib\\\/\"]}]}<\/script>\n<!-- \/ Yoast SEO plugin. -->","yoast_head_json":{"title":"Idunn M. J. Abelsnes -","robots":{"index":"index","follow":"follow","max-snippet":"max-snippet:-1","max-image-preview":"max-image-preview:large","max-video-preview":"max-video-preview:-1"},"canonical":"https:\/\/riss.w.uib.no\/en\/idunn-m-j-abelsnes\/","og_locale":"en_US","og_type":"article","og_title":"Idunn M. J. Abelsnes -","og_description":"Idunn M. J. Abelsnes var redakt\u00f8r for RISS fra 2023 til 2025. Et av hovedm\u00e5lene hennes med tidsskriftet var \u00e5 spre engasjement rundt arkeologi, og \u00e5 opprettholde Riss som et knutepunkt mellom det arkeologiske fagmilj\u00f8et og arkeologistudenter. Hun \u00f8nsket \u00e5 videreutvikle RISS, og fortsette \u00e5 heve tidsskriftet til enda h\u00f8yere standarder, b\u00e5de faglig og estetisk.&hellip;Continue reading Idunn M. J. Abelsnes","og_url":"https:\/\/riss.w.uib.no\/en\/idunn-m-j-abelsnes\/","article_publisher":"https:\/\/www.facebook.com\/RISSUiB","article_modified_time":"2025-09-15T20:32:53+00:00","og_image":[{"width":1536,"height":2048,"url":"https:\/\/riss.w.uib.no\/files\/2025\/02\/IMG_4475.jpeg","type":"image\/jpeg"}],"twitter_card":"summary_large_image","twitter_misc":{"Est. reading time":"2 minutes"},"schema":{"@context":"https:\/\/schema.org","@graph":[{"@type":"WebPage","@id":"https:\/\/riss.w.uib.no\/idunn-m-j-abelsnes\/","url":"https:\/\/riss.w.uib.no\/idunn-m-j-abelsnes\/","name":"Idunn M. J. Abelsnes -","isPartOf":{"@id":"https:\/\/riss.w.uib.no\/#website"},"primaryImageOfPage":{"@id":"https:\/\/riss.w.uib.no\/idunn-m-j-abelsnes\/#primaryimage"},"image":{"@id":"https:\/\/riss.w.uib.no\/idunn-m-j-abelsnes\/#primaryimage"},"thumbnailUrl":"https:\/\/riss.w.uib.no\/files\/2025\/02\/IMG_4475-225x300.jpeg","datePublished":"2025-02-03T21:34:08+00:00","dateModified":"2025-09-15T20:32:53+00:00","breadcrumb":{"@id":"https:\/\/riss.w.uib.no\/idunn-m-j-abelsnes\/#breadcrumb"},"inLanguage":"en-US","potentialAction":[{"@type":"ReadAction","target":["https:\/\/riss.w.uib.no\/idunn-m-j-abelsnes\/"]}]},{"@type":"ImageObject","inLanguage":"en-US","@id":"https:\/\/riss.w.uib.no\/idunn-m-j-abelsnes\/#primaryimage","url":"https:\/\/riss.w.uib.no\/files\/2025\/02\/IMG_4475-225x300.jpeg","contentUrl":"https:\/\/riss.w.uib.no\/files\/2025\/02\/IMG_4475-225x300.jpeg"},{"@type":"BreadcrumbList","@id":"https:\/\/riss.w.uib.no\/idunn-m-j-abelsnes\/#breadcrumb","itemListElement":[{"@type":"ListItem","position":1,"name":"Hjem","item":"https:\/\/riss.w.uib.no\/"},{"@type":"ListItem","position":2,"name":"Idunn M. J. Abelsnes"}]},{"@type":"WebSite","@id":"https:\/\/riss.w.uib.no\/#website","url":"https:\/\/riss.w.uib.no\/","name":"RISS \u2013 Et arkeologisk tidsskrift","description":"An Archaeological Journal","publisher":{"@id":"https:\/\/riss.w.uib.no\/#organization"},"potentialAction":[{"@type":"SearchAction","target":{"@type":"EntryPoint","urlTemplate":"https:\/\/riss.w.uib.no\/?s={search_term_string}"},"query-input":{"@type":"PropertyValueSpecification","valueRequired":true,"valueName":"search_term_string"}}],"inLanguage":"en-US"},{"@type":"Organization","@id":"https:\/\/riss.w.uib.no\/#organization","name":"RISS \u2013 Et arkeologisk tidsskrift","alternateName":"Riss","url":"https:\/\/riss.w.uib.no\/","logo":{"@type":"ImageObject","inLanguage":"en-US","@id":"https:\/\/riss.w.uib.no\/#\/schema\/logo\/image\/","url":"https:\/\/riss.w.uib.no\/files\/2022\/05\/cropped-RISS-logo.png","contentUrl":"https:\/\/riss.w.uib.no\/files\/2022\/05\/cropped-RISS-logo.png","width":1719,"height":603,"caption":"RISS \u2013 Et arkeologisk tidsskrift"},"image":{"@id":"https:\/\/riss.w.uib.no\/#\/schema\/logo\/image\/"},"sameAs":["https:\/\/www.facebook.com\/RISSUiB","https:\/\/www.instagram.com\/riss_uib\/"]}]}},"_links":{"self":[{"href":"https:\/\/riss.w.uib.no\/en\/wp-json\/wp\/v2\/pages\/1181","targetHints":{"allow":["GET"]}}],"collection":[{"href":"https:\/\/riss.w.uib.no\/en\/wp-json\/wp\/v2\/pages"}],"about":[{"href":"https:\/\/riss.w.uib.no\/en\/wp-json\/wp\/v2\/types\/page"}],"author":[{"embeddable":true,"href":"https:\/\/riss.w.uib.no\/en\/wp-json\/wp\/v2\/users\/337"}],"replies":[{"embeddable":true,"href":"https:\/\/riss.w.uib.no\/en\/wp-json\/wp\/v2\/comments?post=1181"}],"version-history":[{"count":22,"href":"https:\/\/riss.w.uib.no\/en\/wp-json\/wp\/v2\/pages\/1181\/revisions"}],"predecessor-version":[{"id":1553,"href":"https:\/\/riss.w.uib.no\/en\/wp-json\/wp\/v2\/pages\/1181\/revisions\/1553"}],"wp:attachment":[{"href":"https:\/\/riss.w.uib.no\/en\/wp-json\/wp\/v2\/media?parent=1181"}],"curies":[{"name":"wp","href":"https:\/\/api.w.org\/{rel}","templated":true}]}}