{"id":12,"date":"2007-04-28T11:57:03","date_gmt":"2007-04-28T10:57:03","guid":{"rendered":"http:\/\/riss.uib.no\/?page_id=10"},"modified":"2026-03-26T17:17:09","modified_gmt":"2026-03-26T16:17:09","slug":"redaksjonen","status":"publish","type":"page","link":"https:\/\/riss.w.uib.no\/en\/redaksjonen\/","title":{"rendered":"Editorial Staff"},"content":{"rendered":"<p><strong>RISS-redaksjonen 2026 best\u00e5r av:<\/strong><\/p>\n\n\n\n<p><strong>Elected offices:<\/strong><\/p>\n\n\n\n<ul class=\"wp-block-list\">\n<li>Editor:&nbsp;<a href=\"https:\/\/riss.w.uib.no\/en\/are-stoll\/\">Are Stoll<\/a><\/li>\n\n\n\n<li>Assistant Editor: Mathias Seljebotn Erdal<\/li>\n\n\n\n<li>Deputy Assistant Editor: <a href=\"https:\/\/riss.w.uib.no\/en\/idunn-m-j-abelsnes\/\">Idunn M. J. Abelsnes<\/a><\/li>\n\n\n\n<li>Secretary: Kristin Emilie Tobiassen<\/li>\n\n\n\n<li>Deputy Secretary: <a href=\"https:\/\/riss.w.uib.no\/en\/idunn-m-j-abelsnes\/\">Idunn M. J. Abelsnes<\/a><\/li>\n\n\n\n<li>Financial manager: <a href=\"https:\/\/riss.w.uib.no\/en\/are-stoll\/\">Are Stoll<\/a><\/li>\n\n\n\n<li>Deputy Financial Manager: Ansam Umar<\/li>\n\n\n\n<li>Sales and distribution manager: Mina Hageselle Hermansen<\/li>\n\n\n\n<li>Social Media Manager: Mina Hageselle Hermansen<\/li>\n\n\n\n<li>Deputy Social Media Manager: Alma Kelmendi<\/li>\n\n\n\n<li>Head of proofreading: <a href=\"https:\/\/riss.w.uib.no\/en\/idunn-m-j-abelsnes\/\">Idunn M. J. Abelsnes<\/a><\/li>\n\n\n\n<li>Head of design: Malin R\u00f8genes<\/li>\n\n\n\n<li>Graphic designer: Mathias Seljebotn Erdal<\/li>\n\n\n\n<li>Deputy Graphic Designer: Ansam Umar <\/li>\n\n\n\n<li>IT-manager: Mina Hageselle Hermansen<\/li>\n\n\n\n<li>Deputy IT-manager: Mina Amble B\u00f8e<\/li>\n<\/ul>\n\n\n\n<p><strong>Proofreaders:<\/strong><\/p>\n\n\n\n<ul class=\"wp-block-list\">\n<li><strong>Head of proofreading<\/strong>: <a href=\"https:\/\/riss.w.uib.no\/en\/idunn-m-j-abelsnes\/\">Idunn M. J. Abelsnes<\/a><\/li>\n\n\n\n<li>Mathias Seljebotn Erdal<\/li>\n\n\n\n<li>Henrik Madsen<\/li>\n\n\n\n<li>Ztine T. Nesse<\/li>\n\n\n\n<li><a href=\"https:\/\/riss.w.uib.no\/en\/are-stoll\/\">Are Stoll<\/a><\/li>\n\n\n\n<li>Emma Amina Kvarsnes Nilsen<\/li>\n\n\n\n<li>Colin Redfern<\/li>\n<\/ul>\n\n\n\n<p><strong>Design department:<\/strong><\/p>\n\n\n\n<ul class=\"wp-block-list\">\n<li><b>Preface:<\/b>&nbsp;Malin R\u00f8genes<\/li>\n\n\n\n<li><strong>Graphic designer:<\/strong> Mathias Seljebotn Erdal<\/li>\n\n\n\n<li>Mina Amble B\u00f8e<\/li>\n\n\n\n<li>Wiktoria Labecka<\/li>\n\n\n\n<li>Emilie Sk\u00e5r Lone<\/li>\n\n\n\n<li>Lena Marie Eriksen M\u00e6land<\/li>\n\n\n\n<li>Susanne Eikeset Nordal<\/li>\n\n\n\n<li>Julieta Suarez<\/li>\n\n\n\n<li>Ansam Umar<\/li>\n<\/ul>\n\n\n\n<p><strong>Correspondence and planning:<\/strong><\/p>\n\n\n\n<ul class=\"wp-block-list\">\n<li>Tobias Mathisen Gr\u00f8tte<\/li>\n\n\n\n<li>Marita Tr\u00e6et Heims\u00e6ter<\/li>\n\n\n\n<li>Alma Kelmendi<\/li>\n\n\n\n<li>Oliver Malo Torheim<\/li>\n\n\n\n<li>Julie Augustin<\/li>\n\n\n\n<li>Kristin Emilie Tobiassen<\/li>\n<\/ul>\n\n\n\n<p><strong>Former staff:<\/strong><\/p>\n\n\n\n<ul class=\"wp-block-list\">\n<li>Rosa Vaksdal (2022-2025)<\/li>\n\n\n\n<li>Ella Carlson (2025)<\/li>\n\n\n\n<li>Marie Hansteen Hagness (2022-2025)<\/li>\n\n\n\n<li>Elin Hulda Gussi\u00e5s (2022-2025)<\/li>\n\n\n\n<li>Marita Tr\u00e6et Heims\u00e6ter (2022-2025)<\/li>\n\n\n\n<li>Sebastian Torgeirsen (2024)<\/li>\n\n\n\n<li>B\u00e5rd Sandemose (2024)<\/li>\n\n\n\n<li>Isak R\u00f8shol (2024)<\/li>\n\n\n\n<li>JuliaMaria Olsen (2024)<\/li>\n\n\n\n<li>Emilie Sk\u00e5r L\u00e5ne (2024)<\/li>\n\n\n\n<li>Camilla H\u00f8iland (2024)<\/li>\n\n\n\n<li>Siv Madsen (2024)<\/li>\n\n\n\n<li>Steinar Dahl (2024)<\/li>\n\n\n\n<li>Edvind Kj\u00e6rstad (2023-2024)<\/li>\n\n\n\n<li>Bendik Nilsen Bergendal (2022-2024)<\/li>\n\n\n\n<li>Julie Fjesme Sundby (2022-2024)<\/li>\n\n\n\n<li><a href=\"https:\/\/riss.w.uib.no\/en\/yrja-skjaerum\/\">Yrja Skj\u00e6rum<\/a> (2022-2024)<\/li>\n\n\n\n<li>Birte Elise Viddal Dybvik (2022-2024)<\/li>\n\n\n\n<li>Tonje Jokiel (2023)<\/li>\n\n\n\n<li>Julieta Suarez (2023)<\/li>\n\n\n\n<li>Sandra Knutsen (2023)<\/li>\n\n\n\n<li>Ada Harboe (2022-2023)<\/li>\n\n\n\n<li>H\u00e5kon Kristoffer Stokke (2022-2023)<\/li>\n\n\n\n<li>Synne Linn Seldal (2022-2023)<\/li>\n\n\n\n<li>Matias Larsen Dehli (2022)<\/li>\n\n\n\n<li>Aisa Herset Darbo (2022)<\/li>\n\n\n\n<li><a href=\"https:\/\/riss.w.uib.no\/en\/helene-rennesvik-robinson\/\">Helene Rennesvik Robinson<\/a> (2021-2023)<\/li>\n\n\n\n<li>Erlend Bakken Eide (2021-2022)<\/li>\n\n\n\n<li>G\u00f8ril Lambrechts Thue (2021-2022)<\/li>\n\n\n\n<li><a href=\"https:\/\/riss.w.uib.no\/en\/aksel-teigen-breistrand\/\">Aksel Teigen Breistrand<\/a> (2021-2022)<\/li>\n\n\n\n<li>Karen Kvamme Aase (2021-2022)<\/li>\n\n\n\n<li>Magnus Innv\u00e6r (2021-2022)<\/li>\n\n\n\n<li>Janne Lande (2021-2022)<\/li>\n\n\n\n<li>Lillian Time (2021-2022)<\/li>\n\n\n\n<li><a href=\"https:\/\/riss.w.uib.no\/en\/anja-haugland-svingen\/\">Anja Haugland Svingen<\/a> (2016 -2017)<\/li>\n\n\n\n<li>Andreas Lian (2016 -2017)<\/li>\n\n\n\n<li>Audun Str\u00f8m Bakke (2016 -2017)<\/li>\n\n\n\n<li>Julie Westlye (2016 -2017)<\/li>\n\n\n\n<li>Kristin Marie Undrehaug (2016 -2017)<\/li>\n\n\n\n<li>Mona Karin Boge (2016 -2017)<\/li>\n\n\n\n<li>Thomas Rage Johnsen (2016 -2017)<\/li>\n\n\n\n<li><a href=\"https:\/\/riss.w.uib.no\/en\/stefano-dellaitante\/\">Stefano Dell&#8217;Aitante<\/a> (2013)<\/li>\n\n\n\n<li>Marita Fleseland (2013)<\/li>\n\n\n\n<li>Sigrid Hervig (2013)<\/li>\n\n\n\n<li>Karine Jellestad (2013)<\/li>\n\n\n\n<li>Helene Pettersen (2013)<\/li>\n\n\n\n<li>Martha Kristine Lillest\u00f8l (2010-2013)<\/li>\n\n\n\n<li><a href=\"https:\/\/riss.w.uib.no\/en\/karoline-hareide-breivik\/\">Karoline Hareide Breivik<\/a> (2009-2013)<\/li>\n\n\n\n<li>Per Christian Burhol (2010-2011)<\/li>\n\n\n\n<li>Anna Skaar (2010-2012)<\/li>\n\n\n\n<li>Ann-Kristin Dahlberg (2010-2012)<\/li>\n\n\n\n<li><a href=\"https:\/\/riss.w.uib.no\/en\/sigrun-solbakken-tengesdal\/\">Sigrun Solbakken Tengesdal<\/a> (2009-2010)<\/li>\n\n\n\n<li>Emily De Bree (2009-2010)<\/li>\n\n\n\n<li>Guro Koksvik Lund (2009-2010)<\/li>\n\n\n\n<li><a href=\"https:\/\/riss.w.uib.no\/en\/andre-nilsen\/\">Andr\u00e9 Nilsen<\/a> (2007-2009)<\/li>\n\n\n\n<li>Rita Letrud (2007-2009)<\/li>\n\n\n\n<li>Turid Hillestad Nel (2007-2009)<\/li>\n\n\n\n<li>Kim Thunheim (2007-2009)<\/li>\n\n\n\n<li>Ole-Marius Kildedal (2008)<\/li>\n\n\n\n<li><a href=\"https:\/\/riss.w.uib.no\/en\/anne-drageset\/\">Anne Drageset<\/a> (2005-2007)<\/li>\n\n\n\n<li>Maryon Evelyn \u00d8sthus (2005-2007)<\/li>\n\n\n\n<li>Bj\u00f8rnar S\u00e6b\u00f8 (2003-2007)<\/li>\n\n\n\n<li>Nils Ole Sundet (2003-2006)<\/li>\n\n\n\n<li>Anita Haugen (2005-2006)<\/li>\n\n\n\n<li>Vibeke Lia (2003-2006)<\/li>\n\n\n\n<li><a href=\"https:\/\/riss.w.uib.no\/en\/christoffer-knagenhjelm\/\">Christoffer Knagenhjelm<\/a> (2003-2005)<\/li>\n\n\n\n<li>John Olsen (2003-2005)<\/li>\n<\/ul>","protected":false},"excerpt":{"rendered":"<p>RISS-redaksjonen 2026 best\u00e5r av: Verv: Korrekturlesere: Designgruppen: Korrespondanse og planlegging: Tidligere redaksjonsmedlemmer:<\/p>","protected":false},"author":337,"featured_media":0,"parent":0,"menu_order":0,"comment_status":"closed","ping_status":"closed","template":"","meta":{"footnotes":""},"class_list":["post-12","page","type-page","status-publish","hentry"],"yoast_head":"<!-- This site is optimized with the Yoast SEO plugin v27.4 - https:\/\/yoast.com\/product\/yoast-seo-wordpress\/ -->\n<title>Redaksjonen -<\/title>\n<meta name=\"robots\" content=\"index, follow, max-snippet:-1, max-image-preview:large, max-video-preview:-1\" \/>\n<link rel=\"canonical\" href=\"https:\/\/riss.w.uib.no\/en\/redaksjonen\/\" \/>\n<meta property=\"og:locale\" content=\"en_US\" \/>\n<meta property=\"og:type\" content=\"article\" \/>\n<meta property=\"og:title\" content=\"Redaksjonen -\" \/>\n<meta property=\"og:description\" content=\"RISS-redaksjonen 2026 best\u00e5r av: Verv: Korrekturlesere: Designgruppen: Korrespondanse og planlegging: Tidligere redaksjonsmedlemmer:\" \/>\n<meta property=\"og:url\" content=\"https:\/\/riss.w.uib.no\/en\/redaksjonen\/\" \/>\n<meta property=\"article:publisher\" content=\"https:\/\/www.facebook.com\/RISSUiB\" \/>\n<meta property=\"article:modified_time\" content=\"2026-03-26T16:17:09+00:00\" \/>\n<meta name=\"twitter:card\" content=\"summary_large_image\" \/>\n<meta name=\"twitter:label1\" content=\"Est. reading time\" \/>\n\t<meta name=\"twitter:data1\" content=\"3 minutes\" \/>\n<script type=\"application\/ld+json\" class=\"yoast-schema-graph\">{\"@context\":\"https:\\\/\\\/schema.org\",\"@graph\":[{\"@type\":\"WebPage\",\"@id\":\"https:\\\/\\\/riss.w.uib.no\\\/redaksjonen\\\/\",\"url\":\"https:\\\/\\\/riss.w.uib.no\\\/redaksjonen\\\/\",\"name\":\"Redaksjonen -\",\"isPartOf\":{\"@id\":\"https:\\\/\\\/riss.w.uib.no\\\/#website\"},\"datePublished\":\"2007-04-28T10:57:03+00:00\",\"dateModified\":\"2026-03-26T16:17:09+00:00\",\"breadcrumb\":{\"@id\":\"https:\\\/\\\/riss.w.uib.no\\\/redaksjonen\\\/#breadcrumb\"},\"inLanguage\":\"en-US\",\"potentialAction\":[{\"@type\":\"ReadAction\",\"target\":[\"https:\\\/\\\/riss.w.uib.no\\\/redaksjonen\\\/\"]}]},{\"@type\":\"BreadcrumbList\",\"@id\":\"https:\\\/\\\/riss.w.uib.no\\\/redaksjonen\\\/#breadcrumb\",\"itemListElement\":[{\"@type\":\"ListItem\",\"position\":1,\"name\":\"Hjem\",\"item\":\"https:\\\/\\\/riss.w.uib.no\\\/\"},{\"@type\":\"ListItem\",\"position\":2,\"name\":\"Redaksjonen\"}]},{\"@type\":\"WebSite\",\"@id\":\"https:\\\/\\\/riss.w.uib.no\\\/#website\",\"url\":\"https:\\\/\\\/riss.w.uib.no\\\/\",\"name\":\"RISS \u2013 Et arkeologisk tidsskrift\",\"description\":\"Et arkeologisk tidsskrift\",\"publisher\":{\"@id\":\"https:\\\/\\\/riss.w.uib.no\\\/#organization\"},\"potentialAction\":[{\"@type\":\"SearchAction\",\"target\":{\"@type\":\"EntryPoint\",\"urlTemplate\":\"https:\\\/\\\/riss.w.uib.no\\\/?s={search_term_string}\"},\"query-input\":{\"@type\":\"PropertyValueSpecification\",\"valueRequired\":true,\"valueName\":\"search_term_string\"}}],\"inLanguage\":\"en-US\"},{\"@type\":\"Organization\",\"@id\":\"https:\\\/\\\/riss.w.uib.no\\\/#organization\",\"name\":\"RISS \u2013 Et arkeologisk tidsskrift\",\"alternateName\":\"Riss\",\"url\":\"https:\\\/\\\/riss.w.uib.no\\\/\",\"logo\":{\"@type\":\"ImageObject\",\"inLanguage\":\"en-US\",\"@id\":\"https:\\\/\\\/riss.w.uib.no\\\/#\\\/schema\\\/logo\\\/image\\\/\",\"url\":\"https:\\\/\\\/riss.w.uib.no\\\/files\\\/2022\\\/05\\\/cropped-RISS-logo.png\",\"contentUrl\":\"https:\\\/\\\/riss.w.uib.no\\\/files\\\/2022\\\/05\\\/cropped-RISS-logo.png\",\"width\":1719,\"height\":603,\"caption\":\"RISS \u2013 Et arkeologisk tidsskrift\"},\"image\":{\"@id\":\"https:\\\/\\\/riss.w.uib.no\\\/#\\\/schema\\\/logo\\\/image\\\/\"},\"sameAs\":[\"https:\\\/\\\/www.facebook.com\\\/RISSUiB\",\"https:\\\/\\\/www.instagram.com\\\/riss_uib\\\/\"]}]}<\/script>\n<!-- \/ Yoast SEO plugin. -->","yoast_head_json":{"title":"Redaksjonen -","robots":{"index":"index","follow":"follow","max-snippet":"max-snippet:-1","max-image-preview":"max-image-preview:large","max-video-preview":"max-video-preview:-1"},"canonical":"https:\/\/riss.w.uib.no\/en\/redaksjonen\/","og_locale":"en_US","og_type":"article","og_title":"Redaksjonen -","og_description":"RISS-redaksjonen 2026 best\u00e5r av: Verv: Korrekturlesere: Designgruppen: Korrespondanse og planlegging: Tidligere redaksjonsmedlemmer:","og_url":"https:\/\/riss.w.uib.no\/en\/redaksjonen\/","article_publisher":"https:\/\/www.facebook.com\/RISSUiB","article_modified_time":"2026-03-26T16:17:09+00:00","twitter_card":"summary_large_image","twitter_misc":{"Est. reading time":"3 minutes"},"schema":{"@context":"https:\/\/schema.org","@graph":[{"@type":"WebPage","@id":"https:\/\/riss.w.uib.no\/redaksjonen\/","url":"https:\/\/riss.w.uib.no\/redaksjonen\/","name":"Redaksjonen -","isPartOf":{"@id":"https:\/\/riss.w.uib.no\/#website"},"datePublished":"2007-04-28T10:57:03+00:00","dateModified":"2026-03-26T16:17:09+00:00","breadcrumb":{"@id":"https:\/\/riss.w.uib.no\/redaksjonen\/#breadcrumb"},"inLanguage":"en-US","potentialAction":[{"@type":"ReadAction","target":["https:\/\/riss.w.uib.no\/redaksjonen\/"]}]},{"@type":"BreadcrumbList","@id":"https:\/\/riss.w.uib.no\/redaksjonen\/#breadcrumb","itemListElement":[{"@type":"ListItem","position":1,"name":"Hjem","item":"https:\/\/riss.w.uib.no\/"},{"@type":"ListItem","position":2,"name":"Redaksjonen"}]},{"@type":"WebSite","@id":"https:\/\/riss.w.uib.no\/#website","url":"https:\/\/riss.w.uib.no\/","name":"RISS \u2013 Et arkeologisk tidsskrift","description":"An Archaeological Journal","publisher":{"@id":"https:\/\/riss.w.uib.no\/#organization"},"potentialAction":[{"@type":"SearchAction","target":{"@type":"EntryPoint","urlTemplate":"https:\/\/riss.w.uib.no\/?s={search_term_string}"},"query-input":{"@type":"PropertyValueSpecification","valueRequired":true,"valueName":"search_term_string"}}],"inLanguage":"en-US"},{"@type":"Organization","@id":"https:\/\/riss.w.uib.no\/#organization","name":"RISS \u2013 Et arkeologisk tidsskrift","alternateName":"Riss","url":"https:\/\/riss.w.uib.no\/","logo":{"@type":"ImageObject","inLanguage":"en-US","@id":"https:\/\/riss.w.uib.no\/#\/schema\/logo\/image\/","url":"https:\/\/riss.w.uib.no\/files\/2022\/05\/cropped-RISS-logo.png","contentUrl":"https:\/\/riss.w.uib.no\/files\/2022\/05\/cropped-RISS-logo.png","width":1719,"height":603,"caption":"RISS \u2013 Et arkeologisk tidsskrift"},"image":{"@id":"https:\/\/riss.w.uib.no\/#\/schema\/logo\/image\/"},"sameAs":["https:\/\/www.facebook.com\/RISSUiB","https:\/\/www.instagram.com\/riss_uib\/"]}]}},"_links":{"self":[{"href":"https:\/\/riss.w.uib.no\/en\/wp-json\/wp\/v2\/pages\/12","targetHints":{"allow":["GET"]}}],"collection":[{"href":"https:\/\/riss.w.uib.no\/en\/wp-json\/wp\/v2\/pages"}],"about":[{"href":"https:\/\/riss.w.uib.no\/en\/wp-json\/wp\/v2\/types\/page"}],"author":[{"embeddable":true,"href":"https:\/\/riss.w.uib.no\/en\/wp-json\/wp\/v2\/users\/337"}],"replies":[{"embeddable":true,"href":"https:\/\/riss.w.uib.no\/en\/wp-json\/wp\/v2\/comments?post=12"}],"version-history":[{"count":134,"href":"https:\/\/riss.w.uib.no\/en\/wp-json\/wp\/v2\/pages\/12\/revisions"}],"predecessor-version":[{"id":1705,"href":"https:\/\/riss.w.uib.no\/en\/wp-json\/wp\/v2\/pages\/12\/revisions\/1705"}],"wp:attachment":[{"href":"https:\/\/riss.w.uib.no\/en\/wp-json\/wp\/v2\/media?parent=12"}],"curies":[{"name":"wp","href":"https:\/\/api.w.org\/{rel}","templated":true}]}}