{"id":1269,"date":"2025-02-06T22:03:17","date_gmt":"2025-02-06T21:03:17","guid":{"rendered":"https:\/\/riss.w.uib.no\/?page_id=1269"},"modified":"2025-09-15T21:21:32","modified_gmt":"2025-09-15T19:21:32","slug":"aksel-teigen-breistrand","status":"publish","type":"page","link":"https:\/\/riss.w.uib.no\/en\/aksel-teigen-breistrand\/","title":{"rendered":"Aksel Teigen Breistrand"},"content":{"rendered":"<p style=\"text-align: justify\"><img loading=\"lazy\" decoding=\"async\" class=\"size-medium wp-image-1274 alignright\" src=\"https:\/\/riss.w.uib.no\/files\/2025\/02\/20220727_104453-225x300.jpg\" alt=\"\" width=\"225\" height=\"300\" srcset=\"https:\/\/riss.w.uib.no\/files\/2025\/02\/20220727_104453-225x300.jpg 225w, https:\/\/riss.w.uib.no\/files\/2025\/02\/20220727_104453-769x1024.jpg 769w, https:\/\/riss.w.uib.no\/files\/2025\/02\/20220727_104453-768x1023.jpg 768w, https:\/\/riss.w.uib.no\/files\/2025\/02\/20220727_104453-750x999.jpg 750w, https:\/\/riss.w.uib.no\/files\/2025\/02\/20220727_104453.jpg 874w\" sizes=\"auto, (max-width: 225px) 100vw, 225px\" \/>Aksel Teigen Breistrand was the editor of RISS from 2021 to 2022. Aksel completed his master\u2019s degree at the University of Bergen (UiB) in 2023 and has specialized in Mediterranean archaeology, with a primary focus on Roman urban architecture. Today, he works as a field archaeologist, primarily in Italy. As an archaeology student at UiB, Aksel felt the absence of a clear student community with an academic focus and wanted a platform where like-minded students could discuss their field and work critically with texts. He gathered a team and revived RISS, which had been dormant for five years. In the beginning, there was a steep learning curve with plenty of trial and error, but by the end of his tenure as editor, he and the editorial team had established a foundation for RISS to build upon. Aksel\u2019s goal as editor was to create a space where archaeology students could come together and develop their academic and textual skills through editorial work. He was also particularly focused on academic quality and aimed to include both Norwegian and international contributions, while ensuring that RISS offered publication opportunities for students.<\/p>\n<h3>Issues edited by Aksel Teigen Breistrand:<\/h3>\n<ul>\n<li><a href=\"https:\/\/riss.w.uib.no\/en\/tidligere-utgaver\/riss-2021-nr-1-gjenfodelse\/\">RISS 2022 nr. 1 \u00abRebirth\u00bb<\/a><\/li>\n<li><a href=\"https:\/\/riss.w.uib.no\/en\/tidligere-utgaver\/riss-2022-nr-2-morke-kapitler\/\">RISS 2022 nr. 2 \u00abDark chapters\u00bb<\/a><\/li>\n<\/ul>","protected":false},"excerpt":{"rendered":"<p>Aksel Teigen Breistrand var redakt\u00f8r for RISS fra 2021 til 2022. Aksel leverte mastergrad p\u00e5 UiB i 2023, og har spesialisert seg p\u00e5 middelhavsarkeologi, med hovedfokus p\u00e5 romersk urban arkitektur. Han jobber i dag som feltarkeolog, hovedsakelig i Italia. Som arkeologistudent p\u00e5 UiB savnet Aksel et tydelig studentmilj\u00f8 med faglig fokus, og ville ha en&hellip;<a href=\"https:\/\/riss.w.uib.no\/en\/aksel-teigen-breistrand\/\" class=\"more-link\">Continue reading <span class=\"screen-reader-text\">Aksel Teigen Breistrand<\/span><\/a><\/p>","protected":false},"author":337,"featured_media":0,"parent":0,"menu_order":0,"comment_status":"closed","ping_status":"closed","template":"","meta":{"footnotes":""},"class_list":["post-1269","page","type-page","status-publish","hentry"],"yoast_head":"<!-- This site is optimized with the Yoast SEO plugin v27.5 - https:\/\/yoast.com\/product\/yoast-seo-wordpress\/ -->\n<title>Aksel Teigen Breistrand -<\/title>\n<meta name=\"robots\" content=\"index, follow, max-snippet:-1, max-image-preview:large, max-video-preview:-1\" \/>\n<link rel=\"canonical\" href=\"https:\/\/riss.w.uib.no\/en\/aksel-teigen-breistrand\/\" \/>\n<meta property=\"og:locale\" content=\"en_US\" \/>\n<meta property=\"og:type\" content=\"article\" \/>\n<meta property=\"og:title\" content=\"Aksel Teigen Breistrand -\" \/>\n<meta property=\"og:description\" content=\"Aksel Teigen Breistrand var redakt\u00f8r for RISS fra 2021 til 2022. Aksel leverte mastergrad p\u00e5 UiB i 2023, og har spesialisert seg p\u00e5 middelhavsarkeologi, med hovedfokus p\u00e5 romersk urban arkitektur. Han jobber i dag som feltarkeolog, hovedsakelig i Italia. Som arkeologistudent p\u00e5 UiB savnet Aksel et tydelig studentmilj\u00f8 med faglig fokus, og ville ha en&hellip;Continue reading Aksel Teigen Breistrand\" \/>\n<meta property=\"og:url\" content=\"https:\/\/riss.w.uib.no\/en\/aksel-teigen-breistrand\/\" \/>\n<meta property=\"article:publisher\" content=\"https:\/\/www.facebook.com\/RISSUiB\" \/>\n<meta property=\"article:modified_time\" content=\"2025-09-15T19:21:32+00:00\" \/>\n<meta property=\"og:image\" content=\"https:\/\/riss.w.uib.no\/files\/2025\/02\/20220727_104453.jpg\" \/>\n\t<meta property=\"og:image:width\" content=\"874\" \/>\n\t<meta property=\"og:image:height\" content=\"1164\" \/>\n\t<meta property=\"og:image:type\" content=\"image\/jpeg\" \/>\n<meta name=\"twitter:card\" content=\"summary_large_image\" \/>\n<meta name=\"twitter:label1\" content=\"Est. reading time\" \/>\n\t<meta name=\"twitter:data1\" content=\"2 minutes\" \/>\n<script type=\"application\/ld+json\" class=\"yoast-schema-graph\">{\"@context\":\"https:\\\/\\\/schema.org\",\"@graph\":[{\"@type\":\"WebPage\",\"@id\":\"https:\\\/\\\/riss.w.uib.no\\\/aksel-teigen-breistrand\\\/\",\"url\":\"https:\\\/\\\/riss.w.uib.no\\\/aksel-teigen-breistrand\\\/\",\"name\":\"Aksel Teigen Breistrand -\",\"isPartOf\":{\"@id\":\"https:\\\/\\\/riss.w.uib.no\\\/#website\"},\"primaryImageOfPage\":{\"@id\":\"https:\\\/\\\/riss.w.uib.no\\\/aksel-teigen-breistrand\\\/#primaryimage\"},\"image\":{\"@id\":\"https:\\\/\\\/riss.w.uib.no\\\/aksel-teigen-breistrand\\\/#primaryimage\"},\"thumbnailUrl\":\"https:\\\/\\\/riss.w.uib.no\\\/files\\\/2025\\\/02\\\/20220727_104453-225x300.jpg\",\"datePublished\":\"2025-02-06T21:03:17+00:00\",\"dateModified\":\"2025-09-15T19:21:32+00:00\",\"breadcrumb\":{\"@id\":\"https:\\\/\\\/riss.w.uib.no\\\/aksel-teigen-breistrand\\\/#breadcrumb\"},\"inLanguage\":\"en-US\",\"potentialAction\":[{\"@type\":\"ReadAction\",\"target\":[\"https:\\\/\\\/riss.w.uib.no\\\/aksel-teigen-breistrand\\\/\"]}]},{\"@type\":\"ImageObject\",\"inLanguage\":\"en-US\",\"@id\":\"https:\\\/\\\/riss.w.uib.no\\\/aksel-teigen-breistrand\\\/#primaryimage\",\"url\":\"https:\\\/\\\/riss.w.uib.no\\\/files\\\/2025\\\/02\\\/20220727_104453-225x300.jpg\",\"contentUrl\":\"https:\\\/\\\/riss.w.uib.no\\\/files\\\/2025\\\/02\\\/20220727_104453-225x300.jpg\"},{\"@type\":\"BreadcrumbList\",\"@id\":\"https:\\\/\\\/riss.w.uib.no\\\/aksel-teigen-breistrand\\\/#breadcrumb\",\"itemListElement\":[{\"@type\":\"ListItem\",\"position\":1,\"name\":\"Hjem\",\"item\":\"https:\\\/\\\/riss.w.uib.no\\\/\"},{\"@type\":\"ListItem\",\"position\":2,\"name\":\"Aksel Teigen Breistrand\"}]},{\"@type\":\"WebSite\",\"@id\":\"https:\\\/\\\/riss.w.uib.no\\\/#website\",\"url\":\"https:\\\/\\\/riss.w.uib.no\\\/\",\"name\":\"RISS \u2013 Et arkeologisk tidsskrift\",\"description\":\"Et arkeologisk tidsskrift\",\"publisher\":{\"@id\":\"https:\\\/\\\/riss.w.uib.no\\\/#organization\"},\"potentialAction\":[{\"@type\":\"SearchAction\",\"target\":{\"@type\":\"EntryPoint\",\"urlTemplate\":\"https:\\\/\\\/riss.w.uib.no\\\/?s={search_term_string}\"},\"query-input\":{\"@type\":\"PropertyValueSpecification\",\"valueRequired\":true,\"valueName\":\"search_term_string\"}}],\"inLanguage\":\"en-US\"},{\"@type\":\"Organization\",\"@id\":\"https:\\\/\\\/riss.w.uib.no\\\/#organization\",\"name\":\"RISS \u2013 Et arkeologisk tidsskrift\",\"alternateName\":\"Riss\",\"url\":\"https:\\\/\\\/riss.w.uib.no\\\/\",\"logo\":{\"@type\":\"ImageObject\",\"inLanguage\":\"en-US\",\"@id\":\"https:\\\/\\\/riss.w.uib.no\\\/#\\\/schema\\\/logo\\\/image\\\/\",\"url\":\"https:\\\/\\\/riss.w.uib.no\\\/files\\\/2022\\\/05\\\/cropped-RISS-logo.png\",\"contentUrl\":\"https:\\\/\\\/riss.w.uib.no\\\/files\\\/2022\\\/05\\\/cropped-RISS-logo.png\",\"width\":1719,\"height\":603,\"caption\":\"RISS \u2013 Et arkeologisk tidsskrift\"},\"image\":{\"@id\":\"https:\\\/\\\/riss.w.uib.no\\\/#\\\/schema\\\/logo\\\/image\\\/\"},\"sameAs\":[\"https:\\\/\\\/www.facebook.com\\\/RISSUiB\",\"https:\\\/\\\/www.instagram.com\\\/riss_uib\\\/\"]}]}<\/script>\n<!-- \/ Yoast SEO plugin. -->","yoast_head_json":{"title":"Aksel Teigen Breistrand -","robots":{"index":"index","follow":"follow","max-snippet":"max-snippet:-1","max-image-preview":"max-image-preview:large","max-video-preview":"max-video-preview:-1"},"canonical":"https:\/\/riss.w.uib.no\/en\/aksel-teigen-breistrand\/","og_locale":"en_US","og_type":"article","og_title":"Aksel Teigen Breistrand -","og_description":"Aksel Teigen Breistrand var redakt\u00f8r for RISS fra 2021 til 2022. Aksel leverte mastergrad p\u00e5 UiB i 2023, og har spesialisert seg p\u00e5 middelhavsarkeologi, med hovedfokus p\u00e5 romersk urban arkitektur. Han jobber i dag som feltarkeolog, hovedsakelig i Italia. Som arkeologistudent p\u00e5 UiB savnet Aksel et tydelig studentmilj\u00f8 med faglig fokus, og ville ha en&hellip;Continue reading Aksel Teigen Breistrand","og_url":"https:\/\/riss.w.uib.no\/en\/aksel-teigen-breistrand\/","article_publisher":"https:\/\/www.facebook.com\/RISSUiB","article_modified_time":"2025-09-15T19:21:32+00:00","og_image":[{"width":874,"height":1164,"url":"https:\/\/riss.w.uib.no\/files\/2025\/02\/20220727_104453.jpg","type":"image\/jpeg"}],"twitter_card":"summary_large_image","twitter_misc":{"Est. reading time":"2 minutes"},"schema":{"@context":"https:\/\/schema.org","@graph":[{"@type":"WebPage","@id":"https:\/\/riss.w.uib.no\/aksel-teigen-breistrand\/","url":"https:\/\/riss.w.uib.no\/aksel-teigen-breistrand\/","name":"Aksel Teigen Breistrand -","isPartOf":{"@id":"https:\/\/riss.w.uib.no\/#website"},"primaryImageOfPage":{"@id":"https:\/\/riss.w.uib.no\/aksel-teigen-breistrand\/#primaryimage"},"image":{"@id":"https:\/\/riss.w.uib.no\/aksel-teigen-breistrand\/#primaryimage"},"thumbnailUrl":"https:\/\/riss.w.uib.no\/files\/2025\/02\/20220727_104453-225x300.jpg","datePublished":"2025-02-06T21:03:17+00:00","dateModified":"2025-09-15T19:21:32+00:00","breadcrumb":{"@id":"https:\/\/riss.w.uib.no\/aksel-teigen-breistrand\/#breadcrumb"},"inLanguage":"en-US","potentialAction":[{"@type":"ReadAction","target":["https:\/\/riss.w.uib.no\/aksel-teigen-breistrand\/"]}]},{"@type":"ImageObject","inLanguage":"en-US","@id":"https:\/\/riss.w.uib.no\/aksel-teigen-breistrand\/#primaryimage","url":"https:\/\/riss.w.uib.no\/files\/2025\/02\/20220727_104453-225x300.jpg","contentUrl":"https:\/\/riss.w.uib.no\/files\/2025\/02\/20220727_104453-225x300.jpg"},{"@type":"BreadcrumbList","@id":"https:\/\/riss.w.uib.no\/aksel-teigen-breistrand\/#breadcrumb","itemListElement":[{"@type":"ListItem","position":1,"name":"Hjem","item":"https:\/\/riss.w.uib.no\/"},{"@type":"ListItem","position":2,"name":"Aksel Teigen Breistrand"}]},{"@type":"WebSite","@id":"https:\/\/riss.w.uib.no\/#website","url":"https:\/\/riss.w.uib.no\/","name":"RISS \u2013 Et arkeologisk tidsskrift","description":"An Archaeological Journal","publisher":{"@id":"https:\/\/riss.w.uib.no\/#organization"},"potentialAction":[{"@type":"SearchAction","target":{"@type":"EntryPoint","urlTemplate":"https:\/\/riss.w.uib.no\/?s={search_term_string}"},"query-input":{"@type":"PropertyValueSpecification","valueRequired":true,"valueName":"search_term_string"}}],"inLanguage":"en-US"},{"@type":"Organization","@id":"https:\/\/riss.w.uib.no\/#organization","name":"RISS \u2013 Et arkeologisk tidsskrift","alternateName":"Riss","url":"https:\/\/riss.w.uib.no\/","logo":{"@type":"ImageObject","inLanguage":"en-US","@id":"https:\/\/riss.w.uib.no\/#\/schema\/logo\/image\/","url":"https:\/\/riss.w.uib.no\/files\/2022\/05\/cropped-RISS-logo.png","contentUrl":"https:\/\/riss.w.uib.no\/files\/2022\/05\/cropped-RISS-logo.png","width":1719,"height":603,"caption":"RISS \u2013 Et arkeologisk tidsskrift"},"image":{"@id":"https:\/\/riss.w.uib.no\/#\/schema\/logo\/image\/"},"sameAs":["https:\/\/www.facebook.com\/RISSUiB","https:\/\/www.instagram.com\/riss_uib\/"]}]}},"_links":{"self":[{"href":"https:\/\/riss.w.uib.no\/en\/wp-json\/wp\/v2\/pages\/1269","targetHints":{"allow":["GET"]}}],"collection":[{"href":"https:\/\/riss.w.uib.no\/en\/wp-json\/wp\/v2\/pages"}],"about":[{"href":"https:\/\/riss.w.uib.no\/en\/wp-json\/wp\/v2\/types\/page"}],"author":[{"embeddable":true,"href":"https:\/\/riss.w.uib.no\/en\/wp-json\/wp\/v2\/users\/337"}],"replies":[{"embeddable":true,"href":"https:\/\/riss.w.uib.no\/en\/wp-json\/wp\/v2\/comments?post=1269"}],"version-history":[{"count":4,"href":"https:\/\/riss.w.uib.no\/en\/wp-json\/wp\/v2\/pages\/1269\/revisions"}],"predecessor-version":[{"id":1538,"href":"https:\/\/riss.w.uib.no\/en\/wp-json\/wp\/v2\/pages\/1269\/revisions\/1538"}],"wp:attachment":[{"href":"https:\/\/riss.w.uib.no\/en\/wp-json\/wp\/v2\/media?parent=1269"}],"curies":[{"name":"wp","href":"https:\/\/api.w.org\/{rel}","templated":true}]}}