{"id":1279,"date":"2025-02-12T11:09:08","date_gmt":"2025-02-12T10:09:08","guid":{"rendered":"https:\/\/riss.w.uib.no\/?page_id=1279"},"modified":"2025-09-15T22:38:11","modified_gmt":"2025-09-15T20:38:11","slug":"yrja-skjaerum","status":"publish","type":"page","link":"https:\/\/riss.w.uib.no\/en\/yrja-skjaerum\/","title":{"rendered":"Yrja Skj\u00e6rum"},"content":{"rendered":"<p style=\"text-align: justify\"><img loading=\"lazy\" decoding=\"async\" class=\"size-medium wp-image-1284 alignright\" src=\"https:\/\/riss.w.uib.no\/files\/2025\/02\/RISS-bildeyrja-200x300.jpg\" alt=\"\" width=\"200\" height=\"300\" srcset=\"https:\/\/riss.w.uib.no\/files\/2025\/02\/RISS-bildeyrja-200x300.jpg 200w, https:\/\/riss.w.uib.no\/files\/2025\/02\/RISS-bildeyrja-683x1024.jpg 683w, https:\/\/riss.w.uib.no\/files\/2025\/02\/RISS-bildeyrja-768x1152.jpg 768w, https:\/\/riss.w.uib.no\/files\/2025\/02\/RISS-bildeyrja-1024x1536.jpg 1024w, https:\/\/riss.w.uib.no\/files\/2025\/02\/RISS-bildeyrja-750x1125.jpg 750w, https:\/\/riss.w.uib.no\/files\/2025\/02\/RISS-bildeyrja.jpg 1242w\" sizes=\"auto, (max-width: 200px) 100vw, 200px\" \/>Yrja Skj\u00e6rum was the editor of RISS in 2023 and edited the journal\u2019s anniversary issue \u00abIdentity\u00bb, which at the time set a new record for the number of pages! In 2024, Yrja submitted her master\u2019s thesis at the University of Bergen (UiB), specializing in Stone Age rock art \u2014 specifically the Late Mesolithic rock art site Vingen in Bremanger municipality. Yrja has been interested in animals and depictions of animals in archaeology and is currently researching relationships between humans and animals in the past. Rock art has been a key focus of her academic interests, particularly the theoretical perspectives used to study it, including feminist and queer archaeological approaches. As an archaeology student at UiB, Yrja contributed to the student community through various roles in both Sk\u00e5lgropa and RISS. She was also the chair of the committee that organized the Norwegian Archaeological Student Conference (NASK) in 2023. She played a central role in student activism against the destruction of the landscape surrounding the Vingen rock art site. In RISS, Yrja was involved in significant recruitment efforts, helping the editorial team grow from just three to over twenty members after a particularly successful recruitment meeting. She also organized several successful launch parties for RISS, including the anniversary celebration featuring an exhibition showcasing RISS throughout the years. It was under Yrja\u2019s leadership that <em>the RISS pennants<\/em> first emerged. Additionally, Yrja contributed a variety of written works, including photo essays, articles, and anniversary texts.<\/p>\n<h3>Issue edited by Yrja Skj\u00e6rum:<\/h3>\n<ul>\n<li><a href=\"https:\/\/riss.w.uib.no\/en\/tidligere-utgaver\/riss-2023-nr-4-identitet\/\">RISS 2023 nr. 4 \u00abIdentity\u00bb<\/a><\/li>\n<\/ul>","protected":false},"excerpt":{"rendered":"<p>Yrja Skj\u00e6rum var redakt\u00f8r av RISS i 2023 og redigerte jubileumsnummeret \u00abIdentitet\u00bb som den gang satte ny rekord i antall sidetall! I 2024 leverte Yrja masteroppgaven sin p\u00e5 UiB, hvor hun spesialiserte seg innen bergkunst fra steinalderen \u2013 spesifikt det senmesolittiske bergkunstfeltet Vingen i Bremanger kommune. Yrja har interessert seg for dyr og avbildninger av&hellip;<a href=\"https:\/\/riss.w.uib.no\/en\/yrja-skjaerum\/\" class=\"more-link\">Continue reading <span class=\"screen-reader-text\">Yrja Skj\u00e6rum<\/span><\/a><\/p>","protected":false},"author":337,"featured_media":0,"parent":0,"menu_order":0,"comment_status":"closed","ping_status":"closed","template":"","meta":{"footnotes":""},"class_list":["post-1279","page","type-page","status-publish","hentry"],"yoast_head":"<!-- This site is optimized with the Yoast SEO plugin v27.4 - https:\/\/yoast.com\/product\/yoast-seo-wordpress\/ -->\n<title>Yrja Skj\u00e6rum -<\/title>\n<meta name=\"robots\" content=\"index, follow, max-snippet:-1, max-image-preview:large, max-video-preview:-1\" \/>\n<link rel=\"canonical\" href=\"https:\/\/riss.w.uib.no\/en\/yrja-skjaerum\/\" \/>\n<meta property=\"og:locale\" content=\"en_US\" \/>\n<meta property=\"og:type\" content=\"article\" \/>\n<meta property=\"og:title\" content=\"Yrja Skj\u00e6rum -\" \/>\n<meta property=\"og:description\" content=\"Yrja Skj\u00e6rum var redakt\u00f8r av RISS i 2023 og redigerte jubileumsnummeret \u00abIdentitet\u00bb som den gang satte ny rekord i antall sidetall! I 2024 leverte Yrja masteroppgaven sin p\u00e5 UiB, hvor hun spesialiserte seg innen bergkunst fra steinalderen \u2013 spesifikt det senmesolittiske bergkunstfeltet Vingen i Bremanger kommune. Yrja har interessert seg for dyr og avbildninger av&hellip;Continue reading Yrja Skj\u00e6rum\" \/>\n<meta property=\"og:url\" content=\"https:\/\/riss.w.uib.no\/en\/yrja-skjaerum\/\" \/>\n<meta property=\"article:publisher\" content=\"https:\/\/www.facebook.com\/RISSUiB\" \/>\n<meta property=\"article:modified_time\" content=\"2025-09-15T20:38:11+00:00\" \/>\n<meta property=\"og:image\" content=\"https:\/\/riss.w.uib.no\/files\/2025\/02\/RISS-bildeyrja.jpg\" \/>\n\t<meta property=\"og:image:width\" content=\"1242\" \/>\n\t<meta property=\"og:image:height\" content=\"1863\" \/>\n\t<meta property=\"og:image:type\" content=\"image\/jpeg\" \/>\n<meta name=\"twitter:card\" content=\"summary_large_image\" \/>\n<meta name=\"twitter:label1\" content=\"Est. reading time\" \/>\n\t<meta name=\"twitter:data1\" content=\"2 minutes\" \/>\n<script type=\"application\/ld+json\" class=\"yoast-schema-graph\">{\"@context\":\"https:\\\/\\\/schema.org\",\"@graph\":[{\"@type\":\"WebPage\",\"@id\":\"https:\\\/\\\/riss.w.uib.no\\\/yrja-skjaerum\\\/\",\"url\":\"https:\\\/\\\/riss.w.uib.no\\\/yrja-skjaerum\\\/\",\"name\":\"Yrja Skj\u00e6rum -\",\"isPartOf\":{\"@id\":\"https:\\\/\\\/riss.w.uib.no\\\/#website\"},\"primaryImageOfPage\":{\"@id\":\"https:\\\/\\\/riss.w.uib.no\\\/yrja-skjaerum\\\/#primaryimage\"},\"image\":{\"@id\":\"https:\\\/\\\/riss.w.uib.no\\\/yrja-skjaerum\\\/#primaryimage\"},\"thumbnailUrl\":\"https:\\\/\\\/riss.w.uib.no\\\/files\\\/2025\\\/02\\\/RISS-bildeyrja-200x300.jpg\",\"datePublished\":\"2025-02-12T10:09:08+00:00\",\"dateModified\":\"2025-09-15T20:38:11+00:00\",\"breadcrumb\":{\"@id\":\"https:\\\/\\\/riss.w.uib.no\\\/yrja-skjaerum\\\/#breadcrumb\"},\"inLanguage\":\"en-US\",\"potentialAction\":[{\"@type\":\"ReadAction\",\"target\":[\"https:\\\/\\\/riss.w.uib.no\\\/yrja-skjaerum\\\/\"]}]},{\"@type\":\"ImageObject\",\"inLanguage\":\"en-US\",\"@id\":\"https:\\\/\\\/riss.w.uib.no\\\/yrja-skjaerum\\\/#primaryimage\",\"url\":\"https:\\\/\\\/riss.w.uib.no\\\/files\\\/2025\\\/02\\\/RISS-bildeyrja-200x300.jpg\",\"contentUrl\":\"https:\\\/\\\/riss.w.uib.no\\\/files\\\/2025\\\/02\\\/RISS-bildeyrja-200x300.jpg\"},{\"@type\":\"BreadcrumbList\",\"@id\":\"https:\\\/\\\/riss.w.uib.no\\\/yrja-skjaerum\\\/#breadcrumb\",\"itemListElement\":[{\"@type\":\"ListItem\",\"position\":1,\"name\":\"Hjem\",\"item\":\"https:\\\/\\\/riss.w.uib.no\\\/\"},{\"@type\":\"ListItem\",\"position\":2,\"name\":\"Yrja Skj\u00e6rum\"}]},{\"@type\":\"WebSite\",\"@id\":\"https:\\\/\\\/riss.w.uib.no\\\/#website\",\"url\":\"https:\\\/\\\/riss.w.uib.no\\\/\",\"name\":\"RISS \u2013 Et arkeologisk tidsskrift\",\"description\":\"Et arkeologisk tidsskrift\",\"publisher\":{\"@id\":\"https:\\\/\\\/riss.w.uib.no\\\/#organization\"},\"potentialAction\":[{\"@type\":\"SearchAction\",\"target\":{\"@type\":\"EntryPoint\",\"urlTemplate\":\"https:\\\/\\\/riss.w.uib.no\\\/?s={search_term_string}\"},\"query-input\":{\"@type\":\"PropertyValueSpecification\",\"valueRequired\":true,\"valueName\":\"search_term_string\"}}],\"inLanguage\":\"en-US\"},{\"@type\":\"Organization\",\"@id\":\"https:\\\/\\\/riss.w.uib.no\\\/#organization\",\"name\":\"RISS \u2013 Et arkeologisk tidsskrift\",\"alternateName\":\"Riss\",\"url\":\"https:\\\/\\\/riss.w.uib.no\\\/\",\"logo\":{\"@type\":\"ImageObject\",\"inLanguage\":\"en-US\",\"@id\":\"https:\\\/\\\/riss.w.uib.no\\\/#\\\/schema\\\/logo\\\/image\\\/\",\"url\":\"https:\\\/\\\/riss.w.uib.no\\\/files\\\/2022\\\/05\\\/cropped-RISS-logo.png\",\"contentUrl\":\"https:\\\/\\\/riss.w.uib.no\\\/files\\\/2022\\\/05\\\/cropped-RISS-logo.png\",\"width\":1719,\"height\":603,\"caption\":\"RISS \u2013 Et arkeologisk tidsskrift\"},\"image\":{\"@id\":\"https:\\\/\\\/riss.w.uib.no\\\/#\\\/schema\\\/logo\\\/image\\\/\"},\"sameAs\":[\"https:\\\/\\\/www.facebook.com\\\/RISSUiB\",\"https:\\\/\\\/www.instagram.com\\\/riss_uib\\\/\"]}]}<\/script>\n<!-- \/ Yoast SEO plugin. -->","yoast_head_json":{"title":"Yrja Skj\u00e6rum -","robots":{"index":"index","follow":"follow","max-snippet":"max-snippet:-1","max-image-preview":"max-image-preview:large","max-video-preview":"max-video-preview:-1"},"canonical":"https:\/\/riss.w.uib.no\/en\/yrja-skjaerum\/","og_locale":"en_US","og_type":"article","og_title":"Yrja Skj\u00e6rum -","og_description":"Yrja Skj\u00e6rum var redakt\u00f8r av RISS i 2023 og redigerte jubileumsnummeret \u00abIdentitet\u00bb som den gang satte ny rekord i antall sidetall! I 2024 leverte Yrja masteroppgaven sin p\u00e5 UiB, hvor hun spesialiserte seg innen bergkunst fra steinalderen \u2013 spesifikt det senmesolittiske bergkunstfeltet Vingen i Bremanger kommune. Yrja har interessert seg for dyr og avbildninger av&hellip;Continue reading Yrja Skj\u00e6rum","og_url":"https:\/\/riss.w.uib.no\/en\/yrja-skjaerum\/","article_publisher":"https:\/\/www.facebook.com\/RISSUiB","article_modified_time":"2025-09-15T20:38:11+00:00","og_image":[{"width":1242,"height":1863,"url":"https:\/\/riss.w.uib.no\/files\/2025\/02\/RISS-bildeyrja.jpg","type":"image\/jpeg"}],"twitter_card":"summary_large_image","twitter_misc":{"Est. reading time":"2 minutes"},"schema":{"@context":"https:\/\/schema.org","@graph":[{"@type":"WebPage","@id":"https:\/\/riss.w.uib.no\/yrja-skjaerum\/","url":"https:\/\/riss.w.uib.no\/yrja-skjaerum\/","name":"Yrja Skj\u00e6rum -","isPartOf":{"@id":"https:\/\/riss.w.uib.no\/#website"},"primaryImageOfPage":{"@id":"https:\/\/riss.w.uib.no\/yrja-skjaerum\/#primaryimage"},"image":{"@id":"https:\/\/riss.w.uib.no\/yrja-skjaerum\/#primaryimage"},"thumbnailUrl":"https:\/\/riss.w.uib.no\/files\/2025\/02\/RISS-bildeyrja-200x300.jpg","datePublished":"2025-02-12T10:09:08+00:00","dateModified":"2025-09-15T20:38:11+00:00","breadcrumb":{"@id":"https:\/\/riss.w.uib.no\/yrja-skjaerum\/#breadcrumb"},"inLanguage":"en-US","potentialAction":[{"@type":"ReadAction","target":["https:\/\/riss.w.uib.no\/yrja-skjaerum\/"]}]},{"@type":"ImageObject","inLanguage":"en-US","@id":"https:\/\/riss.w.uib.no\/yrja-skjaerum\/#primaryimage","url":"https:\/\/riss.w.uib.no\/files\/2025\/02\/RISS-bildeyrja-200x300.jpg","contentUrl":"https:\/\/riss.w.uib.no\/files\/2025\/02\/RISS-bildeyrja-200x300.jpg"},{"@type":"BreadcrumbList","@id":"https:\/\/riss.w.uib.no\/yrja-skjaerum\/#breadcrumb","itemListElement":[{"@type":"ListItem","position":1,"name":"Hjem","item":"https:\/\/riss.w.uib.no\/"},{"@type":"ListItem","position":2,"name":"Yrja Skj\u00e6rum"}]},{"@type":"WebSite","@id":"https:\/\/riss.w.uib.no\/#website","url":"https:\/\/riss.w.uib.no\/","name":"RISS \u2013 Et arkeologisk tidsskrift","description":"An Archaeological Journal","publisher":{"@id":"https:\/\/riss.w.uib.no\/#organization"},"potentialAction":[{"@type":"SearchAction","target":{"@type":"EntryPoint","urlTemplate":"https:\/\/riss.w.uib.no\/?s={search_term_string}"},"query-input":{"@type":"PropertyValueSpecification","valueRequired":true,"valueName":"search_term_string"}}],"inLanguage":"en-US"},{"@type":"Organization","@id":"https:\/\/riss.w.uib.no\/#organization","name":"RISS \u2013 Et arkeologisk tidsskrift","alternateName":"Riss","url":"https:\/\/riss.w.uib.no\/","logo":{"@type":"ImageObject","inLanguage":"en-US","@id":"https:\/\/riss.w.uib.no\/#\/schema\/logo\/image\/","url":"https:\/\/riss.w.uib.no\/files\/2022\/05\/cropped-RISS-logo.png","contentUrl":"https:\/\/riss.w.uib.no\/files\/2022\/05\/cropped-RISS-logo.png","width":1719,"height":603,"caption":"RISS \u2013 Et arkeologisk tidsskrift"},"image":{"@id":"https:\/\/riss.w.uib.no\/#\/schema\/logo\/image\/"},"sameAs":["https:\/\/www.facebook.com\/RISSUiB","https:\/\/www.instagram.com\/riss_uib\/"]}]}},"_links":{"self":[{"href":"https:\/\/riss.w.uib.no\/en\/wp-json\/wp\/v2\/pages\/1279","targetHints":{"allow":["GET"]}}],"collection":[{"href":"https:\/\/riss.w.uib.no\/en\/wp-json\/wp\/v2\/pages"}],"about":[{"href":"https:\/\/riss.w.uib.no\/en\/wp-json\/wp\/v2\/types\/page"}],"author":[{"embeddable":true,"href":"https:\/\/riss.w.uib.no\/en\/wp-json\/wp\/v2\/users\/337"}],"replies":[{"embeddable":true,"href":"https:\/\/riss.w.uib.no\/en\/wp-json\/wp\/v2\/comments?post=1279"}],"version-history":[{"count":10,"href":"https:\/\/riss.w.uib.no\/en\/wp-json\/wp\/v2\/pages\/1279\/revisions"}],"predecessor-version":[{"id":1561,"href":"https:\/\/riss.w.uib.no\/en\/wp-json\/wp\/v2\/pages\/1279\/revisions\/1561"}],"wp:attachment":[{"href":"https:\/\/riss.w.uib.no\/en\/wp-json\/wp\/v2\/media?parent=1279"}],"curies":[{"name":"wp","href":"https:\/\/api.w.org\/{rel}","templated":true}]}}