{"id":1436,"date":"2025-06-04T18:08:20","date_gmt":"2025-06-04T16:08:20","guid":{"rendered":"https:\/\/riss.w.uib.no\/?page_id=1436"},"modified":"2026-02-09T12:49:25","modified_gmt":"2026-02-09T11:49:25","slug":"are-stoll","status":"publish","type":"page","link":"https:\/\/riss.w.uib.no\/en\/are-stoll\/","title":{"rendered":"Are Stoll"},"content":{"rendered":"<div class=\"wp-block-image wp-image-1473 size-medium\">\n<figure class=\"alignright\"><img loading=\"lazy\" decoding=\"async\" width=\"225\" height=\"300\" src=\"https:\/\/riss.w.uib.no\/files\/2025\/06\/IMG_20250604_184953-225x300.jpg\" alt=\"\" class=\"wp-image-1473\" srcset=\"https:\/\/riss.w.uib.no\/files\/2025\/06\/IMG_20250604_184953-225x300.jpg 225w, https:\/\/riss.w.uib.no\/files\/2025\/06\/IMG_20250604_184953-768x1024.jpg 768w, https:\/\/riss.w.uib.no\/files\/2025\/06\/IMG_20250604_184953-750x1000.jpg 750w, https:\/\/riss.w.uib.no\/files\/2025\/06\/IMG_20250604_184953.jpg 960w\" sizes=\"auto, (max-width: 225px) 100vw, 225px\" \/><figcaption class=\"wp-element-caption\">Photo: Dunja Stanojevi\u0107<\/figcaption><\/figure>\n<\/div>\n\n\n<p>Are Stoll (prev. Anika Stoll) has been the editor in chief of RISS since 2025. Under his leadership, RISS organized and activity-day as a part of the Medieval week at Bryggens museum for the first time. Agreements with the university libraries in Bergen and Stavanger were introduced because of his initiative. <\/p>\n\n\n\n<h3 class=\"wp-block-heading\">Issues edited by Are Stoll:<\/h3>\n\n\n\n<ul class=\"wp-block-list\">\n<li>RISS 2023 nr. 9 \u00abReise\u00bb<\/li>\n<\/ul>","protected":false},"excerpt":{"rendered":"<p>Are Stoll (tidl. Anika Stoll) har v\u00e6rt redakt\u00f8r for RISS siden 2025. Under hans ledelse organiserte RISS for f\u00f8rste gang en aktivitetsdag som del av Middelalderuken p\u00e5 Bryggens Museum. Avtaler med universitetsbibliotekene i Bergen og Stavanger ble innf\u00f8rt p\u00e5 grunn av Ares initiativ. Utgaver redigert av Are Stoll:<\/p>","protected":false},"author":337,"featured_media":0,"parent":0,"menu_order":0,"comment_status":"closed","ping_status":"closed","template":"","meta":{"footnotes":""},"class_list":["post-1436","page","type-page","status-publish","hentry"],"yoast_head":"<!-- This site is optimized with the Yoast SEO plugin v27.4 - https:\/\/yoast.com\/product\/yoast-seo-wordpress\/ -->\n<title>Are Stoll -<\/title>\n<meta name=\"robots\" content=\"index, follow, max-snippet:-1, max-image-preview:large, max-video-preview:-1\" \/>\n<link rel=\"canonical\" href=\"https:\/\/riss.w.uib.no\/en\/are-stoll\/\" \/>\n<meta property=\"og:locale\" content=\"en_US\" \/>\n<meta property=\"og:type\" content=\"article\" \/>\n<meta property=\"og:title\" content=\"Are Stoll -\" \/>\n<meta property=\"og:description\" content=\"Are Stoll (tidl. Anika Stoll) har v\u00e6rt redakt\u00f8r for RISS siden 2025. Under hans ledelse organiserte RISS for f\u00f8rste gang en aktivitetsdag som del av Middelalderuken p\u00e5 Bryggens Museum. Avtaler med universitetsbibliotekene i Bergen og Stavanger ble innf\u00f8rt p\u00e5 grunn av Ares initiativ. Utgaver redigert av Are Stoll:\" \/>\n<meta property=\"og:url\" content=\"https:\/\/riss.w.uib.no\/en\/are-stoll\/\" \/>\n<meta property=\"article:publisher\" content=\"https:\/\/www.facebook.com\/RISSUiB\" \/>\n<meta property=\"article:modified_time\" content=\"2026-02-09T11:49:25+00:00\" \/>\n<meta property=\"og:image\" content=\"https:\/\/riss.w.uib.no\/files\/2025\/06\/IMG_20250604_184953.jpg\" \/>\n\t<meta property=\"og:image:width\" content=\"960\" \/>\n\t<meta property=\"og:image:height\" content=\"1280\" \/>\n\t<meta property=\"og:image:type\" content=\"image\/jpeg\" \/>\n<meta name=\"twitter:card\" content=\"summary_large_image\" \/>\n<meta name=\"twitter:label1\" content=\"Est. reading time\" \/>\n\t<meta name=\"twitter:data1\" content=\"1 minute\" \/>\n<script type=\"application\/ld+json\" class=\"yoast-schema-graph\">{\"@context\":\"https:\\\/\\\/schema.org\",\"@graph\":[{\"@type\":\"WebPage\",\"@id\":\"https:\\\/\\\/riss.w.uib.no\\\/are-stoll\\\/\",\"url\":\"https:\\\/\\\/riss.w.uib.no\\\/are-stoll\\\/\",\"name\":\"Are Stoll -\",\"isPartOf\":{\"@id\":\"https:\\\/\\\/riss.w.uib.no\\\/#website\"},\"primaryImageOfPage\":{\"@id\":\"https:\\\/\\\/riss.w.uib.no\\\/are-stoll\\\/#primaryimage\"},\"image\":{\"@id\":\"https:\\\/\\\/riss.w.uib.no\\\/are-stoll\\\/#primaryimage\"},\"thumbnailUrl\":\"https:\\\/\\\/riss.w.uib.no\\\/files\\\/2025\\\/06\\\/IMG_20250604_184953-225x300.jpg\",\"datePublished\":\"2025-06-04T16:08:20+00:00\",\"dateModified\":\"2026-02-09T11:49:25+00:00\",\"breadcrumb\":{\"@id\":\"https:\\\/\\\/riss.w.uib.no\\\/are-stoll\\\/#breadcrumb\"},\"inLanguage\":\"en-US\",\"potentialAction\":[{\"@type\":\"ReadAction\",\"target\":[\"https:\\\/\\\/riss.w.uib.no\\\/are-stoll\\\/\"]}]},{\"@type\":\"ImageObject\",\"inLanguage\":\"en-US\",\"@id\":\"https:\\\/\\\/riss.w.uib.no\\\/are-stoll\\\/#primaryimage\",\"url\":\"https:\\\/\\\/riss.w.uib.no\\\/files\\\/2025\\\/06\\\/IMG_20250604_184953-225x300.jpg\",\"contentUrl\":\"https:\\\/\\\/riss.w.uib.no\\\/files\\\/2025\\\/06\\\/IMG_20250604_184953-225x300.jpg\"},{\"@type\":\"BreadcrumbList\",\"@id\":\"https:\\\/\\\/riss.w.uib.no\\\/are-stoll\\\/#breadcrumb\",\"itemListElement\":[{\"@type\":\"ListItem\",\"position\":1,\"name\":\"Hjem\",\"item\":\"https:\\\/\\\/riss.w.uib.no\\\/\"},{\"@type\":\"ListItem\",\"position\":2,\"name\":\"Are Stoll\"}]},{\"@type\":\"WebSite\",\"@id\":\"https:\\\/\\\/riss.w.uib.no\\\/#website\",\"url\":\"https:\\\/\\\/riss.w.uib.no\\\/\",\"name\":\"RISS \u2013 Et arkeologisk tidsskrift\",\"description\":\"Et arkeologisk tidsskrift\",\"publisher\":{\"@id\":\"https:\\\/\\\/riss.w.uib.no\\\/#organization\"},\"potentialAction\":[{\"@type\":\"SearchAction\",\"target\":{\"@type\":\"EntryPoint\",\"urlTemplate\":\"https:\\\/\\\/riss.w.uib.no\\\/?s={search_term_string}\"},\"query-input\":{\"@type\":\"PropertyValueSpecification\",\"valueRequired\":true,\"valueName\":\"search_term_string\"}}],\"inLanguage\":\"en-US\"},{\"@type\":\"Organization\",\"@id\":\"https:\\\/\\\/riss.w.uib.no\\\/#organization\",\"name\":\"RISS \u2013 Et arkeologisk tidsskrift\",\"alternateName\":\"Riss\",\"url\":\"https:\\\/\\\/riss.w.uib.no\\\/\",\"logo\":{\"@type\":\"ImageObject\",\"inLanguage\":\"en-US\",\"@id\":\"https:\\\/\\\/riss.w.uib.no\\\/#\\\/schema\\\/logo\\\/image\\\/\",\"url\":\"https:\\\/\\\/riss.w.uib.no\\\/files\\\/2022\\\/05\\\/cropped-RISS-logo.png\",\"contentUrl\":\"https:\\\/\\\/riss.w.uib.no\\\/files\\\/2022\\\/05\\\/cropped-RISS-logo.png\",\"width\":1719,\"height\":603,\"caption\":\"RISS \u2013 Et arkeologisk tidsskrift\"},\"image\":{\"@id\":\"https:\\\/\\\/riss.w.uib.no\\\/#\\\/schema\\\/logo\\\/image\\\/\"},\"sameAs\":[\"https:\\\/\\\/www.facebook.com\\\/RISSUiB\",\"https:\\\/\\\/www.instagram.com\\\/riss_uib\\\/\"]}]}<\/script>\n<!-- \/ Yoast SEO plugin. -->","yoast_head_json":{"title":"Are Stoll -","robots":{"index":"index","follow":"follow","max-snippet":"max-snippet:-1","max-image-preview":"max-image-preview:large","max-video-preview":"max-video-preview:-1"},"canonical":"https:\/\/riss.w.uib.no\/en\/are-stoll\/","og_locale":"en_US","og_type":"article","og_title":"Are Stoll -","og_description":"Are Stoll (tidl. Anika Stoll) har v\u00e6rt redakt\u00f8r for RISS siden 2025. Under hans ledelse organiserte RISS for f\u00f8rste gang en aktivitetsdag som del av Middelalderuken p\u00e5 Bryggens Museum. Avtaler med universitetsbibliotekene i Bergen og Stavanger ble innf\u00f8rt p\u00e5 grunn av Ares initiativ. Utgaver redigert av Are Stoll:","og_url":"https:\/\/riss.w.uib.no\/en\/are-stoll\/","article_publisher":"https:\/\/www.facebook.com\/RISSUiB","article_modified_time":"2026-02-09T11:49:25+00:00","og_image":[{"width":960,"height":1280,"url":"https:\/\/riss.w.uib.no\/files\/2025\/06\/IMG_20250604_184953.jpg","type":"image\/jpeg"}],"twitter_card":"summary_large_image","twitter_misc":{"Est. reading time":"1 minute"},"schema":{"@context":"https:\/\/schema.org","@graph":[{"@type":"WebPage","@id":"https:\/\/riss.w.uib.no\/are-stoll\/","url":"https:\/\/riss.w.uib.no\/are-stoll\/","name":"Are Stoll -","isPartOf":{"@id":"https:\/\/riss.w.uib.no\/#website"},"primaryImageOfPage":{"@id":"https:\/\/riss.w.uib.no\/are-stoll\/#primaryimage"},"image":{"@id":"https:\/\/riss.w.uib.no\/are-stoll\/#primaryimage"},"thumbnailUrl":"https:\/\/riss.w.uib.no\/files\/2025\/06\/IMG_20250604_184953-225x300.jpg","datePublished":"2025-06-04T16:08:20+00:00","dateModified":"2026-02-09T11:49:25+00:00","breadcrumb":{"@id":"https:\/\/riss.w.uib.no\/are-stoll\/#breadcrumb"},"inLanguage":"en-US","potentialAction":[{"@type":"ReadAction","target":["https:\/\/riss.w.uib.no\/are-stoll\/"]}]},{"@type":"ImageObject","inLanguage":"en-US","@id":"https:\/\/riss.w.uib.no\/are-stoll\/#primaryimage","url":"https:\/\/riss.w.uib.no\/files\/2025\/06\/IMG_20250604_184953-225x300.jpg","contentUrl":"https:\/\/riss.w.uib.no\/files\/2025\/06\/IMG_20250604_184953-225x300.jpg"},{"@type":"BreadcrumbList","@id":"https:\/\/riss.w.uib.no\/are-stoll\/#breadcrumb","itemListElement":[{"@type":"ListItem","position":1,"name":"Hjem","item":"https:\/\/riss.w.uib.no\/"},{"@type":"ListItem","position":2,"name":"Are Stoll"}]},{"@type":"WebSite","@id":"https:\/\/riss.w.uib.no\/#website","url":"https:\/\/riss.w.uib.no\/","name":"RISS \u2013 Et arkeologisk tidsskrift","description":"An Archaeological Journal","publisher":{"@id":"https:\/\/riss.w.uib.no\/#organization"},"potentialAction":[{"@type":"SearchAction","target":{"@type":"EntryPoint","urlTemplate":"https:\/\/riss.w.uib.no\/?s={search_term_string}"},"query-input":{"@type":"PropertyValueSpecification","valueRequired":true,"valueName":"search_term_string"}}],"inLanguage":"en-US"},{"@type":"Organization","@id":"https:\/\/riss.w.uib.no\/#organization","name":"RISS \u2013 Et arkeologisk tidsskrift","alternateName":"Riss","url":"https:\/\/riss.w.uib.no\/","logo":{"@type":"ImageObject","inLanguage":"en-US","@id":"https:\/\/riss.w.uib.no\/#\/schema\/logo\/image\/","url":"https:\/\/riss.w.uib.no\/files\/2022\/05\/cropped-RISS-logo.png","contentUrl":"https:\/\/riss.w.uib.no\/files\/2022\/05\/cropped-RISS-logo.png","width":1719,"height":603,"caption":"RISS \u2013 Et arkeologisk tidsskrift"},"image":{"@id":"https:\/\/riss.w.uib.no\/#\/schema\/logo\/image\/"},"sameAs":["https:\/\/www.facebook.com\/RISSUiB","https:\/\/www.instagram.com\/riss_uib\/"]}]}},"_links":{"self":[{"href":"https:\/\/riss.w.uib.no\/en\/wp-json\/wp\/v2\/pages\/1436","targetHints":{"allow":["GET"]}}],"collection":[{"href":"https:\/\/riss.w.uib.no\/en\/wp-json\/wp\/v2\/pages"}],"about":[{"href":"https:\/\/riss.w.uib.no\/en\/wp-json\/wp\/v2\/types\/page"}],"author":[{"embeddable":true,"href":"https:\/\/riss.w.uib.no\/en\/wp-json\/wp\/v2\/users\/337"}],"replies":[{"embeddable":true,"href":"https:\/\/riss.w.uib.no\/en\/wp-json\/wp\/v2\/comments?post=1436"}],"version-history":[{"count":11,"href":"https:\/\/riss.w.uib.no\/en\/wp-json\/wp\/v2\/pages\/1436\/revisions"}],"predecessor-version":[{"id":1680,"href":"https:\/\/riss.w.uib.no\/en\/wp-json\/wp\/v2\/pages\/1436\/revisions\/1680"}],"wp:attachment":[{"href":"https:\/\/riss.w.uib.no\/en\/wp-json\/wp\/v2\/media?parent=1436"}],"curies":[{"name":"wp","href":"https:\/\/api.w.org\/{rel}","templated":true}]}}