{"id":182,"date":"2010-11-18T23:28:37","date_gmt":"2010-11-18T22:28:37","guid":{"rendered":"http:\/\/riss.w.uib.no\/"},"modified":"2025-02-14T17:29:50","modified_gmt":"2025-02-14T16:29:50","slug":"nr-2-2010","status":"publish","type":"page","link":"https:\/\/riss.w.uib.no\/en\/tidligere-utgaver\/nr-2-2010\/","title":{"rendered":"RISS 2010 Nr. 2, \u00e5rgang 8"},"content":{"rendered":"<p>[:nb]<strong><a href=\"http:\/\/riss.w.uib.no\/files\/2010\/11\/forside.jpg\"><img loading=\"lazy\" decoding=\"async\" class=\"size-medium wp-image-175 alignright\" src=\"http:\/\/riss.w.uib.no\/files\/2010\/11\/forside-210x300.jpg\" alt=\"\" width=\"210\" height=\"300\" srcset=\"https:\/\/riss.w.uib.no\/files\/2010\/11\/forside-210x300.jpg 210w, https:\/\/riss.w.uib.no\/files\/2010\/11\/forside.jpg 445w\" sizes=\"auto, (max-width: 210px) 100vw, 210px\" \/><\/a><\/strong><\/p>\n<p><strong>Innhold:<\/strong><\/p>\n<p>Nils Anfinset: Fra tidlig jordbrukere til pastoralnormader<br \/>\nKaroline Hareide Breivik: Egypt &#8211; Gravkultus fr\u00e5 predynastisk tid til og med Det gamle riket<br \/>\nErik \u00d8stby: Sikyon \u2013 Tempelet i Aprikoslunden<br \/>\nYngve Thomassen Flognfeldt: Votivgaver i tidlige Greske Helligdommer i Tidlig Jernalder<br \/>\nKristian Reinfjord: Anstendig ved lov \u2013 Stolafremstillinger i tidleg<\/p>\n<p>&nbsp;<\/p>\n<p><em><strong>Nils Anfinset:<\/strong><\/em><strong> Fra tidlig jordbrukere til pastoralnormader<\/strong><\/p>\n<p>\u201d<em>Palmyrena: City, Hinterland and Caravan Trade between Orient and Occident<\/em>\u201d er et syrisk-norsk samarbeidsprosjekt om relasjonene mellom den antikke byen Palmyra og omr\u00e5dene utenfor. Palmyra er mest kjent for de storsl\u00e5tte ruinene fra romersk tid da byen en kort periode var relativt selvstendig og ble den viktigste byen i det \u00d8st-Romerske riket fordi den kontrollerte store deler av handelen. I dag er byen p\u00e5 UNESCO sin verdensarv liste, men det er f\u00e5 som har studert og forsket p\u00e5 hvilken rolle byen spilte i omr\u00e5dene utenfor bymuren. Dette prosjektet skal unders\u00f8ke relasjonene mellom byen\/oasen og opplandet utenfor hvor m\u00e5let er \u00e5 forst\u00e5 hvordan omr\u00e5dene utenfor har blitt benyttet til ulike tider b\u00e5de med hensyn til jordbruk, nomadisme, tilgang p\u00e5 vann, transport og forsvar. Prosjektet er delt inn i tre deler; den forhistoriske perioden fram til og med bronsealder, den historiske perioden fra jernalder opp til i dag inkludert de mest sentrale periodene romertid og islamsk tid, og den siste delen av prosjektet tar for seg Palmyra i en interregional sammenheng i antikken. Det spesielle med dette prosjektet er at dette prosjektet tar for seg hele tidsdybden i regionen, og p\u00e5 den m\u00e5ten f\u00e5r vi ogs\u00e5 innsikt i endringer i bruken av landskapet og resurssene over tid. I denne sammenheng skal vi bare ta for oss den forhistoriske delen og noen av de resultatene som er fremkommet til n\u00e5 fra de to f\u00f8rste sesongene i 2008 og 2009.<\/p>\n<p><strong><em>Karoline Hareide Breivik<\/em>: Egypt &#8211; Gravkultus fr\u00e5 predynastisk tid til og med Det gamle riket<\/strong><\/p>\n<p>I denne artikkelen skal eg ta for meg gravkultusen i Egypt med utgangspunkt i gravene og behandlinga av den d\u00f8de. Tidsrommet eg skal konsentrere meg om er overgangen til jordbruk og komplekse samfunn, alts\u00e5 gjennom predynastisk tid til og med Det gamle riket. Den predynastiske perioden strekk seg fr\u00e5 om lag 5000-3000 f.vt., medan den dynastiske startar rundt 3000 f.vt. og held fram til 2140 f.vt. Kva kan dekorasjonen av kroppen i predynastisk tid og dei noks\u00e5 overd\u00e5dige gravene i dynastisk tid fortelje arkeologar om dei d\u00f8de?<\/p>\n<p><strong><em>Erik \u00d8stby:<\/em> Sikyon \u2013 Tempelet i Aprikoslunden<\/strong><\/p>\n<p>For klassiske arkeologer er Hellas et dr\u00f8mmested \u00e5 arbeide, med en enorm rikdom p\u00e5 materiale og funnsteder fra h\u00f8yt utviklete kulturer i prehistorisk, klassisk og etterklassisk tid. Utenlandske arkeologer har deltatt i dette arbeidet helt siden tidlig p\u00e5 1800-tallet, for det meste i tilknytning til etablerte forskningsstasjoner, institutter, i Athen. Et slikt institutt har ogs\u00e5 Norge f\u00e5tt, s\u00e5 sent som 1989. Det er formelt godkjent av de greske myndighetene med rett til \u00e5 drive utgravninger og andre arkeologiske prosjekter, og norske arkeologer i Hellas arbeider n\u00e5 med dette instituttet som base.\u00a0Men det har forekommet ogs\u00e5 tidligere at norske arkeologer har f\u00e5tt adgang til \u00e5 arbeide med forskningsprosjekter i landet, i samarbeid med andre lands institutter eller med greske institusjoner og forskere. Et slikt prosjekt gikk av stabelen tidlig i 1980-\u00e5rene, i ruinene av den antikke byen Sikyon.<\/p>\n<p><em><strong>Yngve Thomassen Flognfeldt: <\/strong><\/em><strong>Votivgaver i tidlige Greske Helligdommer i Tidlig Jernalder<\/strong><\/p>\n<p>Greske helligdommer har over flere \u00e5rhundrer blitt unders\u00f8kt og diskutert ned til den minste detalj, men sv\u00e6rt lite har blitt gjort om de tidligste fasene. Dette har endret seg betraktelig de siste ti\u00e5rene spesielt i lys av nye utgravninger i flere helligdommer og ny forskning p\u00e5 tidligere utgravd materiale. I denne artikkelen vil jeg gj\u00f8re rede for votivgaver fra tidlig jernalder fra to helligdommer. \u00a0I denne artikkelen vil jeg gj\u00f8re rede for utviklingen av greske helligdommer under de tidligste fasene (ca 1050-700 f. Kr.). Ved hjelp av \u00e5 se n\u00e6rmere p\u00e5 votivgavene fra to helligdommer, Poseidon i Isthmia og Athene Alea i Tegea vil jeg belyse de tidlige helligdommenes funksjon og utvikling.<\/p>\n<p><em><strong>Kristian Reinfjord<\/strong><\/em><strong>: Anstendig ved lov \u2013 Stolafremstillinger i tidleg <\/strong><\/p>\n<p>Romas senrepublikanske borgerkriger (endt 30 f.Kr.) for\u00e5rsaket store skader p\u00e5 samfunnet, og i s\u00e6r da et forfall i byens moral. B\u00e5de i forhold til de tradisjonelle romerske dyder, famili\u00e6re verdier og det tidligere aksepterte samfunnshierarki var moralen svekket. Folketallet var ogs\u00e5 g\u00e5tt betraktelig ned. Hvis ikke barn ble f\u00f8dt under lovlige ekteskap ville ikke romerriket v\u00e6re i stand til \u00e5 reprodusere seg selv. Augustus satte derfor frem et fors\u00f8k p\u00e5 \u00e5 forbedre Romerrikets moral med direkte lover for spesifikke samfunnsaspekt. Loven <em>lex Iulia de matritandis ordinibus<\/em> av 18 f.Kr. var spesielt satt frem for \u00e5 oppfordre til ekteskap som var en forutsetning for produksjon av ektef\u00f8dte romerske borgere. Ekteskapet var i romersk sammenheng et partnerskap, hvis prim\u00e6re mening var \u00e5 sikre lovlige avkom, slik at eiendom, status og familiekvaliteter ble nedarvet gjennom generasjonene p\u00e5 lovlig og gyldig vis. Lex iulia omfattet ogs\u00e5 en regulering av kvinnesyn og m\u00e5tehold i forhold til senrepublikkens dekadanse. Den gifte romerske <em>matrona<\/em> ble idealet i de h\u00f8yere samfunnssjikt. Augustus\u2019 politiske program og ytringer kom ogs\u00e5 til uttrykk i den romerske kunst, og det hevdes her at kvinnedrakten Stola (Fig. 1) var med p\u00e5 \u00e5 uttrykke Augustus\u2019 lex Iulia i kraft av \u00e5 v\u00e6re symbol for den gifte kvinne (<em>matrona<\/em>). Kvinnekl\u00e6r har til alle tider v\u00e6rt knyttet til maktstrukturer og diskurs omkring slike, og artikkelen gir innblikk i hvordan lex iulia kan oppfattes i arkeologisk materiale fra tidlig keisertid, her eksemplifisert gjennom kvinneskulpturer med klesdrakten stola.<\/p>\n<p>&nbsp;<\/p>\n<p><b>Redaksjon:<\/b><\/p>\n<p><a href=\"https:\/\/riss.w.uib.no\/karoline-hareide-breivik\/\"><span style=\"font-weight: 400\">Karoline Hareide Breivik (red.)\u00a0<\/span><\/a><\/p>\n<p><span style=\"font-weight: 400\">Martha Kristine Lillest\u00f8l<\/span><\/p>\n<p><span style=\"font-weight: 400\">Anna Skaar<\/span><\/p>\n<p><span style=\"font-weight: 400\">Ann-Kristin Dahlberg<\/span><\/p>\n<p><span style=\"font-weight: 400\">Per Christian Burhol<\/span>[:en]<strong><a href=\"http:\/\/riss.w.uib.no\/files\/2010\/11\/forside.jpg\"><img loading=\"lazy\" decoding=\"async\" class=\"size-medium wp-image-175 alignright\" src=\"http:\/\/riss.w.uib.no\/files\/2010\/11\/forside-210x300.jpg\" alt=\"\" width=\"210\" height=\"300\" srcset=\"https:\/\/riss.w.uib.no\/files\/2010\/11\/forside-210x300.jpg 210w, https:\/\/riss.w.uib.no\/files\/2010\/11\/forside.jpg 445w\" sizes=\"auto, (max-width: 210px) 100vw, 210px\" \/><\/a><\/strong><\/p>\n<p><strong>Content:<\/strong><\/p>\n<p>Nils Anfinset: Fra tidlig jordbrukere til pastoralnormader<br \/>\nKaroline Hareide Breivik: Egypt &#8211; Gravkultus fr\u00e5 predynastisk tid til og med Det gamle riket<br \/>\nErik \u00d8stby: Sikyon \u2013 Tempelet i Aprikoslunden<br \/>\nYngve Thomassen Flognfeldt: Votivgaver i tidlige Greske Helligdommer i Tidlig Jernalder<br \/>\nKristian Reinfjord: Anstendig ved lov \u2013 Stolafremstillinger i tidleg<\/p>\n<p>&nbsp;<\/p>\n<p><b>Editorial staff:<\/b><\/p>\n<p><a href=\"https:\/\/riss.w.uib.no\/karoline-hareide-breivik\/\"><span style=\"font-weight: 400\">Karoline Hareide Breivik (red.)\u00a0<\/span><\/a><\/p>\n<p><span style=\"font-weight: 400\">Martha Kristine Lillest\u00f8l<\/span><\/p>\n<p><span style=\"font-weight: 400\">Anna Skaar<\/span><\/p>\n<p><span style=\"font-weight: 400\">Ann-Kristin Dahlberg<\/span><\/p>\n<p><span style=\"font-weight: 400\">Per Christian Burhol<\/span>[:]<\/p>\n","protected":false},"excerpt":{"rendered":"<p>[:nb] Innhold: Nils Anfinset: Fra tidlig jordbrukere til pastoralnormader Karoline Hareide Breivik: Egypt &#8211; Gravkultus fr\u00e5 predynastisk tid til og med Det gamle riket Erik \u00d8stby: Sikyon \u2013 Tempelet i Aprikoslunden Yngve Thomassen Flognfeldt: Votivgaver i tidlige Greske Helligdommer i Tidlig Jernalder Kristian Reinfjord: Anstendig ved lov \u2013 Stolafremstillinger i tidleg &nbsp; Nils Anfinset: Fra&hellip;<a href=\"https:\/\/riss.w.uib.no\/en\/tidligere-utgaver\/nr-2-2010\/\" class=\"more-link\">Continue reading <span class=\"screen-reader-text\">RISS 2010 Nr. 2, \u00e5rgang 8<\/span><\/a><\/p>\n","protected":false},"author":337,"featured_media":0,"parent":6,"menu_order":13,"comment_status":"closed","ping_status":"closed","template":"","meta":{"footnotes":""},"class_list":["post-182","page","type-page","status-publish","hentry"],"yoast_head":"<!-- This site is optimized with the Yoast SEO plugin v27.4 - https:\/\/yoast.com\/product\/yoast-seo-wordpress\/ -->\n<title>RISS 2010 Nr. 2, \u00e5rgang 8 -<\/title>\n<meta name=\"robots\" content=\"index, follow, max-snippet:-1, max-image-preview:large, max-video-preview:-1\" \/>\n<link rel=\"canonical\" href=\"https:\/\/riss.w.uib.no\/en\/tidligere-utgaver\/nr-2-2010\/\" \/>\n<meta property=\"og:locale\" content=\"en_US\" \/>\n<meta property=\"og:type\" content=\"article\" \/>\n<meta property=\"og:title\" content=\"RISS 2010 Nr. 2, \u00e5rgang 8 -\" \/>\n<meta property=\"og:description\" content=\"[:nb] Innhold: Nils Anfinset: Fra tidlig jordbrukere til pastoralnormader Karoline Hareide Breivik: Egypt &#8211; Gravkultus fr\u00e5 predynastisk tid til og med Det gamle riket Erik \u00d8stby: Sikyon \u2013 Tempelet i Aprikoslunden Yngve Thomassen Flognfeldt: Votivgaver i tidlige Greske Helligdommer i Tidlig Jernalder Kristian Reinfjord: Anstendig ved lov \u2013 Stolafremstillinger i tidleg &nbsp; Nils Anfinset: Fra&hellip;Continue reading RISS 2010 Nr. 2, \u00e5rgang 8\" \/>\n<meta property=\"og:url\" content=\"https:\/\/riss.w.uib.no\/en\/tidligere-utgaver\/nr-2-2010\/\" \/>\n<meta property=\"article:publisher\" content=\"https:\/\/www.facebook.com\/RISSUiB\" \/>\n<meta property=\"article:modified_time\" content=\"2025-02-14T16:29:50+00:00\" \/>\n<meta property=\"og:image\" content=\"https:\/\/riss.w.uib.no\/files\/2010\/11\/forside.jpg\" \/>\n\t<meta property=\"og:image:width\" content=\"445\" \/>\n\t<meta property=\"og:image:height\" content=\"633\" \/>\n\t<meta property=\"og:image:type\" content=\"image\/jpeg\" \/>\n<meta name=\"twitter:card\" content=\"summary_large_image\" \/>\n<meta name=\"twitter:label1\" content=\"Est. reading time\" \/>\n\t<meta name=\"twitter:data1\" content=\"6 minutes\" \/>\n<script type=\"application\/ld+json\" class=\"yoast-schema-graph\">{\"@context\":\"https:\\\/\\\/schema.org\",\"@graph\":[{\"@type\":\"WebPage\",\"@id\":\"https:\\\/\\\/riss.w.uib.no\\\/tidligere-utgaver\\\/nr-2-2010\\\/\",\"url\":\"https:\\\/\\\/riss.w.uib.no\\\/tidligere-utgaver\\\/nr-2-2010\\\/\",\"name\":\"RISS 2010 Nr. 2, \u00e5rgang 8 -\",\"isPartOf\":{\"@id\":\"https:\\\/\\\/riss.w.uib.no\\\/#website\"},\"primaryImageOfPage\":{\"@id\":\"https:\\\/\\\/riss.w.uib.no\\\/tidligere-utgaver\\\/nr-2-2010\\\/#primaryimage\"},\"image\":{\"@id\":\"https:\\\/\\\/riss.w.uib.no\\\/tidligere-utgaver\\\/nr-2-2010\\\/#primaryimage\"},\"thumbnailUrl\":\"http:\\\/\\\/riss.w.uib.no\\\/files\\\/2010\\\/11\\\/forside-210x300.jpg\",\"datePublished\":\"2010-11-18T22:28:37+00:00\",\"dateModified\":\"2025-02-14T16:29:50+00:00\",\"breadcrumb\":{\"@id\":\"https:\\\/\\\/riss.w.uib.no\\\/tidligere-utgaver\\\/nr-2-2010\\\/#breadcrumb\"},\"inLanguage\":\"en-US\",\"potentialAction\":[{\"@type\":\"ReadAction\",\"target\":[\"https:\\\/\\\/riss.w.uib.no\\\/tidligere-utgaver\\\/nr-2-2010\\\/\"]}]},{\"@type\":\"ImageObject\",\"inLanguage\":\"en-US\",\"@id\":\"https:\\\/\\\/riss.w.uib.no\\\/tidligere-utgaver\\\/nr-2-2010\\\/#primaryimage\",\"url\":\"http:\\\/\\\/riss.w.uib.no\\\/files\\\/2010\\\/11\\\/forside-210x300.jpg\",\"contentUrl\":\"http:\\\/\\\/riss.w.uib.no\\\/files\\\/2010\\\/11\\\/forside-210x300.jpg\"},{\"@type\":\"BreadcrumbList\",\"@id\":\"https:\\\/\\\/riss.w.uib.no\\\/tidligere-utgaver\\\/nr-2-2010\\\/#breadcrumb\",\"itemListElement\":[{\"@type\":\"ListItem\",\"position\":1,\"name\":\"Hjem\",\"item\":\"https:\\\/\\\/riss.w.uib.no\\\/\"},{\"@type\":\"ListItem\",\"position\":2,\"name\":\"Arkiv\",\"item\":\"https:\\\/\\\/riss.w.uib.no\\\/tidligere-utgaver\\\/\"},{\"@type\":\"ListItem\",\"position\":3,\"name\":\"RISS 2010 Nr. 2, \u00e5rgang 8\"}]},{\"@type\":\"WebSite\",\"@id\":\"https:\\\/\\\/riss.w.uib.no\\\/#website\",\"url\":\"https:\\\/\\\/riss.w.uib.no\\\/\",\"name\":\"RISS \u2013 Et arkeologisk tidsskrift\",\"description\":\"Et arkeologisk tidsskrift\",\"publisher\":{\"@id\":\"https:\\\/\\\/riss.w.uib.no\\\/#organization\"},\"potentialAction\":[{\"@type\":\"SearchAction\",\"target\":{\"@type\":\"EntryPoint\",\"urlTemplate\":\"https:\\\/\\\/riss.w.uib.no\\\/?s={search_term_string}\"},\"query-input\":{\"@type\":\"PropertyValueSpecification\",\"valueRequired\":true,\"valueName\":\"search_term_string\"}}],\"inLanguage\":\"en-US\"},{\"@type\":\"Organization\",\"@id\":\"https:\\\/\\\/riss.w.uib.no\\\/#organization\",\"name\":\"RISS \u2013 Et arkeologisk tidsskrift\",\"alternateName\":\"Riss\",\"url\":\"https:\\\/\\\/riss.w.uib.no\\\/\",\"logo\":{\"@type\":\"ImageObject\",\"inLanguage\":\"en-US\",\"@id\":\"https:\\\/\\\/riss.w.uib.no\\\/#\\\/schema\\\/logo\\\/image\\\/\",\"url\":\"https:\\\/\\\/riss.w.uib.no\\\/files\\\/2022\\\/05\\\/cropped-RISS-logo.png\",\"contentUrl\":\"https:\\\/\\\/riss.w.uib.no\\\/files\\\/2022\\\/05\\\/cropped-RISS-logo.png\",\"width\":1719,\"height\":603,\"caption\":\"RISS \u2013 Et arkeologisk tidsskrift\"},\"image\":{\"@id\":\"https:\\\/\\\/riss.w.uib.no\\\/#\\\/schema\\\/logo\\\/image\\\/\"},\"sameAs\":[\"https:\\\/\\\/www.facebook.com\\\/RISSUiB\",\"https:\\\/\\\/www.instagram.com\\\/riss_uib\\\/\"]}]}<\/script>\n<!-- \/ Yoast SEO plugin. -->","yoast_head_json":{"title":"RISS 2010 Nr. 2, \u00e5rgang 8 -","robots":{"index":"index","follow":"follow","max-snippet":"max-snippet:-1","max-image-preview":"max-image-preview:large","max-video-preview":"max-video-preview:-1"},"canonical":"https:\/\/riss.w.uib.no\/en\/tidligere-utgaver\/nr-2-2010\/","og_locale":"en_US","og_type":"article","og_title":"RISS 2010 Nr. 2, \u00e5rgang 8 -","og_description":"[:nb] Innhold: Nils Anfinset: Fra tidlig jordbrukere til pastoralnormader Karoline Hareide Breivik: Egypt &#8211; Gravkultus fr\u00e5 predynastisk tid til og med Det gamle riket Erik \u00d8stby: Sikyon \u2013 Tempelet i Aprikoslunden Yngve Thomassen Flognfeldt: Votivgaver i tidlige Greske Helligdommer i Tidlig Jernalder Kristian Reinfjord: Anstendig ved lov \u2013 Stolafremstillinger i tidleg &nbsp; Nils Anfinset: Fra&hellip;Continue reading RISS 2010 Nr. 2, \u00e5rgang 8","og_url":"https:\/\/riss.w.uib.no\/en\/tidligere-utgaver\/nr-2-2010\/","article_publisher":"https:\/\/www.facebook.com\/RISSUiB","article_modified_time":"2025-02-14T16:29:50+00:00","og_image":[{"width":445,"height":633,"url":"https:\/\/riss.w.uib.no\/files\/2010\/11\/forside.jpg","type":"image\/jpeg"}],"twitter_card":"summary_large_image","twitter_misc":{"Est. reading time":"6 minutes"},"schema":{"@context":"https:\/\/schema.org","@graph":[{"@type":"WebPage","@id":"https:\/\/riss.w.uib.no\/tidligere-utgaver\/nr-2-2010\/","url":"https:\/\/riss.w.uib.no\/tidligere-utgaver\/nr-2-2010\/","name":"RISS 2010 Nr. 2, \u00e5rgang 8 -","isPartOf":{"@id":"https:\/\/riss.w.uib.no\/#website"},"primaryImageOfPage":{"@id":"https:\/\/riss.w.uib.no\/tidligere-utgaver\/nr-2-2010\/#primaryimage"},"image":{"@id":"https:\/\/riss.w.uib.no\/tidligere-utgaver\/nr-2-2010\/#primaryimage"},"thumbnailUrl":"http:\/\/riss.w.uib.no\/files\/2010\/11\/forside-210x300.jpg","datePublished":"2010-11-18T22:28:37+00:00","dateModified":"2025-02-14T16:29:50+00:00","breadcrumb":{"@id":"https:\/\/riss.w.uib.no\/tidligere-utgaver\/nr-2-2010\/#breadcrumb"},"inLanguage":"en-US","potentialAction":[{"@type":"ReadAction","target":["https:\/\/riss.w.uib.no\/tidligere-utgaver\/nr-2-2010\/"]}]},{"@type":"ImageObject","inLanguage":"en-US","@id":"https:\/\/riss.w.uib.no\/tidligere-utgaver\/nr-2-2010\/#primaryimage","url":"http:\/\/riss.w.uib.no\/files\/2010\/11\/forside-210x300.jpg","contentUrl":"http:\/\/riss.w.uib.no\/files\/2010\/11\/forside-210x300.jpg"},{"@type":"BreadcrumbList","@id":"https:\/\/riss.w.uib.no\/tidligere-utgaver\/nr-2-2010\/#breadcrumb","itemListElement":[{"@type":"ListItem","position":1,"name":"Hjem","item":"https:\/\/riss.w.uib.no\/"},{"@type":"ListItem","position":2,"name":"Arkiv","item":"https:\/\/riss.w.uib.no\/tidligere-utgaver\/"},{"@type":"ListItem","position":3,"name":"RISS 2010 Nr. 2, \u00e5rgang 8"}]},{"@type":"WebSite","@id":"https:\/\/riss.w.uib.no\/#website","url":"https:\/\/riss.w.uib.no\/","name":"RISS \u2013 Et arkeologisk tidsskrift","description":"An Archaeological Journal","publisher":{"@id":"https:\/\/riss.w.uib.no\/#organization"},"potentialAction":[{"@type":"SearchAction","target":{"@type":"EntryPoint","urlTemplate":"https:\/\/riss.w.uib.no\/?s={search_term_string}"},"query-input":{"@type":"PropertyValueSpecification","valueRequired":true,"valueName":"search_term_string"}}],"inLanguage":"en-US"},{"@type":"Organization","@id":"https:\/\/riss.w.uib.no\/#organization","name":"RISS \u2013 Et arkeologisk tidsskrift","alternateName":"Riss","url":"https:\/\/riss.w.uib.no\/","logo":{"@type":"ImageObject","inLanguage":"en-US","@id":"https:\/\/riss.w.uib.no\/#\/schema\/logo\/image\/","url":"https:\/\/riss.w.uib.no\/files\/2022\/05\/cropped-RISS-logo.png","contentUrl":"https:\/\/riss.w.uib.no\/files\/2022\/05\/cropped-RISS-logo.png","width":1719,"height":603,"caption":"RISS \u2013 Et arkeologisk tidsskrift"},"image":{"@id":"https:\/\/riss.w.uib.no\/#\/schema\/logo\/image\/"},"sameAs":["https:\/\/www.facebook.com\/RISSUiB","https:\/\/www.instagram.com\/riss_uib\/"]}]}},"_links":{"self":[{"href":"https:\/\/riss.w.uib.no\/en\/wp-json\/wp\/v2\/pages\/182","targetHints":{"allow":["GET"]}}],"collection":[{"href":"https:\/\/riss.w.uib.no\/en\/wp-json\/wp\/v2\/pages"}],"about":[{"href":"https:\/\/riss.w.uib.no\/en\/wp-json\/wp\/v2\/types\/page"}],"author":[{"embeddable":true,"href":"https:\/\/riss.w.uib.no\/en\/wp-json\/wp\/v2\/users\/337"}],"replies":[{"embeddable":true,"href":"https:\/\/riss.w.uib.no\/en\/wp-json\/wp\/v2\/comments?post=182"}],"version-history":[{"count":14,"href":"https:\/\/riss.w.uib.no\/en\/wp-json\/wp\/v2\/pages\/182\/revisions"}],"predecessor-version":[{"id":1340,"href":"https:\/\/riss.w.uib.no\/en\/wp-json\/wp\/v2\/pages\/182\/revisions\/1340"}],"up":[{"embeddable":true,"href":"https:\/\/riss.w.uib.no\/en\/wp-json\/wp\/v2\/pages\/6"}],"wp:attachment":[{"href":"https:\/\/riss.w.uib.no\/en\/wp-json\/wp\/v2\/media?parent=182"}],"curies":[{"name":"wp","href":"https:\/\/api.w.org\/{rel}","templated":true}]}}