{"id":28,"date":"2008-02-15T20:04:26","date_gmt":"2008-02-15T19:04:26","guid":{"rendered":"http:\/\/riss.uib.no\/?page_id=26"},"modified":"2025-02-14T16:34:20","modified_gmt":"2025-02-14T15:34:20","slug":"26-2","status":"publish","type":"page","link":"https:\/\/riss.w.uib.no\/en\/tidligere-utgaver\/26-2\/","title":{"rendered":"RISS 2007 nr. 2, \u00e5rgang 5"},"content":{"rendered":"<p>[:nb]<\/p>\n<p align=\"left\"><img decoding=\"async\" id=\"image24\" class=\"alignright\" style=\"width: 196px;height: 280px\" title=\"RISS nr. 2 2007\" src=\"http:\/\/riss.w.uib.no\/files\/2008\/02\/riss_207.jpg\" alt=\"RISS nr. 2 2007\" align=\"left\" \/> <strong>Innhold:<\/strong><\/p>\n<p align=\"left\"><em>Robert Sandslett:<\/em> Neandertalere og det anatomisk moderne mennesket: Adferd, symbolikk og teknologi<br \/>\n<em>Rita Merete Letrud:<\/em>\u00a0Harriett Boyd Hawes &#8211; en kvinnelig pion\u00e9r<br \/>\n<em>Andr\u00e9 Nilsen:<\/em>\u00a0Typisk samisk? &#8211; Museumsgjenstander som identitetsb\u00e6rere<br \/>\n<em>Else Johansen Kleppe og Tor Arne Waraas:<\/em>\u00a0Vi arbeider med ny steinalderutstilling<br \/>\n<em>Svein-Erik Hauge:<\/em>\u00a0Romatur for masterstudentene 2007<br \/>\n<em>Anne Drageset og May-Helen Flatstrand:<\/em>\u00a0Debatt\u00a0og disko. Kontaktseminar 2007<\/p>\n<p align=\"left\"><strong>Neandertalere og det anatomisk moderne mennesket: Adferd, symbolikk og teknologi<\/strong><\/p>\n<p align=\"left\"><em>Robert Sandslett<\/em><br \/>\nOvergangen fra mellom- til senpaleolittikum 40 000- 35 000 BP, er\u00a0 en av de mest distinktive periodene i europeisk forhistorie. Denne overgangen sammenfaller i grove trekk med anatomisk moderne menneskers utbredelse i Europa, og neandertalernes forsvinning fra det arkeologiske materialet. Disse endringene blir derfor tradisjonelt tilskrevet Homo sapiens emigrasjon, og dermed fundementale forskjeller mellom neandertalernes og Homo sapiens adferd og teknologiske ferdigheter. Endringene som kan ses i det arkeologiske materialet ved overgangen til senpaleolittikum er av flere sentrale forskere blitt karakterisert som en \u201drevolusjon\u201d. Dette synet har i de senere \u00e5r blitt noe nyansert etter som det tilgjengelige empiriske materialet er utvidet, b\u00e5de i mengde og geografi.<\/p>\n<p align=\"left\"><strong>Harriett Boyd Hawes &#8211; en kvinnelig pion\u00e9r<\/strong><\/p>\n<p align=\"left\"><em>Rita Merete Letrud<\/em><br \/>\nHarriet Boyd Hawes er regnet som en pion\u00e9r innen arkeologien. Hun var f\u00f8rste kvinne til \u00e5 drive en utgravning p\u00e5 Kreta, og f\u00f8rste kvinne til \u00e5 snakke foran the Archaeological Institute of America. Hennes utgravning av bosetningen Gournia p\u00e5 Kreta er ansett som en av v\u00e5re viktigste funn fra den minoiske sivilisasjonen. Allikevel er dette et navn man sjelden h\u00f8rer. Da min masteroppgave skal dreie seg om nettopp Gournia, har jeg fattet interesse for denne noe uvanlige damen og mener hun fortjener litt omtale.<\/p>\n<p align=\"left\"><strong>Typisk samisk? &#8211; Museumsgjenstander som identitetsb\u00e6rere<\/strong><\/p>\n<p align=\"left\"><a href=\"https:\/\/riss.w.uib.no\/andre-nilsen\/\"><em>Andr\u00e9 Nilsen<\/em><\/a><br \/>\nSommeren 2007 bes\u00f8kte jeg en del museumsutstillinger i S\u00f8r-Norge som presenterer gjenstander fra samisk kultur og samfunnsliv. Slike utstillinger viser gjerne til det mange oppfatter som det \u201dtypisk samiske\u201d. I denne artikkelen bruker jeg min egen sj\u00f8samiske bakgrunn n\u00e5r jeg ser p\u00e5 hvordan den samiske utstillingen p\u00e5 Norsk Folkemuseum gj\u00f8r bruk av spesielle gjenstander som viser til en noks\u00e5 ensartet og homogen kultur. Dette eksempelet kan ogs\u00e5 v\u00e6re med p\u00e5 \u00e5 vise hvordan arkeologisk forskning har bidratt til denne oppfattningen.<\/p>\n<p align=\"left\"><strong>Vi arbeider med ny steinalderutstilling<\/strong><\/p>\n<p align=\"left\"><em>Else Johansen Kleppe og Tor Arne Waraas<\/em><br \/>\nBergen Museum er et universitetsmuseum og derfor plikter vi \u00e5 lage utstillinger som speiler forskningsstatus. En ny steinalderutstilling p\u00e5 et av landsdelsmuseene b\u00f8r vise nyere forskning og dens aktuelle forskningsomr\u00e5der. En utstilling vil imidlertid alltid v\u00e6re noe i etterkant i forhold til sin samtids forskningsstatus, men vi plikter \u00e5 v\u00e6re \u00e0 jour s\u00e5 langt det er mulig. Vi st\u00e5r overfor en oppgave hvor vi skal presentere et stort arkeologisk materiale p\u00e5 et forholdsvis lite areal. Det lokalet som den nye steinalderutstilling skal presenteres i er 82 m2.<\/p>\n<p align=\"left\"><strong>Romatur for masterstudentene 2007<\/strong><\/p>\n<p align=\"left\"><em>Svein-Erik Hauge<\/em><br \/>\n\u00c5rets studietur for masterstudenter i arkeologi ble lagt til den evige stad, Roma. I utgangspunktet var tanken at dette skulle v\u00e6re en sosial tur hvor de nylig innmatrikulerte masterstudentene skulle bli bedre kjent med dem som allerede har sittet p\u00e5 lesesalene et \u00e5r eller to, men av f\u00f8rstnevnte var det av ukjente grunner ingen som meldte seg p\u00e5. Vedkommende kan n\u00e5 angre stygt. Gruppen som dro bestod av ti studenter: Kim, Anja, Carina, May-Helen, Andr\u00e9, Torill, Rita, Camilla, Anne og Svein, og var under kyndig veiledning av professor i arkeologi, Erik \u00d8stby.<\/p>\n<p align=\"left\"><strong>Debatt\u00a0og disko. Kontaktseminar 2007<\/strong><\/p>\n<p align=\"left\"><em>Anne Drageset og May-Helen Flatstrand<\/em><br \/>\nFRA\u2019s (F\u00e6llesnordisk R\u00e5d for Ark\u00e6ologistuderende) kontaktseminar ble i 2007 avholdt i Nurmij\u00e4rvi, like utenfor Helsinki i Finland. Fra 29. oktober til 4. november m\u00f8ttes studenter fra Norge, Sverige, Danmark og Finland for \u00e5 diskutere temaet \u201dPopul\u00e6rarkeologi\u201d, og for \u00e5 knytte sosiale og faglige kontakter.<\/p>\n<p><b>Redaksjon:<\/b><\/p>\n<p><a href=\"https:\/\/riss.w.uib.no\/andre-nilsen\/\"><span style=\"font-weight: 400\">Andr\u00e9 Nilsen (red.)<\/span><\/a><\/p>\n<p><span style=\"font-weight: 400\">Anne Drageset<\/span><\/p>\n<p><span style=\"font-weight: 400\">Rita Merete Letrud<\/span><\/p>\n<p><span style=\"font-weight: 400\">Turid Hillestad Nel<\/span><\/p>\n<p><span style=\"font-weight: 400\">Bj\u00f8rnar S\u00e6b\u00f8,\u00a0<\/span><\/p>\n<p><span style=\"font-weight: 400\">Kim Thunheim<\/span><\/p>\n<p><span style=\"font-weight: 400\">Maryon Evelyn \u00d8sthus<\/span>[:en]<\/p>\n<p align=\"left\"><img decoding=\"async\" id=\"image24\" class=\"alignright\" style=\"width: 196px;height: 280px\" title=\"RISS nr. 2 2007\" src=\"http:\/\/riss.w.uib.no\/files\/2008\/02\/riss_207.jpg\" alt=\"RISS nr. 2 2007\" align=\"left\" \/> <strong>Innhold:<\/strong><\/p>\n<p align=\"left\"><em>Robert Sandslett:<\/em> Neandertalere og det anatomisk moderne mennesket: Adferd, symbolikk og teknologi<br \/>\n<em>Rita Merete Letrud:<\/em>\u00a0Harriett Boyd Hawes &#8211; en kvinnelig pion\u00e9r<br \/>\n<em>Andr\u00e9 Nilsen:<\/em>\u00a0Typisk samisk? &#8211; Museumsgjenstander som identitetsb\u00e6rere<br \/>\n<em>Else Johansen Kleppe og Tor Arne Waraas:<\/em>\u00a0Vi arbeider med ny steinalderutstilling<br \/>\n<em>Svein-Erik Hauge:<\/em>\u00a0Romatur for masterstudentene 2007<br \/>\n<em>Anne Drageset og May-Helen Flatstrand:<\/em>\u00a0Debatt\u00a0og disko. Kontaktseminar 2007<\/p>\n<p align=\"left\">\n<p align=\"left\"><strong>Neandertalere og det anatomisk moderne mennesket: Adferd, symbolikk og teknologi<\/strong><\/p>\n<p align=\"left\"><em>Robert Sandslett<\/em><br \/>\nOvergangen fra mellom- til senpaleolittikum 40 000- 35 000 BP, er\u00a0 en av de mest distinktive periodene i europeisk forhistorie. Denne overgangen sammenfaller i grove trekk med anatomisk moderne menneskers utbredelse i Europa, og neandertalernes forsvinning fra det arkeologiske materialet. Disse endringene blir derfor tradisjonelt tilskrevet Homo sapiens emigrasjon, og dermed fundementale forskjeller mellom neandertalernes og Homo sapiens adferd og teknologiske ferdigheter. Endringene som kan ses i det arkeologiske materialet ved overgangen til senpaleolittikum er av flere sentrale forskere blitt karakterisert som en \u201drevolusjon\u201d. Dette synet har i de senere \u00e5r blitt noe nyansert etter som det tilgjengelige empiriske materialet er utvidet, b\u00e5de i mengde og geografi.<\/p>\n<p align=\"left\"><strong>Harriett Boyd Hawes &#8211; en kvinnelig pion\u00e9r<\/strong><\/p>\n<p align=\"left\"><em>Rita Merete Letrud<\/em><br \/>\nHarriet Boyd Hawes er regnet som en pion\u00e9r innen arkeologien. Hun var f\u00f8rste kvinne til \u00e5 drive en utgravning p\u00e5 Kreta, og f\u00f8rste kvinne til \u00e5 snakke foran the Archaeological Institute of America. Hennes utgravning av bosetningen Gournia p\u00e5 Kreta er ansett som en av v\u00e5re viktigste funn fra den minoiske sivilisasjonen. Allikevel er dette et navn man sjelden h\u00f8rer. Da min masteroppgave skal dreie seg om nettopp Gournia, har jeg fattet interesse for denne noe uvanlige damen og mener hun fortjener litt omtale.<\/p>\n<p align=\"left\"><strong>Typisk samisk? &#8211; Museumsgjenstander som identitetsb\u00e6rere<\/strong><\/p>\n<p align=\"left\"><a href=\"https:\/\/riss.w.uib.no\/andre-nilsen\/\"><em>Andr\u00e9 Nilsen<\/em><\/a><br \/>\nSommeren 2007 bes\u00f8kte jeg en del museumsutstillinger i S\u00f8r-Norge som presenterer gjenstander fra samisk kultur og samfunnsliv. Slike utstillinger viser gjerne til det mange oppfatter som det \u201dtypisk samiske\u201d. I denne artikkelen bruker jeg min egen sj\u00f8samiske bakgrunn n\u00e5r jeg ser p\u00e5 hvordan den samiske utstillingen p\u00e5 Norsk Folkemuseum gj\u00f8r bruk av spesielle gjenstander som viser til en noks\u00e5 ensartet og homogen kultur. Dette eksempelet kan ogs\u00e5 v\u00e6re med p\u00e5 \u00e5 vise hvordan arkeologisk forskning har bidratt til denne oppfattningen.<\/p>\n<p align=\"left\"><strong>Vi arbeider med ny steinalderutstilling<\/strong><\/p>\n<p align=\"left\"><em>Else Johansen Kleppe og Tor Arne Waraas<\/em><br \/>\nBergen Museum er et universitetsmuseum og derfor plikter vi \u00e5 lage utstillinger som speiler forskningsstatus. En ny steinalderutstilling p\u00e5 et av landsdelsmuseene b\u00f8r vise nyere forskning og dens aktuelle forskningsomr\u00e5der. En utstilling vil imidlertid alltid v\u00e6re noe i etterkant i forhold til sin samtids forskningsstatus, men vi plikter \u00e5 v\u00e6re \u00e0 jour s\u00e5 langt det er mulig. Vi st\u00e5r overfor en oppgave hvor vi skal presentere et stort arkeologisk materiale p\u00e5 et forholdsvis lite areal. Det lokalet som den nye steinalderutstilling skal presenteres i er 82 m2.<\/p>\n<p align=\"left\"><strong>Romatur for masterstudentene 2007<\/strong><\/p>\n<p align=\"left\"><em>Svein-Erik Hauge<\/em><br \/>\n\u00c5rets studietur for masterstudenter i arkeologi ble lagt til den evige stad, Roma. I utgangspunktet var tanken at dette skulle v\u00e6re en sosial tur hvor de nylig innmatrikulerte masterstudentene skulle bli bedre kjent med dem som allerede har sittet p\u00e5 lesesalene et \u00e5r eller to, men av f\u00f8rstnevnte var det av ukjente grunner ingen som meldte seg p\u00e5. Vedkommende kan n\u00e5 angre stygt. Gruppen som dro bestod av ti studenter: Kim, Anja, Carina, May-Helen, Andr\u00e9, Torill, Rita, Camilla, Anne og Svein, og var under kyndig veiledning av professor i arkeologi, Erik \u00d8stby.<\/p>\n<p align=\"left\"><strong>Debatt\u00a0og disko. Kontaktseminar 2007<\/strong><\/p>\n<p align=\"left\"><em>Anne Drageset og May-Helen Flatstrand<\/em><br \/>\nFRA\u2019s (F\u00e6llesnordisk R\u00e5d for Ark\u00e6ologistuderende) kontaktseminar ble i 2007 avholdt i Nurmij\u00e4rvi, like utenfor Helsinki i Finland. Fra 29. oktober til 4. november m\u00f8ttes studenter fra Norge, Sverige, Danmark og Finland for \u00e5 diskutere temaet \u201dPopul\u00e6rarkeologi\u201d, og for \u00e5 knytte sosiale og faglige kontakter.<\/p>\n<p>&nbsp;<\/p>\n<p><b>Redaksjon:<\/b><\/p>\n<p><a href=\"https:\/\/riss.w.uib.no\/andre-nilsen\/\"><span style=\"font-weight: 400\">Andr\u00e9 Nilsen (red.)<\/span><\/a><\/p>\n<p><span style=\"font-weight: 400\">Anne Drageset<\/span><\/p>\n<p><span style=\"font-weight: 400\">Rita Merete Letrud<\/span><\/p>\n<p><span style=\"font-weight: 400\">Turid Hillestad Nel<\/span><\/p>\n<p><span style=\"font-weight: 400\">Bj\u00f8rnar S\u00e6b\u00f8\u00a0<\/span><\/p>\n<p><span style=\"font-weight: 400\">Kim Thunheim<\/span><\/p>\n<p><span style=\"font-weight: 400\">Maryon Evelyn \u00d8sthus<\/span>[:]<\/p>\n","protected":false},"excerpt":{"rendered":"<p>[:nb] Innhold: Robert Sandslett: Neandertalere og det anatomisk moderne mennesket: Adferd, symbolikk og teknologi Rita Merete Letrud:\u00a0Harriett Boyd Hawes &#8211; en kvinnelig pion\u00e9r Andr\u00e9 Nilsen:\u00a0Typisk samisk? &#8211; Museumsgjenstander som identitetsb\u00e6rere Else Johansen Kleppe og Tor Arne Waraas:\u00a0Vi arbeider med ny steinalderutstilling Svein-Erik Hauge:\u00a0Romatur for masterstudentene 2007 Anne Drageset og May-Helen Flatstrand:\u00a0Debatt\u00a0og disko. Kontaktseminar 2007 Neandertalere&hellip;<a href=\"https:\/\/riss.w.uib.no\/en\/tidligere-utgaver\/26-2\/\" class=\"more-link\">Continue reading <span class=\"screen-reader-text\">RISS 2007 nr. 2, \u00e5rgang 5<\/span><\/a><\/p>\n","protected":false},"author":337,"featured_media":0,"parent":6,"menu_order":9,"comment_status":"open","ping_status":"closed","template":"","meta":{"footnotes":""},"class_list":["post-28","page","type-page","status-publish","hentry"],"yoast_head":"<!-- This site is optimized with the Yoast SEO plugin v27.4 - https:\/\/yoast.com\/product\/yoast-seo-wordpress\/ -->\n<title>RISS 2007 nr. 2, \u00e5rgang 5 -<\/title>\n<meta name=\"robots\" content=\"index, follow, max-snippet:-1, max-image-preview:large, max-video-preview:-1\" \/>\n<link rel=\"canonical\" href=\"https:\/\/riss.w.uib.no\/en\/tidligere-utgaver\/26-2\/\" \/>\n<meta property=\"og:locale\" content=\"en_US\" \/>\n<meta property=\"og:type\" content=\"article\" \/>\n<meta property=\"og:title\" content=\"RISS 2007 nr. 2, \u00e5rgang 5 -\" \/>\n<meta property=\"og:description\" content=\"[:nb] Innhold: Robert Sandslett: Neandertalere og det anatomisk moderne mennesket: Adferd, symbolikk og teknologi Rita Merete Letrud:\u00a0Harriett Boyd Hawes &#8211; en kvinnelig pion\u00e9r Andr\u00e9 Nilsen:\u00a0Typisk samisk? &#8211; Museumsgjenstander som identitetsb\u00e6rere Else Johansen Kleppe og Tor Arne Waraas:\u00a0Vi arbeider med ny steinalderutstilling Svein-Erik Hauge:\u00a0Romatur for masterstudentene 2007 Anne Drageset og May-Helen Flatstrand:\u00a0Debatt\u00a0og disko. Kontaktseminar 2007 Neandertalere&hellip;Continue reading RISS 2007 nr. 2, \u00e5rgang 5\" \/>\n<meta property=\"og:url\" content=\"https:\/\/riss.w.uib.no\/en\/tidligere-utgaver\/26-2\/\" \/>\n<meta property=\"article:publisher\" content=\"https:\/\/www.facebook.com\/RISSUiB\" \/>\n<meta property=\"article:modified_time\" content=\"2025-02-14T15:34:20+00:00\" \/>\n<meta property=\"og:image\" content=\"http:\/\/riss.w.uib.no\/files\/2008\/02\/riss_207.jpg\" \/>\n<meta name=\"twitter:card\" content=\"summary_large_image\" \/>\n<meta name=\"twitter:label1\" content=\"Est. reading time\" \/>\n\t<meta name=\"twitter:data1\" content=\"4 minutes\" \/>\n<script type=\"application\/ld+json\" class=\"yoast-schema-graph\">{\"@context\":\"https:\\\/\\\/schema.org\",\"@graph\":[{\"@type\":\"WebPage\",\"@id\":\"https:\\\/\\\/riss.w.uib.no\\\/tidligere-utgaver\\\/26-2\\\/\",\"url\":\"https:\\\/\\\/riss.w.uib.no\\\/tidligere-utgaver\\\/26-2\\\/\",\"name\":\"RISS 2007 nr. 2, \u00e5rgang 5 -\",\"isPartOf\":{\"@id\":\"https:\\\/\\\/riss.w.uib.no\\\/#website\"},\"primaryImageOfPage\":{\"@id\":\"https:\\\/\\\/riss.w.uib.no\\\/tidligere-utgaver\\\/26-2\\\/#primaryimage\"},\"image\":{\"@id\":\"https:\\\/\\\/riss.w.uib.no\\\/tidligere-utgaver\\\/26-2\\\/#primaryimage\"},\"thumbnailUrl\":\"http:\\\/\\\/riss.w.uib.no\\\/files\\\/2008\\\/02\\\/riss_207.jpg\",\"datePublished\":\"2008-02-15T19:04:26+00:00\",\"dateModified\":\"2025-02-14T15:34:20+00:00\",\"breadcrumb\":{\"@id\":\"https:\\\/\\\/riss.w.uib.no\\\/tidligere-utgaver\\\/26-2\\\/#breadcrumb\"},\"inLanguage\":\"en-US\",\"potentialAction\":[{\"@type\":\"ReadAction\",\"target\":[\"https:\\\/\\\/riss.w.uib.no\\\/tidligere-utgaver\\\/26-2\\\/\"]}]},{\"@type\":\"ImageObject\",\"inLanguage\":\"en-US\",\"@id\":\"https:\\\/\\\/riss.w.uib.no\\\/tidligere-utgaver\\\/26-2\\\/#primaryimage\",\"url\":\"http:\\\/\\\/riss.w.uib.no\\\/files\\\/2008\\\/02\\\/riss_207.jpg\",\"contentUrl\":\"http:\\\/\\\/riss.w.uib.no\\\/files\\\/2008\\\/02\\\/riss_207.jpg\"},{\"@type\":\"BreadcrumbList\",\"@id\":\"https:\\\/\\\/riss.w.uib.no\\\/tidligere-utgaver\\\/26-2\\\/#breadcrumb\",\"itemListElement\":[{\"@type\":\"ListItem\",\"position\":1,\"name\":\"Hjem\",\"item\":\"https:\\\/\\\/riss.w.uib.no\\\/\"},{\"@type\":\"ListItem\",\"position\":2,\"name\":\"Arkiv\",\"item\":\"https:\\\/\\\/riss.w.uib.no\\\/tidligere-utgaver\\\/\"},{\"@type\":\"ListItem\",\"position\":3,\"name\":\"RISS 2007 nr. 2, \u00e5rgang 5\"}]},{\"@type\":\"WebSite\",\"@id\":\"https:\\\/\\\/riss.w.uib.no\\\/#website\",\"url\":\"https:\\\/\\\/riss.w.uib.no\\\/\",\"name\":\"RISS \u2013 Et arkeologisk tidsskrift\",\"description\":\"Et arkeologisk tidsskrift\",\"publisher\":{\"@id\":\"https:\\\/\\\/riss.w.uib.no\\\/#organization\"},\"potentialAction\":[{\"@type\":\"SearchAction\",\"target\":{\"@type\":\"EntryPoint\",\"urlTemplate\":\"https:\\\/\\\/riss.w.uib.no\\\/?s={search_term_string}\"},\"query-input\":{\"@type\":\"PropertyValueSpecification\",\"valueRequired\":true,\"valueName\":\"search_term_string\"}}],\"inLanguage\":\"en-US\"},{\"@type\":\"Organization\",\"@id\":\"https:\\\/\\\/riss.w.uib.no\\\/#organization\",\"name\":\"RISS \u2013 Et arkeologisk tidsskrift\",\"alternateName\":\"Riss\",\"url\":\"https:\\\/\\\/riss.w.uib.no\\\/\",\"logo\":{\"@type\":\"ImageObject\",\"inLanguage\":\"en-US\",\"@id\":\"https:\\\/\\\/riss.w.uib.no\\\/#\\\/schema\\\/logo\\\/image\\\/\",\"url\":\"https:\\\/\\\/riss.w.uib.no\\\/files\\\/2022\\\/05\\\/cropped-RISS-logo.png\",\"contentUrl\":\"https:\\\/\\\/riss.w.uib.no\\\/files\\\/2022\\\/05\\\/cropped-RISS-logo.png\",\"width\":1719,\"height\":603,\"caption\":\"RISS \u2013 Et arkeologisk tidsskrift\"},\"image\":{\"@id\":\"https:\\\/\\\/riss.w.uib.no\\\/#\\\/schema\\\/logo\\\/image\\\/\"},\"sameAs\":[\"https:\\\/\\\/www.facebook.com\\\/RISSUiB\",\"https:\\\/\\\/www.instagram.com\\\/riss_uib\\\/\"]}]}<\/script>\n<!-- \/ Yoast SEO plugin. -->","yoast_head_json":{"title":"RISS 2007 nr. 2, \u00e5rgang 5 -","robots":{"index":"index","follow":"follow","max-snippet":"max-snippet:-1","max-image-preview":"max-image-preview:large","max-video-preview":"max-video-preview:-1"},"canonical":"https:\/\/riss.w.uib.no\/en\/tidligere-utgaver\/26-2\/","og_locale":"en_US","og_type":"article","og_title":"RISS 2007 nr. 2, \u00e5rgang 5 -","og_description":"[:nb] Innhold: Robert Sandslett: Neandertalere og det anatomisk moderne mennesket: Adferd, symbolikk og teknologi Rita Merete Letrud:\u00a0Harriett Boyd Hawes &#8211; en kvinnelig pion\u00e9r Andr\u00e9 Nilsen:\u00a0Typisk samisk? &#8211; Museumsgjenstander som identitetsb\u00e6rere Else Johansen Kleppe og Tor Arne Waraas:\u00a0Vi arbeider med ny steinalderutstilling Svein-Erik Hauge:\u00a0Romatur for masterstudentene 2007 Anne Drageset og May-Helen Flatstrand:\u00a0Debatt\u00a0og disko. Kontaktseminar 2007 Neandertalere&hellip;Continue reading RISS 2007 nr. 2, \u00e5rgang 5","og_url":"https:\/\/riss.w.uib.no\/en\/tidligere-utgaver\/26-2\/","article_publisher":"https:\/\/www.facebook.com\/RISSUiB","article_modified_time":"2025-02-14T15:34:20+00:00","og_image":[{"url":"http:\/\/riss.w.uib.no\/files\/2008\/02\/riss_207.jpg","type":"","width":"","height":""}],"twitter_card":"summary_large_image","twitter_misc":{"Est. reading time":"4 minutes"},"schema":{"@context":"https:\/\/schema.org","@graph":[{"@type":"WebPage","@id":"https:\/\/riss.w.uib.no\/tidligere-utgaver\/26-2\/","url":"https:\/\/riss.w.uib.no\/tidligere-utgaver\/26-2\/","name":"RISS 2007 nr. 2, \u00e5rgang 5 -","isPartOf":{"@id":"https:\/\/riss.w.uib.no\/#website"},"primaryImageOfPage":{"@id":"https:\/\/riss.w.uib.no\/tidligere-utgaver\/26-2\/#primaryimage"},"image":{"@id":"https:\/\/riss.w.uib.no\/tidligere-utgaver\/26-2\/#primaryimage"},"thumbnailUrl":"http:\/\/riss.w.uib.no\/files\/2008\/02\/riss_207.jpg","datePublished":"2008-02-15T19:04:26+00:00","dateModified":"2025-02-14T15:34:20+00:00","breadcrumb":{"@id":"https:\/\/riss.w.uib.no\/tidligere-utgaver\/26-2\/#breadcrumb"},"inLanguage":"en-US","potentialAction":[{"@type":"ReadAction","target":["https:\/\/riss.w.uib.no\/tidligere-utgaver\/26-2\/"]}]},{"@type":"ImageObject","inLanguage":"en-US","@id":"https:\/\/riss.w.uib.no\/tidligere-utgaver\/26-2\/#primaryimage","url":"http:\/\/riss.w.uib.no\/files\/2008\/02\/riss_207.jpg","contentUrl":"http:\/\/riss.w.uib.no\/files\/2008\/02\/riss_207.jpg"},{"@type":"BreadcrumbList","@id":"https:\/\/riss.w.uib.no\/tidligere-utgaver\/26-2\/#breadcrumb","itemListElement":[{"@type":"ListItem","position":1,"name":"Hjem","item":"https:\/\/riss.w.uib.no\/"},{"@type":"ListItem","position":2,"name":"Arkiv","item":"https:\/\/riss.w.uib.no\/tidligere-utgaver\/"},{"@type":"ListItem","position":3,"name":"RISS 2007 nr. 2, \u00e5rgang 5"}]},{"@type":"WebSite","@id":"https:\/\/riss.w.uib.no\/#website","url":"https:\/\/riss.w.uib.no\/","name":"RISS \u2013 Et arkeologisk tidsskrift","description":"An Archaeological Journal","publisher":{"@id":"https:\/\/riss.w.uib.no\/#organization"},"potentialAction":[{"@type":"SearchAction","target":{"@type":"EntryPoint","urlTemplate":"https:\/\/riss.w.uib.no\/?s={search_term_string}"},"query-input":{"@type":"PropertyValueSpecification","valueRequired":true,"valueName":"search_term_string"}}],"inLanguage":"en-US"},{"@type":"Organization","@id":"https:\/\/riss.w.uib.no\/#organization","name":"RISS \u2013 Et arkeologisk tidsskrift","alternateName":"Riss","url":"https:\/\/riss.w.uib.no\/","logo":{"@type":"ImageObject","inLanguage":"en-US","@id":"https:\/\/riss.w.uib.no\/#\/schema\/logo\/image\/","url":"https:\/\/riss.w.uib.no\/files\/2022\/05\/cropped-RISS-logo.png","contentUrl":"https:\/\/riss.w.uib.no\/files\/2022\/05\/cropped-RISS-logo.png","width":1719,"height":603,"caption":"RISS \u2013 Et arkeologisk tidsskrift"},"image":{"@id":"https:\/\/riss.w.uib.no\/#\/schema\/logo\/image\/"},"sameAs":["https:\/\/www.facebook.com\/RISSUiB","https:\/\/www.instagram.com\/riss_uib\/"]}]}},"_links":{"self":[{"href":"https:\/\/riss.w.uib.no\/en\/wp-json\/wp\/v2\/pages\/28","targetHints":{"allow":["GET"]}}],"collection":[{"href":"https:\/\/riss.w.uib.no\/en\/wp-json\/wp\/v2\/pages"}],"about":[{"href":"https:\/\/riss.w.uib.no\/en\/wp-json\/wp\/v2\/types\/page"}],"author":[{"embeddable":true,"href":"https:\/\/riss.w.uib.no\/en\/wp-json\/wp\/v2\/users\/337"}],"replies":[{"embeddable":true,"href":"https:\/\/riss.w.uib.no\/en\/wp-json\/wp\/v2\/comments?post=28"}],"version-history":[{"count":6,"href":"https:\/\/riss.w.uib.no\/en\/wp-json\/wp\/v2\/pages\/28\/revisions"}],"predecessor-version":[{"id":1330,"href":"https:\/\/riss.w.uib.no\/en\/wp-json\/wp\/v2\/pages\/28\/revisions\/1330"}],"up":[{"embeddable":true,"href":"https:\/\/riss.w.uib.no\/en\/wp-json\/wp\/v2\/pages\/6"}],"wp:attachment":[{"href":"https:\/\/riss.w.uib.no\/en\/wp-json\/wp\/v2\/media?parent=28"}],"curies":[{"name":"wp","href":"https:\/\/api.w.org\/{rel}","templated":true}]}}