{"id":288,"date":"2012-08-22T17:35:14","date_gmt":"2012-08-22T15:35:14","guid":{"rendered":"http:\/\/riss.w.uib.no\/?page_id=288"},"modified":"2025-02-14T17:53:28","modified_gmt":"2025-02-14T16:53:28","slug":"riss-nr-3-2011","status":"publish","type":"page","link":"https:\/\/riss.w.uib.no\/en\/tidligere-utgaver\/riss-nr-3-2011\/","title":{"rendered":"[:nb]RISS 2011 nr. 3, \u00e5rgang 9[:en]RISS 2011 vol. 3[:]"},"content":{"rendered":"<p>[:nb]<\/p>\n<p style=\"text-align: center\"><strong><br \/>\n<a href=\"http:\/\/riss.w.uib.no\/files\/2017\/01\/RISS-2011-3.pdf\">RISS 2011 nr. 3 kan leses her<\/a><\/strong><\/p>\n<h3>Innhold:<\/h3>\n<p style=\"text-align: justify\"><em><strong><a href=\"http:\/\/riss.w.uib.no\/files\/2012\/08\/riss-nr-3-20112.png\"><img loading=\"lazy\" decoding=\"async\" class=\"size-full wp-image-302 alignright\" src=\"http:\/\/riss.w.uib.no\/files\/2012\/08\/riss-nr-3-20112.png\" alt=\"\" width=\"138\" height=\"196\" \/><\/a>Ingvild \u00d8ye: <\/strong><\/em>Arkeologistudiet i Bergen &#8211; et tilbakeblikk p\u00e5 de siste 25 \u00e5r<br \/>\n<strong><em>Ole Tveiten: <\/em><\/strong>Utmarka &#8211; eit unikt arkeologisk kjeldemateriale<br \/>\n<strong><em>Gro Mandt: <\/em><\/strong>Tolkninger i takt med tids\u00e5nden<br \/>\n<strong><em>Stian Hamre: <\/em><\/strong>I d\u00f8den er vi slett ikke like<br \/>\n<strong><em>H\u00e5kon Reiersen: <\/em><\/strong>Mektige kvinner og menn fr\u00e5 Oster\u00f8y. Tankar kring eit gjenoppdaga svard fr\u00e5 300-talet p\u00e5 British Museum<\/p>\n<p>&nbsp;<\/p>\n<p style=\"text-align: justify\"><strong>Arkeologistudiet i Bergen <\/strong><strong>\u2013 et tilbakeblikk p\u00e5 de siste 25 \u00e5r<br \/>\n<\/strong><em>Ingvild \u00d8ye<\/em><\/p>\n<p style=\"text-align: justify\">I \u00e5r er det 25 \u00e5r siden den f\u00f8rste hovedfagsoppgaven i arkeologi ble levert i Bergen. Den markerte et nytt fagstudium som erstattet den tidligere og mer spesialiserte magistergraden som var uten veiledning. Innf\u00f8ringen av hovedfaget, og fra 2003 mastergraden, var innledningen til en kraftig vekstperiode med en utvidelse og nyorientering av studietilbudet. Antall arkeologistudenter \u00f8kte, og langt flere satset p\u00e5 arkeologi som karrierevei. Forskerutdanningen, det vil si doktorgrad, har ogs\u00e5 v\u00e6rt i omforming som f\u00f8lge av disse endringene. I motsetning til den gamle magistergraden og dr.philos-graden var hovedfaget og den nye dr.art.-graden \u2013 og senere master- og PhD-graden \u2013 basert p\u00e5 at studentene fikk veiledning. Det stilte ogs\u00e5 nye krav til undervisningen i faget.<\/p>\n<p style=\"text-align: justify\"><strong>Utmarka \u2013<\/strong><strong>\u00a0eit unikt arkeologisk kjeldemateriale<br \/>\n<\/strong><em>Ole Tveiten<\/em><\/p>\n<p style=\"text-align: justify\">Noreg kan p\u00e5 fleire m\u00e5tar reknast som ein utkant i Europa i mellomalderen, noko mellom anna skriftlege kjelder fr\u00e5 denne perioden ber preg av. P\u00e5 eit omr\u00e5de skil likevel Noreg seg ut med eit spesielt interessant materiale. Utmarka \u2013 dei store omr\u00e5da b\u00e5de p\u00e5 h\u00f8gfjellet og i l\u00e5glandet som ikkje har vore intensivt oppdyrka tilbake til gamal tid inneheld s\u00e5 rike arkeologiske funn at dei m\u00e5 reknast som unike, ogs\u00e5 i europeisk samanheng. Desse funna vitnar om kor mykje utmarka har hatt \u00e5 seie, b\u00e5de \u00f8konomisk og kulturelt, og her er det mange potensielle forskingsprosjekt \u00e5 ta fatt i.<\/p>\n<p style=\"text-align: justify\"><strong>Tolkninger i takt med tids\u00e5nden<br \/>\n<\/strong><em>Gro Mandt<\/em><\/p>\n<p style=\"text-align: justify\">Utforskingen av den skandinaviske bergkunsten strekker seg over nesten 400 \u00e5r. En flora av forskjelligartede og tidvis motstridende forklaringsmodeller har vokst fram, samtidig som funnmengden har \u00f8kt, fulgt av en stadig mer sofistikert metodikk for gjenfinning, datering og dokumentasjon av bildene i berg. At datatilfanget har \u00f8kt, er imidlertid ikke hele forklaringen p\u00e5 at tolkninger er blitt revurdert og endret over tid. For \u00e5 forst\u00e5 hvorfor stadig nye problemstillinger og tolkningsmodeller utformes, m\u00e5 vi se p\u00e5 hvilke faktorer som styrer forskningsprosessen.<\/p>\n<p style=\"text-align: justify\"><strong>I d\u00f8den er vi slett ikke like<br \/>\n<\/strong><em>Stian Hamre<\/em><\/p>\n<p style=\"text-align: justify\">Ved innf\u00f8ringen av kristendommen i Norge p\u00e5 1000-tallet ble det en markant endring i hvor og hvordan den d\u00f8de ble begravd. De st\u00f8rste endringene av begravelseskikken var nok at kristendommen krevde at alle kristne skulle begraves i vigslet jord, noe som i praksis ville si at de skulle begraves p\u00e5 et relativt begrenset omr\u00e5de rundt kirkebygningene. I tillegg ble alle begravd p\u00e5 likt vis under flat mark og det ble slutt p\u00e5 kremeringsbegravelser. Ved f\u00f8rste \u00f8yekast kan det se ut som om kristendommen innf\u00f8rte en form for likhet i d\u00f8den, i motsetning til hvordan sosiale forskjeller tidligere hadde blitt markert gjennom store gravmonumenter. Det heter seg at i d\u00f8den er vi alle like, men det er likevel lite som tyder p\u00e5 at dette var tilfelle i middelalderen. B\u00e5de skriftlige og arkeologiske kilder viser at det var flere faktorer som innvirket p\u00e5 hvor man ble plassert p\u00e5 kirkeg\u00e5rden: kj\u00f8nn, sosial status, alder. I denne artikkelen vil jeg pr\u00f8ve \u00e5 belyse dette ved en gjennomgang av noen av de skriftlige og arkeologiske bevisene for tidlig kristen gravskikk, med spesiell vekt p\u00e5 min egen studie av det norske osteoarkeologiske materialet fra fire tidlig kristne gravplasser.<\/p>\n<p style=\"text-align: justify\"><strong>Mektige kvinner og menn fr\u00e5 Oster\u00f8y.<\/strong><strong style=\"font-size: 15px\">\u00a0Tankar kring eit gjenoppdaga <\/strong><strong>sverd fr\u00e5 300-talet p\u00e5 British Museum<br \/>\n<\/strong><em>H\u00e5kon Reiertsen<\/em><\/p>\n<p style=\"text-align: justify\">I artikkelen blir det kort omtala eit gravfunn fr\u00e5 Mele p\u00e5 Oster\u00f8y som har ligge p\u00e5 British Museum i 150 \u00e5r, men som f\u00e5 norske forskarar har kjent til. Blant gjenstandane fr\u00e5 grava er eit sverd av Mollestadtype, fr\u00e5 siste halvdel av 300-talet. Dette er det einaste sverdet av denne typen som hittil er funne i Hordaland og det verker ikkje tilfeldig at eit s\u00e5 fint sverd er funne nett her. Fr\u00e5 denne garden har ein ei kvinnegrav fr\u00e5 same hundre\u00e5ret som er blant dei aller rikaste i fylket fr\u00e5 yngre romartid. Likeeins har ein i ei grav p\u00e5 nabogarden Mjelde funne ein medaljong av gull fr\u00e5 300-talet som viser at eliten p\u00e5 Oster\u00f8y har hatt f\u00f8rebilete i fjerne land. Saman vitnar desse og andre gravfunn fr\u00e5 s\u00f8rvestdelen av Oster\u00f8y om at dette omr\u00e5det nok har vore eit regionalt senter ved overgangen til folkevandringstid.<\/p>\n<p>&nbsp;<\/p>\n<p><b>Redaksjon:<\/b><\/p>\n<p><a href=\"https:\/\/riss.w.uib.no\/karoline-hareide-breivik\/\"><span style=\"font-weight: 400\">Karoline Hareide Breivik (red.)\u00a0<\/span><\/a><\/p>\n<p><span style=\"font-weight: 400\">Martha Kristine Lillest\u00f8l<\/span><\/p>\n<p><span style=\"font-weight: 400\">Anna Skaar<\/span><\/p>\n<p><span style=\"font-weight: 400\">Ann-Kristin Dahlberg<\/span><\/p>\n<p><span style=\"font-weight: 400\">Per Christian Burhol<\/span>[:en]<\/p>\n<p style=\"text-align: center\"><strong><a href=\"http:\/\/riss.w.uib.no\/files\/2017\/01\/RISS-2011-3.pdf\">RISS 2011 vol. 3 can be read here.<\/a><\/strong><\/p>\n<p>&nbsp;<\/p>\n<h3><a href=\"http:\/\/riss.w.uib.no\/files\/2012\/08\/riss-nr-3-20112.png\"><img loading=\"lazy\" decoding=\"async\" class=\"alignright wp-image-302 size-full\" src=\"https:\/\/riss.w.uib.no\/files\/2012\/08\/riss-nr-3-20112.png\" alt=\"\" width=\"138\" height=\"196\" \/><\/a>Content:<\/h3>\n<p><span style=\"font-weight: 400\">Ingvild \u00d8ye: Arkeologistudiet i Bergen &#8211; et tilbakeblikk p\u00e5 de siste 25 \u00e5r<\/span><\/p>\n<p><span style=\"font-weight: 400\">Ole Tveiten: Utmarka &#8211; eit unikt arkeologisk kjeldemateriale<\/span><\/p>\n<p><span style=\"font-weight: 400\">Gro Mandt: Tolkninger i takt med tids\u00e5nden<\/span><\/p>\n<p><span style=\"font-weight: 400\">Stian Hamre: I d\u00f8den er vi slett ikke like<\/span><\/p>\n<p><span style=\"font-weight: 400\">H\u00e5kon Reiersen: Mektige kvinner og menn fr\u00e5 Oster\u00f8y. Tankar kring eit gjenoppdaga sverd fr\u00e5 300-tallet p\u00e5 British Museum<\/span><\/p>\n<p>&nbsp;<\/p>\n<p><b>Editorial staff:<\/b><\/p>\n<p><a href=\"https:\/\/riss.w.uib.no\/karoline-hareide-breivik\/\"><span style=\"font-weight: 400\">Karoline Hareide Breivik (red.)\u00a0<\/span><\/a><\/p>\n<p><span style=\"font-weight: 400\">Martha Kristine Lillest\u00f8l<\/span><\/p>\n<p><span style=\"font-weight: 400\">Anna Skaar<\/span><\/p>\n<p><span style=\"font-weight: 400\">Ann-Kristin Dahlberg<\/span><\/p>\n<p><span style=\"font-weight: 400\">Per Christian Burhol<\/span>[:]<\/p>\n","protected":false},"excerpt":{"rendered":"<p>[:nb] RISS 2011 nr. 3 kan leses her Innhold: Ingvild \u00d8ye: Arkeologistudiet i Bergen &#8211; et tilbakeblikk p\u00e5 de siste 25 \u00e5r Ole Tveiten: Utmarka &#8211; eit unikt arkeologisk kjeldemateriale Gro Mandt: Tolkninger i takt med tids\u00e5nden Stian Hamre: I d\u00f8den er vi slett ikke like H\u00e5kon Reiersen: Mektige kvinner og menn fr\u00e5 Oster\u00f8y. Tankar&hellip;<a href=\"https:\/\/riss.w.uib.no\/en\/tidligere-utgaver\/riss-nr-3-2011\/\" class=\"more-link\">Continue reading <span class=\"screen-reader-text\">[:nb]RISS 2011 nr. 3, \u00e5rgang 9[:en]RISS 2011 vol. 3[:]<\/span><\/a><\/p>\n","protected":false},"author":337,"featured_media":0,"parent":6,"menu_order":16,"comment_status":"closed","ping_status":"open","template":"","meta":{"footnotes":""},"class_list":["post-288","page","type-page","status-publish","hentry"],"yoast_head":"<!-- This site is optimized with the Yoast SEO plugin v27.5 - https:\/\/yoast.com\/product\/yoast-seo-wordpress\/ -->\n<title>[:nb]RISS 2011 nr. 3, \u00e5rgang 9[:en]RISS 2011 vol. 3[:] -<\/title>\n<meta name=\"robots\" content=\"index, follow, max-snippet:-1, max-image-preview:large, max-video-preview:-1\" \/>\n<link rel=\"canonical\" href=\"https:\/\/riss.w.uib.no\/en\/tidligere-utgaver\/riss-nr-3-2011\/\" \/>\n<meta property=\"og:locale\" content=\"en_US\" \/>\n<meta property=\"og:type\" content=\"article\" \/>\n<meta property=\"og:title\" content=\"[:nb]RISS 2011 nr. 3, \u00e5rgang 9[:en]RISS 2011 vol. 3[:] -\" \/>\n<meta property=\"og:description\" content=\"[:nb] RISS 2011 nr. 3 kan leses her Innhold: Ingvild \u00d8ye: Arkeologistudiet i Bergen &#8211; et tilbakeblikk p\u00e5 de siste 25 \u00e5r Ole Tveiten: Utmarka &#8211; eit unikt arkeologisk kjeldemateriale Gro Mandt: Tolkninger i takt med tids\u00e5nden Stian Hamre: I d\u00f8den er vi slett ikke like H\u00e5kon Reiersen: Mektige kvinner og menn fr\u00e5 Oster\u00f8y. Tankar&hellip;Continue reading [:nb]RISS 2011 nr. 3, \u00e5rgang 9[:en]RISS 2011 vol. 3[:]\" \/>\n<meta property=\"og:url\" content=\"https:\/\/riss.w.uib.no\/en\/tidligere-utgaver\/riss-nr-3-2011\/\" \/>\n<meta property=\"article:publisher\" content=\"https:\/\/www.facebook.com\/RISSUiB\" \/>\n<meta property=\"article:modified_time\" content=\"2025-02-14T16:53:28+00:00\" \/>\n<meta property=\"og:image\" content=\"https:\/\/riss.w.uib.no\/files\/2012\/08\/riss-nr-3-20112.png\" \/>\n\t<meta property=\"og:image:width\" content=\"138\" \/>\n\t<meta property=\"og:image:height\" content=\"196\" \/>\n\t<meta property=\"og:image:type\" content=\"image\/png\" \/>\n<meta name=\"twitter:card\" content=\"summary_large_image\" \/>\n<meta name=\"twitter:label1\" content=\"Est. reading time\" \/>\n\t<meta name=\"twitter:data1\" content=\"5 minutes\" \/>\n<script type=\"application\/ld+json\" class=\"yoast-schema-graph\">{\"@context\":\"https:\\\/\\\/schema.org\",\"@graph\":[{\"@type\":\"WebPage\",\"@id\":\"https:\\\/\\\/riss.w.uib.no\\\/tidligere-utgaver\\\/riss-nr-3-2011\\\/\",\"url\":\"https:\\\/\\\/riss.w.uib.no\\\/tidligere-utgaver\\\/riss-nr-3-2011\\\/\",\"name\":\"[:nb]RISS 2011 nr. 3, \u00e5rgang 9[:en]RISS 2011 vol. 3[:] -\",\"isPartOf\":{\"@id\":\"https:\\\/\\\/riss.w.uib.no\\\/#website\"},\"primaryImageOfPage\":{\"@id\":\"https:\\\/\\\/riss.w.uib.no\\\/tidligere-utgaver\\\/riss-nr-3-2011\\\/#primaryimage\"},\"image\":{\"@id\":\"https:\\\/\\\/riss.w.uib.no\\\/tidligere-utgaver\\\/riss-nr-3-2011\\\/#primaryimage\"},\"thumbnailUrl\":\"http:\\\/\\\/riss.w.uib.no\\\/files\\\/2012\\\/08\\\/riss-nr-3-20112.png\",\"datePublished\":\"2012-08-22T15:35:14+00:00\",\"dateModified\":\"2025-02-14T16:53:28+00:00\",\"breadcrumb\":{\"@id\":\"https:\\\/\\\/riss.w.uib.no\\\/tidligere-utgaver\\\/riss-nr-3-2011\\\/#breadcrumb\"},\"inLanguage\":\"en-US\",\"potentialAction\":[{\"@type\":\"ReadAction\",\"target\":[\"https:\\\/\\\/riss.w.uib.no\\\/tidligere-utgaver\\\/riss-nr-3-2011\\\/\"]}]},{\"@type\":\"ImageObject\",\"inLanguage\":\"en-US\",\"@id\":\"https:\\\/\\\/riss.w.uib.no\\\/tidligere-utgaver\\\/riss-nr-3-2011\\\/#primaryimage\",\"url\":\"http:\\\/\\\/riss.w.uib.no\\\/files\\\/2012\\\/08\\\/riss-nr-3-20112.png\",\"contentUrl\":\"http:\\\/\\\/riss.w.uib.no\\\/files\\\/2012\\\/08\\\/riss-nr-3-20112.png\"},{\"@type\":\"BreadcrumbList\",\"@id\":\"https:\\\/\\\/riss.w.uib.no\\\/tidligere-utgaver\\\/riss-nr-3-2011\\\/#breadcrumb\",\"itemListElement\":[{\"@type\":\"ListItem\",\"position\":1,\"name\":\"Hjem\",\"item\":\"https:\\\/\\\/riss.w.uib.no\\\/\"},{\"@type\":\"ListItem\",\"position\":2,\"name\":\"Arkiv\",\"item\":\"https:\\\/\\\/riss.w.uib.no\\\/tidligere-utgaver\\\/\"},{\"@type\":\"ListItem\",\"position\":3,\"name\":\"RISS 2011 nr. 3, \u00e5rgang 9\"}]},{\"@type\":\"WebSite\",\"@id\":\"https:\\\/\\\/riss.w.uib.no\\\/#website\",\"url\":\"https:\\\/\\\/riss.w.uib.no\\\/\",\"name\":\"RISS \u2013 Et arkeologisk tidsskrift\",\"description\":\"Et arkeologisk tidsskrift\",\"publisher\":{\"@id\":\"https:\\\/\\\/riss.w.uib.no\\\/#organization\"},\"potentialAction\":[{\"@type\":\"SearchAction\",\"target\":{\"@type\":\"EntryPoint\",\"urlTemplate\":\"https:\\\/\\\/riss.w.uib.no\\\/?s={search_term_string}\"},\"query-input\":{\"@type\":\"PropertyValueSpecification\",\"valueRequired\":true,\"valueName\":\"search_term_string\"}}],\"inLanguage\":\"en-US\"},{\"@type\":\"Organization\",\"@id\":\"https:\\\/\\\/riss.w.uib.no\\\/#organization\",\"name\":\"RISS \u2013 Et arkeologisk tidsskrift\",\"alternateName\":\"Riss\",\"url\":\"https:\\\/\\\/riss.w.uib.no\\\/\",\"logo\":{\"@type\":\"ImageObject\",\"inLanguage\":\"en-US\",\"@id\":\"https:\\\/\\\/riss.w.uib.no\\\/#\\\/schema\\\/logo\\\/image\\\/\",\"url\":\"https:\\\/\\\/riss.w.uib.no\\\/files\\\/2022\\\/05\\\/cropped-RISS-logo.png\",\"contentUrl\":\"https:\\\/\\\/riss.w.uib.no\\\/files\\\/2022\\\/05\\\/cropped-RISS-logo.png\",\"width\":1719,\"height\":603,\"caption\":\"RISS \u2013 Et arkeologisk tidsskrift\"},\"image\":{\"@id\":\"https:\\\/\\\/riss.w.uib.no\\\/#\\\/schema\\\/logo\\\/image\\\/\"},\"sameAs\":[\"https:\\\/\\\/www.facebook.com\\\/RISSUiB\",\"https:\\\/\\\/www.instagram.com\\\/riss_uib\\\/\"]}]}<\/script>\n<!-- \/ Yoast SEO plugin. -->","yoast_head_json":{"title":"[:nb]RISS 2011 nr. 3, \u00e5rgang 9[:en]RISS 2011 vol. 3[:] -","robots":{"index":"index","follow":"follow","max-snippet":"max-snippet:-1","max-image-preview":"max-image-preview:large","max-video-preview":"max-video-preview:-1"},"canonical":"https:\/\/riss.w.uib.no\/en\/tidligere-utgaver\/riss-nr-3-2011\/","og_locale":"en_US","og_type":"article","og_title":"[:nb]RISS 2011 nr. 3, \u00e5rgang 9[:en]RISS 2011 vol. 3[:] -","og_description":"[:nb] RISS 2011 nr. 3 kan leses her Innhold: Ingvild \u00d8ye: Arkeologistudiet i Bergen &#8211; et tilbakeblikk p\u00e5 de siste 25 \u00e5r Ole Tveiten: Utmarka &#8211; eit unikt arkeologisk kjeldemateriale Gro Mandt: Tolkninger i takt med tids\u00e5nden Stian Hamre: I d\u00f8den er vi slett ikke like H\u00e5kon Reiersen: Mektige kvinner og menn fr\u00e5 Oster\u00f8y. Tankar&hellip;Continue reading [:nb]RISS 2011 nr. 3, \u00e5rgang 9[:en]RISS 2011 vol. 3[:]","og_url":"https:\/\/riss.w.uib.no\/en\/tidligere-utgaver\/riss-nr-3-2011\/","article_publisher":"https:\/\/www.facebook.com\/RISSUiB","article_modified_time":"2025-02-14T16:53:28+00:00","og_image":[{"width":138,"height":196,"url":"https:\/\/riss.w.uib.no\/files\/2012\/08\/riss-nr-3-20112.png","type":"image\/png"}],"twitter_card":"summary_large_image","twitter_misc":{"Est. reading time":"5 minutes"},"schema":{"@context":"https:\/\/schema.org","@graph":[{"@type":"WebPage","@id":"https:\/\/riss.w.uib.no\/tidligere-utgaver\/riss-nr-3-2011\/","url":"https:\/\/riss.w.uib.no\/tidligere-utgaver\/riss-nr-3-2011\/","name":"[:nb]RISS 2011 nr. 3, \u00e5rgang 9[:en]RISS 2011 vol. 3[:] -","isPartOf":{"@id":"https:\/\/riss.w.uib.no\/#website"},"primaryImageOfPage":{"@id":"https:\/\/riss.w.uib.no\/tidligere-utgaver\/riss-nr-3-2011\/#primaryimage"},"image":{"@id":"https:\/\/riss.w.uib.no\/tidligere-utgaver\/riss-nr-3-2011\/#primaryimage"},"thumbnailUrl":"http:\/\/riss.w.uib.no\/files\/2012\/08\/riss-nr-3-20112.png","datePublished":"2012-08-22T15:35:14+00:00","dateModified":"2025-02-14T16:53:28+00:00","breadcrumb":{"@id":"https:\/\/riss.w.uib.no\/tidligere-utgaver\/riss-nr-3-2011\/#breadcrumb"},"inLanguage":"en-US","potentialAction":[{"@type":"ReadAction","target":["https:\/\/riss.w.uib.no\/tidligere-utgaver\/riss-nr-3-2011\/"]}]},{"@type":"ImageObject","inLanguage":"en-US","@id":"https:\/\/riss.w.uib.no\/tidligere-utgaver\/riss-nr-3-2011\/#primaryimage","url":"http:\/\/riss.w.uib.no\/files\/2012\/08\/riss-nr-3-20112.png","contentUrl":"http:\/\/riss.w.uib.no\/files\/2012\/08\/riss-nr-3-20112.png"},{"@type":"BreadcrumbList","@id":"https:\/\/riss.w.uib.no\/tidligere-utgaver\/riss-nr-3-2011\/#breadcrumb","itemListElement":[{"@type":"ListItem","position":1,"name":"Hjem","item":"https:\/\/riss.w.uib.no\/"},{"@type":"ListItem","position":2,"name":"Arkiv","item":"https:\/\/riss.w.uib.no\/tidligere-utgaver\/"},{"@type":"ListItem","position":3,"name":"RISS 2011 nr. 3, \u00e5rgang 9"}]},{"@type":"WebSite","@id":"https:\/\/riss.w.uib.no\/#website","url":"https:\/\/riss.w.uib.no\/","name":"RISS \u2013 Et arkeologisk tidsskrift","description":"An Archaeological Journal","publisher":{"@id":"https:\/\/riss.w.uib.no\/#organization"},"potentialAction":[{"@type":"SearchAction","target":{"@type":"EntryPoint","urlTemplate":"https:\/\/riss.w.uib.no\/?s={search_term_string}"},"query-input":{"@type":"PropertyValueSpecification","valueRequired":true,"valueName":"search_term_string"}}],"inLanguage":"en-US"},{"@type":"Organization","@id":"https:\/\/riss.w.uib.no\/#organization","name":"RISS \u2013 Et arkeologisk tidsskrift","alternateName":"Riss","url":"https:\/\/riss.w.uib.no\/","logo":{"@type":"ImageObject","inLanguage":"en-US","@id":"https:\/\/riss.w.uib.no\/#\/schema\/logo\/image\/","url":"https:\/\/riss.w.uib.no\/files\/2022\/05\/cropped-RISS-logo.png","contentUrl":"https:\/\/riss.w.uib.no\/files\/2022\/05\/cropped-RISS-logo.png","width":1719,"height":603,"caption":"RISS \u2013 Et arkeologisk tidsskrift"},"image":{"@id":"https:\/\/riss.w.uib.no\/#\/schema\/logo\/image\/"},"sameAs":["https:\/\/www.facebook.com\/RISSUiB","https:\/\/www.instagram.com\/riss_uib\/"]}]}},"_links":{"self":[{"href":"https:\/\/riss.w.uib.no\/en\/wp-json\/wp\/v2\/pages\/288","targetHints":{"allow":["GET"]}}],"collection":[{"href":"https:\/\/riss.w.uib.no\/en\/wp-json\/wp\/v2\/pages"}],"about":[{"href":"https:\/\/riss.w.uib.no\/en\/wp-json\/wp\/v2\/types\/page"}],"author":[{"embeddable":true,"href":"https:\/\/riss.w.uib.no\/en\/wp-json\/wp\/v2\/users\/337"}],"replies":[{"embeddable":true,"href":"https:\/\/riss.w.uib.no\/en\/wp-json\/wp\/v2\/comments?post=288"}],"version-history":[{"count":14,"href":"https:\/\/riss.w.uib.no\/en\/wp-json\/wp\/v2\/pages\/288\/revisions"}],"predecessor-version":[{"id":1354,"href":"https:\/\/riss.w.uib.no\/en\/wp-json\/wp\/v2\/pages\/288\/revisions\/1354"}],"up":[{"embeddable":true,"href":"https:\/\/riss.w.uib.no\/en\/wp-json\/wp\/v2\/pages\/6"}],"wp:attachment":[{"href":"https:\/\/riss.w.uib.no\/en\/wp-json\/wp\/v2\/media?parent=288"}],"curies":[{"name":"wp","href":"https:\/\/api.w.org\/{rel}","templated":true}]}}