{"id":509,"date":"2017-05-02T15:46:58","date_gmt":"2017-05-02T14:46:58","guid":{"rendered":"http:\/\/riss.w.uib.no\/?page_id=509"},"modified":"2025-11-10T21:55:23","modified_gmt":"2025-11-10T20:55:23","slug":"riss-nr-1-2017","status":"publish","type":"page","link":"https:\/\/riss.w.uib.no\/en\/tidligere-utgaver\/riss-nr-1-2017\/","title":{"rendered":"RISS 2017 nr. 1"},"content":{"rendered":"<p style=\"text-align: center\"><strong><a href=\"http:\/\/riss.w.uib.no\/en\/files\/2017\/05\/RISS-nr1-2017-2.pdf\/\">RISS 2017 nr. 1 kan leses her!<\/a><\/strong><\/p>\n<p>&nbsp;<\/p>\n<p><b>Content:<\/b><a href=\"http:\/\/riss.w.uib.no\/en\/files\/2017\/05\/RISS-nr1-2017-2.pdf\/\"><img loading=\"lazy\" decoding=\"async\" class=\"size-medium wp-image-512 alignright\" src=\"http:\/\/riss.w.uib.no\/files\/2016\/12\/RISSnr12017-233x300.png\" alt=\"\" width=\"233\" height=\"300\" srcset=\"https:\/\/riss.w.uib.no\/files\/2016\/12\/RISSnr12017-233x300.png 233w, https:\/\/riss.w.uib.no\/files\/2016\/12\/RISSnr12017.png 754w\" sizes=\"auto, (max-width: 233px) 100vw, 233px\" \/><\/a><\/p>\n<p><span style=\"font-weight: 400\">Nils Anfinset (avdeling for kulturhistorie, Universitetsmuseet i Bergen): Etnoarkeologi, eksperimentell arkeologi og taus kunnskap<\/span><\/p>\n<p><span style=\"font-weight: 400\">Louise Bjerre Petersen (masterstudent, UiB): Vorterod &#8211; en overraskelse i petrisk\u00e5len n\u00e5r ark\u00e6obotanik ikke bare er korn og fr\u00f8<\/span><\/p>\n<p><span style=\"font-weight: 400\">Anja Haugland Svingen (masterstudent, UiB): Sj\u00f8fart i Noreg p\u00e5 1600-1700-talet<\/span><\/p>\n<p><span style=\"font-weight: 400\">Florian Messner (doktorgradsstipendiat, universitet i Innsbr\u00fcck): The Serpent in the Sword<\/span><\/p>\n<p><span style=\"font-weight: 400\">Julie Westlye (masterstudent, UiB): Kvinners rolle i vikingtidens kultpraksis<\/span><\/p>\n<p>&nbsp;<\/p>\n<p><b>Redaksjon:<\/b><\/p>\n<p><a href=\"https:\/\/riss.w.uib.no\/en\/anja-haugland-svingen\/\"><span style=\"font-weight: 400\">Anja Haugland Svingen (red.)<\/span><\/a><\/p>\n<p><span style=\"font-weight: 400\">Andreas Lian\u00a0<\/span><\/p>\n<p><span style=\"font-weight: 400\">Audun Str\u00f8m Bakke\u00a0<\/span><\/p>\n<p><span style=\"font-weight: 400\">Julie Westlye\u00a0<\/span><\/p>\n<p><span style=\"font-weight: 400\">Kristin Marie Underhaug\u00a0<\/span><\/p>\n<p><span style=\"font-weight: 400\">Mona Karin Boge\u00a0<\/span><\/p>\n<p><span style=\"font-weight: 400\">Thomas Rage Johnsen<\/span><\/p>\n<p>&nbsp;<\/p>\n<p>&nbsp;<\/p>\n<p style=\"text-align: center\"><strong><a href=\"http:\/\/riss.w.uib.no\/en\/files\/2017\/05\/RISS-nr1-2017-2.pdf\/\">RISS 2017 vol. 1 can be read here!<\/a><\/strong><\/p>\n<p>&nbsp;<\/p>\n<p>&nbsp;<\/p>\n<p><b>Content:<\/b><a style=\"text-align: center\" href=\"http:\/\/riss.w.uib.no\/en\/files\/2017\/05\/RISS-nr1-2017-2.pdf\/\"><img loading=\"lazy\" decoding=\"async\" class=\"size-medium wp-image-512 alignright\" src=\"http:\/\/riss.w.uib.no\/files\/2016\/12\/RISSnr12017-233x300.png\" alt=\"\" width=\"233\" height=\"300\" srcset=\"https:\/\/riss.w.uib.no\/files\/2016\/12\/RISSnr12017-233x300.png 233w, https:\/\/riss.w.uib.no\/files\/2016\/12\/RISSnr12017.png 754w\" sizes=\"auto, (max-width: 233px) 100vw, 233px\" \/><\/a><\/p>\n<p><span style=\"font-weight: 400\">Nils Anfinset (avdeling for kulturhistorie, Universitetsmuseet i Bergen): Etnoarkeologi, eksperimentell arkeologi og taus kunnskap<\/span><\/p>\n<p><span style=\"font-weight: 400\">Louise Bjerre Petersen (masterstudent, UiB): Vorterod &#8211; en overraskelse i petrisk\u00e5len n\u00e5r ark\u00e6obotanik ikke bare er korn og fr\u00f8<\/span><\/p>\n<p><span style=\"font-weight: 400\">Anja Haugland Svingen (masterstudent, UiB): Sj\u00f8fart i Noreg p\u00e5 1600-1700-talet<\/span><\/p>\n<p><span style=\"font-weight: 400\">Florian Messner (doktorgradsstipendiat, universitet i Innsbr\u00fcck): The Serpent in the Sword<\/span><\/p>\n<p><span style=\"font-weight: 400\">Julie Westlye (masterstudent, UiB): Kvinners rolle i vikingtidens kultpraksis<\/span><\/p>\n<p><b>Editorial staff:<\/b><\/p>\n<p><a href=\"https:\/\/riss.w.uib.no\/en\/anja-haugland-svingen\/\"><span style=\"font-weight: 400\">Anja Haugland Svingen (red.)<\/span><\/a><\/p>\n<p><span style=\"font-weight: 400\">Andreas Lian\u00a0<\/span><\/p>\n<p><span style=\"font-weight: 400\">Audun Str\u00f8m Bakke\u00a0<\/span><\/p>\n<p><span style=\"font-weight: 400\">Julie Westlye\u00a0<\/span><\/p>\n<p><span style=\"font-weight: 400\">Kristin Marie Underhaug\u00a0<\/span><\/p>\n<p><span style=\"font-weight: 400\">Mona Karin Boge\u00a0<\/span><\/p>\n<p><span style=\"font-weight: 400\">Thomas Rage Johnsen<\/span><\/p>","protected":false},"excerpt":{"rendered":"<p>RISS 2017 nr. 1 kan leses her! &nbsp; Innhold: Nils Anfinset (avdeling for kulturhistorie, Universitetsmuseet i Bergen): Etnoarkeologi, eksperimentell arkeologi og taus kunnskap Louise Bjerre Petersen (masterstudent, UiB): Vorterod &#8211; en overraskelse i petrisk\u00e5len n\u00e5r ark\u00e6obotanik ikke bare er korn og fr\u00f8 Anja Haugland Svingen (masterstudent, UiB): Sj\u00f8fart i Noreg p\u00e5 1600-1700-talet Florian Messner (doktorgradsstipendiat,&hellip;<a href=\"https:\/\/riss.w.uib.no\/en\/tidligere-utgaver\/riss-nr-1-2017\/\" class=\"more-link\">Continue reading <span class=\"screen-reader-text\">RISS 2017 nr. 1<\/span><\/a><\/p>","protected":false},"author":337,"featured_media":0,"parent":6,"menu_order":22,"comment_status":"closed","ping_status":"closed","template":"","meta":{"footnotes":""},"class_list":["post-509","page","type-page","status-publish","hentry"],"yoast_head":"<!-- This site is optimized with the Yoast SEO plugin v27.4 - https:\/\/yoast.com\/product\/yoast-seo-wordpress\/ -->\n<title>RISS 2017 nr. 1 -<\/title>\n<meta name=\"robots\" content=\"index, follow, max-snippet:-1, max-image-preview:large, max-video-preview:-1\" \/>\n<link rel=\"canonical\" href=\"https:\/\/riss.w.uib.no\/en\/tidligere-utgaver\/riss-nr-1-2017\/\" \/>\n<meta property=\"og:locale\" content=\"en_US\" \/>\n<meta property=\"og:type\" content=\"article\" \/>\n<meta property=\"og:title\" content=\"RISS 2017 nr. 1 -\" \/>\n<meta property=\"og:description\" content=\"RISS 2017 nr. 1 kan leses her! &nbsp; Innhold: Nils Anfinset (avdeling for kulturhistorie, Universitetsmuseet i Bergen): Etnoarkeologi, eksperimentell arkeologi og taus kunnskap Louise Bjerre Petersen (masterstudent, UiB): Vorterod &#8211; en overraskelse i petrisk\u00e5len n\u00e5r ark\u00e6obotanik ikke bare er korn og fr\u00f8 Anja Haugland Svingen (masterstudent, UiB): Sj\u00f8fart i Noreg p\u00e5 1600-1700-talet Florian Messner (doktorgradsstipendiat,&hellip;Continue reading RISS 2017 nr. 1\" \/>\n<meta property=\"og:url\" content=\"https:\/\/riss.w.uib.no\/en\/tidligere-utgaver\/riss-nr-1-2017\/\" \/>\n<meta property=\"article:publisher\" content=\"https:\/\/www.facebook.com\/RISSUiB\" \/>\n<meta property=\"article:modified_time\" content=\"2025-11-10T20:55:23+00:00\" \/>\n<meta property=\"og:image\" content=\"https:\/\/riss.w.uib.no\/files\/2016\/12\/RISSnr12017.png\" \/>\n\t<meta property=\"og:image:width\" content=\"754\" \/>\n\t<meta property=\"og:image:height\" content=\"970\" \/>\n\t<meta property=\"og:image:type\" content=\"image\/png\" \/>\n<meta name=\"twitter:card\" content=\"summary_large_image\" \/>\n<meta name=\"twitter:label1\" content=\"Est. reading time\" \/>\n\t<meta name=\"twitter:data1\" content=\"2 minutes\" \/>\n<script type=\"application\/ld+json\" class=\"yoast-schema-graph\">{\"@context\":\"https:\\\/\\\/schema.org\",\"@graph\":[{\"@type\":\"WebPage\",\"@id\":\"https:\\\/\\\/riss.w.uib.no\\\/tidligere-utgaver\\\/riss-nr-1-2017\\\/\",\"url\":\"https:\\\/\\\/riss.w.uib.no\\\/tidligere-utgaver\\\/riss-nr-1-2017\\\/\",\"name\":\"RISS 2017 nr. 1 -\",\"isPartOf\":{\"@id\":\"https:\\\/\\\/riss.w.uib.no\\\/#website\"},\"primaryImageOfPage\":{\"@id\":\"https:\\\/\\\/riss.w.uib.no\\\/tidligere-utgaver\\\/riss-nr-1-2017\\\/#primaryimage\"},\"image\":{\"@id\":\"https:\\\/\\\/riss.w.uib.no\\\/tidligere-utgaver\\\/riss-nr-1-2017\\\/#primaryimage\"},\"thumbnailUrl\":\"http:\\\/\\\/riss.w.uib.no\\\/files\\\/2016\\\/12\\\/RISSnr12017-233x300.png\",\"datePublished\":\"2017-05-02T14:46:58+00:00\",\"dateModified\":\"2025-11-10T20:55:23+00:00\",\"breadcrumb\":{\"@id\":\"https:\\\/\\\/riss.w.uib.no\\\/tidligere-utgaver\\\/riss-nr-1-2017\\\/#breadcrumb\"},\"inLanguage\":\"en-US\",\"potentialAction\":[{\"@type\":\"ReadAction\",\"target\":[\"https:\\\/\\\/riss.w.uib.no\\\/tidligere-utgaver\\\/riss-nr-1-2017\\\/\"]}]},{\"@type\":\"ImageObject\",\"inLanguage\":\"en-US\",\"@id\":\"https:\\\/\\\/riss.w.uib.no\\\/tidligere-utgaver\\\/riss-nr-1-2017\\\/#primaryimage\",\"url\":\"http:\\\/\\\/riss.w.uib.no\\\/files\\\/2016\\\/12\\\/RISSnr12017-233x300.png\",\"contentUrl\":\"http:\\\/\\\/riss.w.uib.no\\\/files\\\/2016\\\/12\\\/RISSnr12017-233x300.png\"},{\"@type\":\"BreadcrumbList\",\"@id\":\"https:\\\/\\\/riss.w.uib.no\\\/tidligere-utgaver\\\/riss-nr-1-2017\\\/#breadcrumb\",\"itemListElement\":[{\"@type\":\"ListItem\",\"position\":1,\"name\":\"Hjem\",\"item\":\"https:\\\/\\\/riss.w.uib.no\\\/\"},{\"@type\":\"ListItem\",\"position\":2,\"name\":\"Arkiv\",\"item\":\"https:\\\/\\\/riss.w.uib.no\\\/tidligere-utgaver\\\/\"},{\"@type\":\"ListItem\",\"position\":3,\"name\":\"RISS 2017 nr. 1\"}]},{\"@type\":\"WebSite\",\"@id\":\"https:\\\/\\\/riss.w.uib.no\\\/#website\",\"url\":\"https:\\\/\\\/riss.w.uib.no\\\/\",\"name\":\"RISS \u2013 Et arkeologisk tidsskrift\",\"description\":\"Et arkeologisk tidsskrift\",\"publisher\":{\"@id\":\"https:\\\/\\\/riss.w.uib.no\\\/#organization\"},\"potentialAction\":[{\"@type\":\"SearchAction\",\"target\":{\"@type\":\"EntryPoint\",\"urlTemplate\":\"https:\\\/\\\/riss.w.uib.no\\\/?s={search_term_string}\"},\"query-input\":{\"@type\":\"PropertyValueSpecification\",\"valueRequired\":true,\"valueName\":\"search_term_string\"}}],\"inLanguage\":\"en-US\"},{\"@type\":\"Organization\",\"@id\":\"https:\\\/\\\/riss.w.uib.no\\\/#organization\",\"name\":\"RISS \u2013 Et arkeologisk tidsskrift\",\"alternateName\":\"Riss\",\"url\":\"https:\\\/\\\/riss.w.uib.no\\\/\",\"logo\":{\"@type\":\"ImageObject\",\"inLanguage\":\"en-US\",\"@id\":\"https:\\\/\\\/riss.w.uib.no\\\/#\\\/schema\\\/logo\\\/image\\\/\",\"url\":\"https:\\\/\\\/riss.w.uib.no\\\/files\\\/2022\\\/05\\\/cropped-RISS-logo.png\",\"contentUrl\":\"https:\\\/\\\/riss.w.uib.no\\\/files\\\/2022\\\/05\\\/cropped-RISS-logo.png\",\"width\":1719,\"height\":603,\"caption\":\"RISS \u2013 Et arkeologisk tidsskrift\"},\"image\":{\"@id\":\"https:\\\/\\\/riss.w.uib.no\\\/#\\\/schema\\\/logo\\\/image\\\/\"},\"sameAs\":[\"https:\\\/\\\/www.facebook.com\\\/RISSUiB\",\"https:\\\/\\\/www.instagram.com\\\/riss_uib\\\/\"]}]}<\/script>\n<!-- \/ Yoast SEO plugin. -->","yoast_head_json":{"title":"RISS 2017 nr. 1 -","robots":{"index":"index","follow":"follow","max-snippet":"max-snippet:-1","max-image-preview":"max-image-preview:large","max-video-preview":"max-video-preview:-1"},"canonical":"https:\/\/riss.w.uib.no\/en\/tidligere-utgaver\/riss-nr-1-2017\/","og_locale":"en_US","og_type":"article","og_title":"RISS 2017 nr. 1 -","og_description":"RISS 2017 nr. 1 kan leses her! &nbsp; Innhold: Nils Anfinset (avdeling for kulturhistorie, Universitetsmuseet i Bergen): Etnoarkeologi, eksperimentell arkeologi og taus kunnskap Louise Bjerre Petersen (masterstudent, UiB): Vorterod &#8211; en overraskelse i petrisk\u00e5len n\u00e5r ark\u00e6obotanik ikke bare er korn og fr\u00f8 Anja Haugland Svingen (masterstudent, UiB): Sj\u00f8fart i Noreg p\u00e5 1600-1700-talet Florian Messner (doktorgradsstipendiat,&hellip;Continue reading RISS 2017 nr. 1","og_url":"https:\/\/riss.w.uib.no\/en\/tidligere-utgaver\/riss-nr-1-2017\/","article_publisher":"https:\/\/www.facebook.com\/RISSUiB","article_modified_time":"2025-11-10T20:55:23+00:00","og_image":[{"width":754,"height":970,"url":"https:\/\/riss.w.uib.no\/files\/2016\/12\/RISSnr12017.png","type":"image\/png"}],"twitter_card":"summary_large_image","twitter_misc":{"Est. reading time":"2 minutes"},"schema":{"@context":"https:\/\/schema.org","@graph":[{"@type":"WebPage","@id":"https:\/\/riss.w.uib.no\/tidligere-utgaver\/riss-nr-1-2017\/","url":"https:\/\/riss.w.uib.no\/tidligere-utgaver\/riss-nr-1-2017\/","name":"RISS 2017 nr. 1 -","isPartOf":{"@id":"https:\/\/riss.w.uib.no\/#website"},"primaryImageOfPage":{"@id":"https:\/\/riss.w.uib.no\/tidligere-utgaver\/riss-nr-1-2017\/#primaryimage"},"image":{"@id":"https:\/\/riss.w.uib.no\/tidligere-utgaver\/riss-nr-1-2017\/#primaryimage"},"thumbnailUrl":"http:\/\/riss.w.uib.no\/files\/2016\/12\/RISSnr12017-233x300.png","datePublished":"2017-05-02T14:46:58+00:00","dateModified":"2025-11-10T20:55:23+00:00","breadcrumb":{"@id":"https:\/\/riss.w.uib.no\/tidligere-utgaver\/riss-nr-1-2017\/#breadcrumb"},"inLanguage":"en-US","potentialAction":[{"@type":"ReadAction","target":["https:\/\/riss.w.uib.no\/tidligere-utgaver\/riss-nr-1-2017\/"]}]},{"@type":"ImageObject","inLanguage":"en-US","@id":"https:\/\/riss.w.uib.no\/tidligere-utgaver\/riss-nr-1-2017\/#primaryimage","url":"http:\/\/riss.w.uib.no\/files\/2016\/12\/RISSnr12017-233x300.png","contentUrl":"http:\/\/riss.w.uib.no\/files\/2016\/12\/RISSnr12017-233x300.png"},{"@type":"BreadcrumbList","@id":"https:\/\/riss.w.uib.no\/tidligere-utgaver\/riss-nr-1-2017\/#breadcrumb","itemListElement":[{"@type":"ListItem","position":1,"name":"Hjem","item":"https:\/\/riss.w.uib.no\/"},{"@type":"ListItem","position":2,"name":"Arkiv","item":"https:\/\/riss.w.uib.no\/tidligere-utgaver\/"},{"@type":"ListItem","position":3,"name":"RISS 2017 nr. 1"}]},{"@type":"WebSite","@id":"https:\/\/riss.w.uib.no\/#website","url":"https:\/\/riss.w.uib.no\/","name":"RISS \u2013 Et arkeologisk tidsskrift","description":"An Archaeological Journal","publisher":{"@id":"https:\/\/riss.w.uib.no\/#organization"},"potentialAction":[{"@type":"SearchAction","target":{"@type":"EntryPoint","urlTemplate":"https:\/\/riss.w.uib.no\/?s={search_term_string}"},"query-input":{"@type":"PropertyValueSpecification","valueRequired":true,"valueName":"search_term_string"}}],"inLanguage":"en-US"},{"@type":"Organization","@id":"https:\/\/riss.w.uib.no\/#organization","name":"RISS \u2013 Et arkeologisk tidsskrift","alternateName":"Riss","url":"https:\/\/riss.w.uib.no\/","logo":{"@type":"ImageObject","inLanguage":"en-US","@id":"https:\/\/riss.w.uib.no\/#\/schema\/logo\/image\/","url":"https:\/\/riss.w.uib.no\/files\/2022\/05\/cropped-RISS-logo.png","contentUrl":"https:\/\/riss.w.uib.no\/files\/2022\/05\/cropped-RISS-logo.png","width":1719,"height":603,"caption":"RISS \u2013 Et arkeologisk tidsskrift"},"image":{"@id":"https:\/\/riss.w.uib.no\/#\/schema\/logo\/image\/"},"sameAs":["https:\/\/www.facebook.com\/RISSUiB","https:\/\/www.instagram.com\/riss_uib\/"]}]}},"_links":{"self":[{"href":"https:\/\/riss.w.uib.no\/en\/wp-json\/wp\/v2\/pages\/509","targetHints":{"allow":["GET"]}}],"collection":[{"href":"https:\/\/riss.w.uib.no\/en\/wp-json\/wp\/v2\/pages"}],"about":[{"href":"https:\/\/riss.w.uib.no\/en\/wp-json\/wp\/v2\/types\/page"}],"author":[{"embeddable":true,"href":"https:\/\/riss.w.uib.no\/en\/wp-json\/wp\/v2\/users\/337"}],"replies":[{"embeddable":true,"href":"https:\/\/riss.w.uib.no\/en\/wp-json\/wp\/v2\/comments?post=509"}],"version-history":[{"count":21,"href":"https:\/\/riss.w.uib.no\/en\/wp-json\/wp\/v2\/pages\/509\/revisions"}],"predecessor-version":[{"id":1653,"href":"https:\/\/riss.w.uib.no\/en\/wp-json\/wp\/v2\/pages\/509\/revisions\/1653"}],"up":[{"embeddable":true,"href":"https:\/\/riss.w.uib.no\/en\/wp-json\/wp\/v2\/pages\/6"}],"wp:attachment":[{"href":"https:\/\/riss.w.uib.no\/en\/wp-json\/wp\/v2\/media?parent=509"}],"curies":[{"name":"wp","href":"https:\/\/api.w.org\/{rel}","templated":true}]}}