{"id":703,"date":"2024-05-20T23:44:19","date_gmt":"2024-05-20T22:44:19","guid":{"rendered":"https:\/\/riss.w.uib.no\/?page_id=703"},"modified":"2025-11-29T14:17:32","modified_gmt":"2025-11-29T13:17:32","slug":"riss-2022-nr-2-morke-kapitler","status":"publish","type":"page","link":"https:\/\/riss.w.uib.no\/en\/tidligere-utgaver\/riss-2022-nr-2-morke-kapitler\/","title":{"rendered":"RISS 2022 nr. 2 \u00abDark chapters\u00bb"},"content":{"rendered":"<p class=\"has-text-align-center\" style=\"font-size:20px\"><a href=\"https:\/\/drive.google.com\/file\/d\/1vU4h_s3ra7Wphmt8HJzba-66bRkZAgtN\/view?usp=sharing\"><strong>RISS 2022 nr. 1 kan leses her!<\/strong><\/a><\/p>\n\n\n\n<h4 class=\"wp-block-heading has-text-align-center\"><a href=\"mailto:rissred@gmail.com\">Contact us<\/a> for \u00e5 kj\u00f8pe denne utgaven! <a href=\"https:\/\/forms.gle\/qKVNzhEpYcYPf9CRA\">Subscribe to Riss<\/a> to receive all coming issues by mail!<\/h4>\n\n\n<div class=\"wp-block-image\">\n<figure class=\"alignright\"><a href=\"https:\/\/drive.google.com\/file\/d\/1vU4h_s3ra7Wphmt8HJzba-66bRkZAgtN\/view?usp=sharing\"><img loading=\"lazy\" decoding=\"async\" width=\"211\" height=\"300\" src=\"https:\/\/riss.w.uib.no\/files\/2024\/05\/Nr.-2-2022-forside-i-jpg-211x300.jpg\" alt=\"\" class=\"wp-image-712\" srcset=\"https:\/\/riss.w.uib.no\/files\/2024\/05\/Nr.-2-2022-forside-i-jpg-211x300.jpg 211w, https:\/\/riss.w.uib.no\/files\/2024\/05\/Nr.-2-2022-forside-i-jpg-722x1024.jpg 722w, https:\/\/riss.w.uib.no\/files\/2024\/05\/Nr.-2-2022-forside-i-jpg-768x1090.jpg 768w, https:\/\/riss.w.uib.no\/files\/2024\/05\/Nr.-2-2022-forside-i-jpg-1083x1536.jpg 1083w, https:\/\/riss.w.uib.no\/files\/2024\/05\/Nr.-2-2022-forside-i-jpg-1443x2048.jpg 1443w, https:\/\/riss.w.uib.no\/files\/2024\/05\/Nr.-2-2022-forside-i-jpg-750x1064.jpg 750w, https:\/\/riss.w.uib.no\/files\/2024\/05\/Nr.-2-2022-forside-i-jpg-scaled.jpg 1804w\" sizes=\"auto, (max-width: 211px) 100vw, 211px\" \/><\/a><\/figure>\n<\/div>\n\n\n<p><\/p>\n\n\n\n<p>&nbsp;<\/p>\n\n\n\n<p>I lederen til det forrige nummeret av RISS hevdet jeg at arkeologi er \u00abgjenf\u00f8delsens vitenskap mer enn noe annet\u00bb. Men det er ogs\u00e5 studiet av det m\u00f8rke, i flere av ordets betydninger. Fortiden, v\u00e5rt studiemateriale som arkeologer, er et m\u00f8rkt sted i den forstand at det er oss ukjent; vi klarer kanskje \u00e5 skimte omrisset av fjerne skygger, men vi kan ikke med sikkerhet gjenkjenne og beskrive deres form og innhold.<\/p>\n\n\n\n<p>Arkeologi, sammensatt av \u03b1\u03c1\u03c7\u03b1\u03af\u03bf\u03c2 (gammel) og \u03bb\u03cc\u03b3\u03bf\u03c2 (ord), betyr l\u00e6ren om det gamle, og vi som arkeologer er dermed de som leser det gamle. Gjennom det store spekteret av kilder vi har til r\u00e5dighet har vi alts\u00e5 kompetansen til potensielt \u00e5 trekke fortiden ut av m\u00f8rket og gj\u00f8re det ukjente kjent. Men fortiden kan ogs\u00e5 v\u00e6re et kjent sted, et sted vi henter inspirasjon og fors\u00f8ker \u00e5 ta l\u00e6rdom fra, ofte med en&nbsp;baktanke om ikke \u00e5 la \u00abm\u00f8rke\u00bb hendelser i fortiden gjenta seg i n\u00e5tiden eller framtiden. Gjennom \u00e5 studere fortidens \u00abm\u00f8rke kapitler\u00bb, slik som krig og vold, og&nbsp;formidlingen av disse, kan vi l\u00e6re oss selv bedre \u00e5 kjenne som mennesker, og f\u00e5 st\u00f8rre innblikk i de mekanismene som har f\u00f8rt til hvordan v\u00e5r samtid er, b\u00e5de fra et&nbsp;samfunnsperspektiv og p\u00e5 et individuelt plan. Derfor har redaksjonen i dette nummeret av RISS fors\u00f8kt \u00e5 samle inn bidrag som utforsker begge disse forst\u00e5elsene&nbsp;av det m\u00f8rke, nemlig som det ukjente og som det farlige. Nummeret inneholder fem artikler som strekker seg fra neolitikum via bronsealderen og antikken til moderne tid, som p\u00e5 forskjellige m\u00e5ter belyser m\u00f8rke kapitler i arkeologien. I&nbsp;tillegg har vi med et intervju, illustrasjoner med supplerende tekst, og en presen-<br>\ntasjon av avhandlingene til masterstudentene som uteksamineres dette semesteret.<\/p>\n\n\n\n<p>Nummeret begynner med <a href=\"https:\/\/www4.uib.no\/finn-ansatte\/Solveig.Liv.Chaudesaigues-Clausen\">Solveig Chaudesaigues-Clausens<\/a> artikkel om beinspisser, vold og d\u00f8d i s\u00f8r-Skandinavia i tidlig-neolittisk tid (4000-3300 fvt.). Hun reflekterer rundt hvorvidt disse og et utvalg andre v\u00e5pen ble produsert utelukkende for&nbsp;voldelige form\u00e5l, og belyser hvordan vold i denne perioden kan knyttes til endringer av samfunnsstrukturer og rituell aktivitet, og \u00f8kningen i sosial ulikhet og territoriell konkurranse.<\/p>\n\n\n\n<p>Denne forbindelsen mellom bruk av vold og sosial ulikhet er ogs\u00e5&nbsp;tema for artikkelen om den spanske bronsealderkulturen El Argar (2200-1550 fvt.) skrevet av <a href=\"https:\/\/www.linkedin.com\/in\/elena-cantero-41a201226\/?locale=no_NO\">Elena Cantero Ros<\/a>. Oppkalt etter en lokalitet sammenlignet med Troja,&nbsp;fremst\u00e5r denne kulturen som enest\u00e5ende i det vestlige Middelhavet i denne perioden, ikke bare p\u00e5 grunn av sin kompleksitet men ogs\u00e5 p\u00e5 grunn av sin materielle&nbsp;kultur som inneholder mange gjenstander og arkitektoniske elementer som indikerer en h\u00f8y grad av vold i samfunnet for \u00e5 opprettholde en dominerende gruppe.<\/p>\n\n\n\n<p>Etter en krigersk og voldelig start p\u00e5 nummeret f\u00e5r vi et mer lystig og informativt m\u00f8te med Vinterviking, representert av Katja Regevik, Anna \u00d8kstra&nbsp;og Morten Kutschera, som intervjues av v\u00e5rt redaksjonsmedlem <a href=\"https:\/\/riss.w.uib.no\/en\/helene-rennesvik-robinson\/\">Helene Robinson<\/a>. Vinterviking er et \u00e5rlig seminar der vikingtidas historie formidles p\u00e5 en&nbsp;levende m\u00e5te i form av aktiv deltagelse og iakttagelse, blant annet produksjonsarbeid av beinredskaper, med form\u00e5let \u00e5 belyse andre aspekter av vikingtidas&nbsp;materielle kultur enn den som ofte presenteres i popul\u00e6rkulturen, blant annet drikkekultur og krigerske holdninger.<\/p>\n\n\n\n<p>Fra formidling av vikingtida i samtiden forflytter vi oss til f\u00f8rkolumbiske steinstatuer utstilt i hagen til Museo Frida&nbsp;Kahlo i Mexico City, i form av fotografier (inkludert v\u00e5rt vakre og skyggefulle forsidebilde) tatt av v\u00e5rt framtidige redaksjonsmedlem <a href=\"https:\/\/riss.w.uib.no\/en\/yrja-skjaerum\/\">Yrja Skj\u00e6rum<\/a>. I&nbsp;et supplerende essay reflekterer hun rundt hvordan slike arkeologiske gjenstander, ofte plyndret p\u00e5 ulovlig vis i form av huaquerismo, blir utstilt, og hvordan de heller burde blitt utstilt, i et museum beregnet p\u00e5 moderne kunst.<\/p>\n\n\n\n<p>Deretter f\u00f8lger to artikler som omhandler resepsjonen og framstillingen av den urbane topografien i Roma, en by der et enormt antall arkeologiske levninger blir tvunget til \u00e5 sameksistere med befolkningen i en (delvis) moderne millionby. F\u00f8rst reflekterer <a href=\"https:\/\/www.hf.uio.no\/dnir\/english\/people\/honorary-fellow\/chrisiw\/\">Christopher Siwicki<\/a> rundt hvorfor det fortsatt er s\u00e5 mye vi ikke vet om antikkens Roma, et studiemateriale som i tillegg til arkeologi ogs\u00e5 inkluderer en rekke andre kildetyper, og problemene med \u00e5 uthente arkeologisk informasjon fra en moderne storby, og hvorfor det kanskje er n\u00f8dvendig \u00e5 la antikke strukturer ligge intakt, ettersom potensielle utgravninger ofte resulterer i rivingen av senere bygninger og u\u00f8nskede endringer i bymilj\u00f8et. Roma er en by full av ikke bare \u00abthe known unknown\u00bb, alts\u00e5 strukturer vi vet eksisterer men ikke har gravd ut, vet hvor er eller hva ble brukt til, men ogs\u00e5 \u00abthe known unknown\u00bb, alts\u00e5 strukturer vi vet eksisterer men ikke har gravd ut, vet hvor er eller hva ble brukt til, men ogs\u00e5 \u00abthe unknown unknown\u00bb, bygninger og gjenstander ikke inkludert i v\u00e5r n\u00e5tidige kunnskap om antikke strukturer eller bygninger som ligger under deler av byen som aldri har blitt utgravd. Det er nettopp mangelen p\u00e5 denne kunnskapen som gir klassiske arkeologer spennende utfordringer i dag.<\/p>\n\n\n\n<p>En som ville utforske flere \u00abknown unknowns\u00bb var Giacomo Boni, en selvl\u00e6rt drop-out arkitektstudent uten&nbsp;arkeologisk utdannelse som p\u00e5 slutten av 1800- og tidlig 1900-tallet var ansvarlig for utgravningen av store deler av Forum Romanum, ved hjelp av den noe&nbsp;uortodokse kombinasjon av nyskapende vitenskapelige utgravnings- og dokumentasjonsmetoder, inkludert stratigrafi og luftballong-foto, og en ukritisk bruk&nbsp;av dynamitt. I sin artikkel skriver <a href=\"https:\/\/www.hf.uio.no\/dnir\/personer\/vit\/siri\/\">Siri Sande<\/a>, p\u00e5 bakgrunn av den nylige utstillingen \u00abGiacomo Boni. L\u2019alba della modernit\u00e0\u00bb p\u00e5 Forum Romanum, om Bonis&nbsp;rolle i det arkeologiske milj\u00f8et i sin samtid, som blant annet besto av fagfolk som ikke anerkjente feltarbeid som vitenskapelig metode, og om hans etterm\u00e6le og hvordan han delvis ikke har f\u00e5tt den anerkjennelsen han kanskje hadde fortjent.<\/p>\n\n\n\n<p>Formidling av kulturarv, riktignok betydelig mer smertefull, er ogs\u00e5 temaet for Johanne Bergers artikkel om SS-Strafgefangenenlager Falstad, en krigsfangeleir i Tr\u00f8ndelag brukt av nazistene under andre verdenskrig som i dag&nbsp;huser Falstadsenteret &#8211; et museum, menneskerettighetssenter og forskningsinsti-<br>\ntusjon som formidler de umenneskelige forholdene krigsfangene levde under.<\/p>\n\n\n\n<p>Men historien til denne bygningen, slik som ofte er tilfellet i arkeologien, strekker seg langt utover de fem \u00e5rene krigen varte; det ble etablert som et skolehjem&nbsp;for vanskeligstilte gutter, og etter krigen fungerte det som en tvangsarbeidsleir for hovedsakelig norske nazister, NS-medlemmer og nazi-sympatis\u00f8rer, f\u00f8r det fra 1951 til 1992 var en spesialskole for barn med l\u00e6revansker. Berger reflekterer rundt hvordan en slik kompleks historie skal formidles; er vi bare interessert i \u00e5 h\u00f8re om eller l\u00e6re fra krigens m\u00f8rke kapittel, eller burde hele bygningens historie inkluderes?<\/p>\n\n\n\n<p>Siden det m\u00f8rke, dystre, vanskelige, ukjente og uvisse har fulgt oss gjennom hele dette bladet, er det p\u00e5 sin plass \u00e5 avslutte med \u00e5 f\u00f8lge opp en gammel RISS-tradisjon der vi hyller masterstudentene i arkeologi ved Universitetet i Bergen som leverer sine oppgaver dette eller neste semester med en kort presentasjon av&nbsp;deres arbeid. Det er stor variasjon i temaene for masteroppgavene, noe som reflekterer ikke bare mangfoldet blant studentene, men ogs\u00e5 mangfoldet av mulighetene i&nbsp;arkeologien for \u00e5 belyse m\u00f8rke kapitler og opplyse oss som mennesker i samtiden.<\/p>\n\n\n\n<p>Etter to numre og en reise fra \u00abgjenf\u00f8delse\u00bb til \u00abm\u00f8rke kapitler\u00bb takker denne redaksjonen for seg og overlater RISS i hendene til nye krefter under ledelse&nbsp;av kommende redakt\u00f8r <a href=\"https:\/\/riss.w.uib.no\/en\/helene-rennesvik-robinson\/\">Helene Robinson<\/a>. Det har v\u00e6rt et krevende, men givende arbeid: vi h\u00e5per vi har omgjort RISS til en institusjon som kan fungere&nbsp;som bindeledd mellom studenter og fagfolk, og at det vil fortsette \u00e5 belyse og trekke ut fra m\u00f8rket interessante og relevante temaer i arkeologisk forskning.<\/p>\n\n\n\n<p>Med \u00f8nske om god lesing, god sommer og godt feltarbeid,<br>\nEditor in chief<br>\nAksel Teigen Breistrand<\/p>\n\n\n\n<p><strong>Editorial staff:<\/strong><\/p>\n\n\n\n<p><a href=\"https:\/\/riss.w.uib.no\/en\/aksel-teigen-breistrand\/\">Aksel Teigen Breistrand (red.)<\/a><br>\nG\u00f8ril Lambrechts Thue<br>\nKaren Kvamme Aase<br>\nMagnus Innv\u00e6r<br>\nErlend Bakken Eide<br>\nJanne Lande<br>\nLillian Time<br>\n<a href=\"https:\/\/riss.w.uib.no\/en\/helene-rennesvik-robinson\/\">Helene Robinson<\/a><\/p>\n\n\n\n<p>Forsidebilde: <a href=\"https:\/\/riss.w.uib.no\/en\/yrja-skjaerum\/\">Yrja Skj\u00e6rum<\/a><\/p>\n\n\n\n<p>Grafisk formgivning: <a href=\"https:\/\/riss.w.uib.no\/en\/helene-rennesvik-robinson\/\">Helene Robinson<\/a><\/p>\n\n\n\n<p>&nbsp;<\/p>\n\n\n\n<p class=\"has-text-align-center\" style=\"font-size:20px\"><strong><a href=\"https:\/\/drive.google.com\/file\/d\/1vU4h_s3ra7Wphmt8HJzba-66bRkZAgtN\/view?usp=sharing\">RISS 2022 no. 2 can be read here!<\/a><\/strong><\/p>\n\n\n\n<h4 class=\"wp-block-heading\"><a href=\"mailto:rissred@gmail.com\">Contact us<\/a> to purchase a copy! <a href=\"https:\/\/forms.gle\/qKVNzhEpYcYPf9CRA\">Subscribe to Riss<\/a> to receive all coming issues by mail!<\/h4>\n\n\n<div class=\"wp-block-image\">\n<figure class=\"alignright\"><img loading=\"lazy\" decoding=\"async\" width=\"211\" height=\"300\" src=\"https:\/\/riss.w.uib.no\/files\/2024\/05\/Nr.-2-2022-forside-i-jpg-211x300.jpg\" alt=\"\" class=\"wp-image-712\" srcset=\"https:\/\/riss.w.uib.no\/files\/2024\/05\/Nr.-2-2022-forside-i-jpg-211x300.jpg 211w, https:\/\/riss.w.uib.no\/files\/2024\/05\/Nr.-2-2022-forside-i-jpg-722x1024.jpg 722w, https:\/\/riss.w.uib.no\/files\/2024\/05\/Nr.-2-2022-forside-i-jpg-768x1090.jpg 768w, https:\/\/riss.w.uib.no\/files\/2024\/05\/Nr.-2-2022-forside-i-jpg-1083x1536.jpg 1083w, https:\/\/riss.w.uib.no\/files\/2024\/05\/Nr.-2-2022-forside-i-jpg-1443x2048.jpg 1443w, https:\/\/riss.w.uib.no\/files\/2024\/05\/Nr.-2-2022-forside-i-jpg-750x1064.jpg 750w, https:\/\/riss.w.uib.no\/files\/2024\/05\/Nr.-2-2022-forside-i-jpg-scaled.jpg 1804w\" sizes=\"auto, (max-width: 211px) 100vw, 211px\" \/><\/figure>\n<\/div>\n\n\n<p><\/p>\n\n\n\n<p>&nbsp;<\/p>\n\n\n\n<p><strong>Content:<\/strong><\/p>\n\n\n\n<p><a href=\"https:\/\/www4.uib.no\/finn-ansatte\/Solveig.Liv.Chaudesaigues-Clausen\">Solveig Chaudesaigues-Clausen<\/a>:&nbsp;A point of contention \u2013 Bone points and violent deaths in the south Scandinavian Neolithic<\/p>\n\n\n\n<p><a href=\"https:\/\/www.linkedin.com\/in\/elena-cantero-41a201226\/?locale=no_NO\">Elena Cantero Ros<\/a>: Ut av m\u00f8rket: P\u00e5 sporet av El Argar-kulturen<\/p>\n\n\n\n<p><a href=\"https:\/\/riss.w.uib.no\/en\/helene-rennesvik-robinson\/\">Helene Robinson<\/a>: \u00c5 forst\u00e5 fortiden bedre: Intervju med Vinterviking<\/p>\n\n\n\n<p><a href=\"https:\/\/riss.w.uib.no\/en\/yrja-skjaerum\/\">Yrja Skj\u00e6rum<\/a>: I arkeologiens skygge: Analoge fotografier<\/p>\n\n\n\n<p><a href=\"https:\/\/www.hf.uio.no\/dnir\/english\/people\/honorary-fellow\/chrisiw\/\">Christopher Siwicki<\/a>: Ancient Rome: What we would like to know, what we likely never will, and why we probably shouldn\u2019t<\/p>\n\n\n\n<p><a href=\"https:\/\/www.hf.uio.no\/dnir\/personer\/vit\/siri\/\">Siri Sande<\/a>: Giacomo Boni og utgravingene p\u00e5 Forum Romanum<\/p>\n\n\n\n<p>Ingrid Johanne Berger: SS-Strafgefangenenlager Falstad \u2013 En krigsfangeleir i Norge<\/p>\n\n\n\n<p>Innleverte masteroppgaver i arkeologi ved Universitet i Bergen 2022<\/p>\n\n\n\n<p><strong>Editorial staff:<\/strong><\/p>\n\n\n\n<p><a href=\"https:\/\/riss.w.uib.no\/en\/aksel-teigen-breistrand\/\">Aksel Teigen Breistrand (ed.)<\/a><br>\nG\u00f8ril Lambrechts Thue<br>\nKaren Kvamme Aase<br>\nMagnus Innv\u00e6r<br>\nErlend Bakken Eide<br>\nJanne Lande<br>\nLillian Time<br>\n<a href=\"https:\/\/riss.w.uib.no\/en\/helene-rennesvik-robinson\/\">Helene Robinson<\/a><\/p>\n\n\n\n<p>Title page: <a href=\"https:\/\/riss.w.uib.no\/en\/yrja-skjaerum\/\">Yrja Skj\u00e6rum<\/a><\/p>\n\n\n\n<p>Graphic design: <a href=\"https:\/\/riss.w.uib.no\/en\/helene-rennesvik-robinson\/\">Helene Robinson<\/a><\/p>","protected":false},"excerpt":{"rendered":"<p>RISS 2022 nr. 1 kan leses her! Ta kontakt for \u00e5 kj\u00f8pe denne utgaven! Abonn\u00e9r p\u00e5 Riss for \u00e5 f\u00e5 alle kommende utgavene sendt i posten! &nbsp; I lederen til det forrige nummeret av RISS hevdet jeg at arkeologi er \u00abgjenf\u00f8delsens vitenskap mer enn noe annet\u00bb. Men det er ogs\u00e5 studiet av det m\u00f8rke, i&hellip;<a href=\"https:\/\/riss.w.uib.no\/en\/tidligere-utgaver\/riss-2022-nr-2-morke-kapitler\/\" class=\"more-link\">Continue reading <span class=\"screen-reader-text\">RISS 2022 nr. 2 \u00abDark chapters\u00bb<\/span><\/a><\/p>","protected":false},"author":337,"featured_media":0,"parent":6,"menu_order":0,"comment_status":"closed","ping_status":"closed","template":"","meta":{"footnotes":""},"class_list":["post-703","page","type-page","status-publish","hentry"],"yoast_head":"<!-- This site is optimized with the Yoast SEO plugin v27.4 - https:\/\/yoast.com\/product\/yoast-seo-wordpress\/ -->\n<title>RISS 2022 nr. 2 \u00abM\u00f8rke kapitler\u00bb -<\/title>\n<meta name=\"robots\" content=\"index, follow, max-snippet:-1, max-image-preview:large, max-video-preview:-1\" \/>\n<link rel=\"canonical\" href=\"https:\/\/riss.w.uib.no\/en\/tidligere-utgaver\/riss-2022-nr-2-morke-kapitler\/\" \/>\n<meta property=\"og:locale\" content=\"en_US\" \/>\n<meta property=\"og:type\" content=\"article\" \/>\n<meta property=\"og:title\" content=\"RISS 2022 nr. 2 \u00abM\u00f8rke kapitler\u00bb -\" \/>\n<meta property=\"og:description\" content=\"RISS 2022 nr. 1 kan leses her! Ta kontakt for \u00e5 kj\u00f8pe denne utgaven! Abonn\u00e9r p\u00e5 Riss for \u00e5 f\u00e5 alle kommende utgavene sendt i posten! &nbsp; I lederen til det forrige nummeret av RISS hevdet jeg at arkeologi er \u00abgjenf\u00f8delsens vitenskap mer enn noe annet\u00bb. Men det er ogs\u00e5 studiet av det m\u00f8rke, i&hellip;Continue reading RISS 2022 nr. 2 \u00abM\u00f8rke kapitler\u00bb\" \/>\n<meta property=\"og:url\" content=\"https:\/\/riss.w.uib.no\/en\/tidligere-utgaver\/riss-2022-nr-2-morke-kapitler\/\" \/>\n<meta property=\"article:publisher\" content=\"https:\/\/www.facebook.com\/RISSUiB\" \/>\n<meta property=\"article:modified_time\" content=\"2025-11-29T13:17:32+00:00\" \/>\n<meta property=\"og:image\" content=\"https:\/\/riss.w.uib.no\/files\/2024\/05\/Nr.-2-2022-forside-i-jpg-scaled.jpg\" \/>\n\t<meta property=\"og:image:width\" content=\"1804\" \/>\n\t<meta property=\"og:image:height\" content=\"2560\" \/>\n\t<meta property=\"og:image:type\" content=\"image\/jpeg\" \/>\n<meta name=\"twitter:card\" content=\"summary_large_image\" \/>\n<meta name=\"twitter:label1\" content=\"Est. reading time\" \/>\n\t<meta name=\"twitter:data1\" content=\"9 minutes\" \/>\n<script type=\"application\/ld+json\" class=\"yoast-schema-graph\">{\"@context\":\"https:\\\/\\\/schema.org\",\"@graph\":[{\"@type\":\"WebPage\",\"@id\":\"https:\\\/\\\/riss.w.uib.no\\\/tidligere-utgaver\\\/riss-2022-nr-2-morke-kapitler\\\/\",\"url\":\"https:\\\/\\\/riss.w.uib.no\\\/tidligere-utgaver\\\/riss-2022-nr-2-morke-kapitler\\\/\",\"name\":\"RISS 2022 nr. 2 \u00abM\u00f8rke kapitler\u00bb -\",\"isPartOf\":{\"@id\":\"https:\\\/\\\/riss.w.uib.no\\\/#website\"},\"primaryImageOfPage\":{\"@id\":\"https:\\\/\\\/riss.w.uib.no\\\/tidligere-utgaver\\\/riss-2022-nr-2-morke-kapitler\\\/#primaryimage\"},\"image\":{\"@id\":\"https:\\\/\\\/riss.w.uib.no\\\/tidligere-utgaver\\\/riss-2022-nr-2-morke-kapitler\\\/#primaryimage\"},\"thumbnailUrl\":\"https:\\\/\\\/riss.w.uib.no\\\/files\\\/2024\\\/05\\\/Nr.-2-2022-forside-i-jpg-211x300.jpg\",\"datePublished\":\"2024-05-20T22:44:19+00:00\",\"dateModified\":\"2025-11-29T13:17:32+00:00\",\"breadcrumb\":{\"@id\":\"https:\\\/\\\/riss.w.uib.no\\\/tidligere-utgaver\\\/riss-2022-nr-2-morke-kapitler\\\/#breadcrumb\"},\"inLanguage\":\"en-US\",\"potentialAction\":[{\"@type\":\"ReadAction\",\"target\":[\"https:\\\/\\\/riss.w.uib.no\\\/tidligere-utgaver\\\/riss-2022-nr-2-morke-kapitler\\\/\"]}]},{\"@type\":\"ImageObject\",\"inLanguage\":\"en-US\",\"@id\":\"https:\\\/\\\/riss.w.uib.no\\\/tidligere-utgaver\\\/riss-2022-nr-2-morke-kapitler\\\/#primaryimage\",\"url\":\"https:\\\/\\\/riss.w.uib.no\\\/files\\\/2024\\\/05\\\/Nr.-2-2022-forside-i-jpg-211x300.jpg\",\"contentUrl\":\"https:\\\/\\\/riss.w.uib.no\\\/files\\\/2024\\\/05\\\/Nr.-2-2022-forside-i-jpg-211x300.jpg\"},{\"@type\":\"BreadcrumbList\",\"@id\":\"https:\\\/\\\/riss.w.uib.no\\\/tidligere-utgaver\\\/riss-2022-nr-2-morke-kapitler\\\/#breadcrumb\",\"itemListElement\":[{\"@type\":\"ListItem\",\"position\":1,\"name\":\"Hjem\",\"item\":\"https:\\\/\\\/riss.w.uib.no\\\/\"},{\"@type\":\"ListItem\",\"position\":2,\"name\":\"Arkiv\",\"item\":\"https:\\\/\\\/riss.w.uib.no\\\/tidligere-utgaver\\\/\"},{\"@type\":\"ListItem\",\"position\":3,\"name\":\"RISS 2022 nr. 2 \u00abM\u00f8rke kapitler\u00bb\"}]},{\"@type\":\"WebSite\",\"@id\":\"https:\\\/\\\/riss.w.uib.no\\\/#website\",\"url\":\"https:\\\/\\\/riss.w.uib.no\\\/\",\"name\":\"RISS \u2013 Et arkeologisk tidsskrift\",\"description\":\"Et arkeologisk tidsskrift\",\"publisher\":{\"@id\":\"https:\\\/\\\/riss.w.uib.no\\\/#organization\"},\"potentialAction\":[{\"@type\":\"SearchAction\",\"target\":{\"@type\":\"EntryPoint\",\"urlTemplate\":\"https:\\\/\\\/riss.w.uib.no\\\/?s={search_term_string}\"},\"query-input\":{\"@type\":\"PropertyValueSpecification\",\"valueRequired\":true,\"valueName\":\"search_term_string\"}}],\"inLanguage\":\"en-US\"},{\"@type\":\"Organization\",\"@id\":\"https:\\\/\\\/riss.w.uib.no\\\/#organization\",\"name\":\"RISS \u2013 Et arkeologisk tidsskrift\",\"alternateName\":\"Riss\",\"url\":\"https:\\\/\\\/riss.w.uib.no\\\/\",\"logo\":{\"@type\":\"ImageObject\",\"inLanguage\":\"en-US\",\"@id\":\"https:\\\/\\\/riss.w.uib.no\\\/#\\\/schema\\\/logo\\\/image\\\/\",\"url\":\"https:\\\/\\\/riss.w.uib.no\\\/files\\\/2022\\\/05\\\/cropped-RISS-logo.png\",\"contentUrl\":\"https:\\\/\\\/riss.w.uib.no\\\/files\\\/2022\\\/05\\\/cropped-RISS-logo.png\",\"width\":1719,\"height\":603,\"caption\":\"RISS \u2013 Et arkeologisk tidsskrift\"},\"image\":{\"@id\":\"https:\\\/\\\/riss.w.uib.no\\\/#\\\/schema\\\/logo\\\/image\\\/\"},\"sameAs\":[\"https:\\\/\\\/www.facebook.com\\\/RISSUiB\",\"https:\\\/\\\/www.instagram.com\\\/riss_uib\\\/\"]}]}<\/script>\n<!-- \/ Yoast SEO plugin. -->","yoast_head_json":{"title":"RISS 2022 nr. 2 \u00abM\u00f8rke kapitler\u00bb -","robots":{"index":"index","follow":"follow","max-snippet":"max-snippet:-1","max-image-preview":"max-image-preview:large","max-video-preview":"max-video-preview:-1"},"canonical":"https:\/\/riss.w.uib.no\/en\/tidligere-utgaver\/riss-2022-nr-2-morke-kapitler\/","og_locale":"en_US","og_type":"article","og_title":"RISS 2022 nr. 2 \u00abM\u00f8rke kapitler\u00bb -","og_description":"RISS 2022 nr. 1 kan leses her! Ta kontakt for \u00e5 kj\u00f8pe denne utgaven! Abonn\u00e9r p\u00e5 Riss for \u00e5 f\u00e5 alle kommende utgavene sendt i posten! &nbsp; I lederen til det forrige nummeret av RISS hevdet jeg at arkeologi er \u00abgjenf\u00f8delsens vitenskap mer enn noe annet\u00bb. Men det er ogs\u00e5 studiet av det m\u00f8rke, i&hellip;Continue reading RISS 2022 nr. 2 \u00abM\u00f8rke kapitler\u00bb","og_url":"https:\/\/riss.w.uib.no\/en\/tidligere-utgaver\/riss-2022-nr-2-morke-kapitler\/","article_publisher":"https:\/\/www.facebook.com\/RISSUiB","article_modified_time":"2025-11-29T13:17:32+00:00","og_image":[{"width":1804,"height":2560,"url":"https:\/\/riss.w.uib.no\/files\/2024\/05\/Nr.-2-2022-forside-i-jpg-scaled.jpg","type":"image\/jpeg"}],"twitter_card":"summary_large_image","twitter_misc":{"Est. reading time":"9 minutes"},"schema":{"@context":"https:\/\/schema.org","@graph":[{"@type":"WebPage","@id":"https:\/\/riss.w.uib.no\/tidligere-utgaver\/riss-2022-nr-2-morke-kapitler\/","url":"https:\/\/riss.w.uib.no\/tidligere-utgaver\/riss-2022-nr-2-morke-kapitler\/","name":"RISS 2022 nr. 2 \u00abM\u00f8rke kapitler\u00bb -","isPartOf":{"@id":"https:\/\/riss.w.uib.no\/#website"},"primaryImageOfPage":{"@id":"https:\/\/riss.w.uib.no\/tidligere-utgaver\/riss-2022-nr-2-morke-kapitler\/#primaryimage"},"image":{"@id":"https:\/\/riss.w.uib.no\/tidligere-utgaver\/riss-2022-nr-2-morke-kapitler\/#primaryimage"},"thumbnailUrl":"https:\/\/riss.w.uib.no\/files\/2024\/05\/Nr.-2-2022-forside-i-jpg-211x300.jpg","datePublished":"2024-05-20T22:44:19+00:00","dateModified":"2025-11-29T13:17:32+00:00","breadcrumb":{"@id":"https:\/\/riss.w.uib.no\/tidligere-utgaver\/riss-2022-nr-2-morke-kapitler\/#breadcrumb"},"inLanguage":"en-US","potentialAction":[{"@type":"ReadAction","target":["https:\/\/riss.w.uib.no\/tidligere-utgaver\/riss-2022-nr-2-morke-kapitler\/"]}]},{"@type":"ImageObject","inLanguage":"en-US","@id":"https:\/\/riss.w.uib.no\/tidligere-utgaver\/riss-2022-nr-2-morke-kapitler\/#primaryimage","url":"https:\/\/riss.w.uib.no\/files\/2024\/05\/Nr.-2-2022-forside-i-jpg-211x300.jpg","contentUrl":"https:\/\/riss.w.uib.no\/files\/2024\/05\/Nr.-2-2022-forside-i-jpg-211x300.jpg"},{"@type":"BreadcrumbList","@id":"https:\/\/riss.w.uib.no\/tidligere-utgaver\/riss-2022-nr-2-morke-kapitler\/#breadcrumb","itemListElement":[{"@type":"ListItem","position":1,"name":"Hjem","item":"https:\/\/riss.w.uib.no\/"},{"@type":"ListItem","position":2,"name":"Arkiv","item":"https:\/\/riss.w.uib.no\/tidligere-utgaver\/"},{"@type":"ListItem","position":3,"name":"RISS 2022 nr. 2 \u00abM\u00f8rke kapitler\u00bb"}]},{"@type":"WebSite","@id":"https:\/\/riss.w.uib.no\/#website","url":"https:\/\/riss.w.uib.no\/","name":"RISS \u2013 Et arkeologisk tidsskrift","description":"An Archaeological Journal","publisher":{"@id":"https:\/\/riss.w.uib.no\/#organization"},"potentialAction":[{"@type":"SearchAction","target":{"@type":"EntryPoint","urlTemplate":"https:\/\/riss.w.uib.no\/?s={search_term_string}"},"query-input":{"@type":"PropertyValueSpecification","valueRequired":true,"valueName":"search_term_string"}}],"inLanguage":"en-US"},{"@type":"Organization","@id":"https:\/\/riss.w.uib.no\/#organization","name":"RISS \u2013 Et arkeologisk tidsskrift","alternateName":"Riss","url":"https:\/\/riss.w.uib.no\/","logo":{"@type":"ImageObject","inLanguage":"en-US","@id":"https:\/\/riss.w.uib.no\/#\/schema\/logo\/image\/","url":"https:\/\/riss.w.uib.no\/files\/2022\/05\/cropped-RISS-logo.png","contentUrl":"https:\/\/riss.w.uib.no\/files\/2022\/05\/cropped-RISS-logo.png","width":1719,"height":603,"caption":"RISS \u2013 Et arkeologisk tidsskrift"},"image":{"@id":"https:\/\/riss.w.uib.no\/#\/schema\/logo\/image\/"},"sameAs":["https:\/\/www.facebook.com\/RISSUiB","https:\/\/www.instagram.com\/riss_uib\/"]}]}},"_links":{"self":[{"href":"https:\/\/riss.w.uib.no\/en\/wp-json\/wp\/v2\/pages\/703","targetHints":{"allow":["GET"]}}],"collection":[{"href":"https:\/\/riss.w.uib.no\/en\/wp-json\/wp\/v2\/pages"}],"about":[{"href":"https:\/\/riss.w.uib.no\/en\/wp-json\/wp\/v2\/types\/page"}],"author":[{"embeddable":true,"href":"https:\/\/riss.w.uib.no\/en\/wp-json\/wp\/v2\/users\/337"}],"replies":[{"embeddable":true,"href":"https:\/\/riss.w.uib.no\/en\/wp-json\/wp\/v2\/comments?post=703"}],"version-history":[{"count":20,"href":"https:\/\/riss.w.uib.no\/en\/wp-json\/wp\/v2\/pages\/703\/revisions"}],"predecessor-version":[{"id":1671,"href":"https:\/\/riss.w.uib.no\/en\/wp-json\/wp\/v2\/pages\/703\/revisions\/1671"}],"up":[{"embeddable":true,"href":"https:\/\/riss.w.uib.no\/en\/wp-json\/wp\/v2\/pages\/6"}],"wp:attachment":[{"href":"https:\/\/riss.w.uib.no\/en\/wp-json\/wp\/v2\/media?parent=703"}],"curies":[{"name":"wp","href":"https:\/\/api.w.org\/{rel}","templated":true}]}}