{"id":8,"date":"2007-04-27T23:56:52","date_gmt":"2007-04-27T22:56:52","guid":{"rendered":"http:\/\/riss.uib.no\/?page_id=6"},"modified":"2025-11-10T21:12:50","modified_gmt":"2025-11-10T20:12:50","slug":"forfatterveiledning","status":"publish","type":"page","link":"https:\/\/riss.w.uib.no\/en\/forfatterveiledning\/","title":{"rendered":"Author Guide"},"content":{"rendered":"<p style=\"text-align: left\"><strong>Language:<\/strong><br \/>\nScandinavian languages or English.<\/p>\n<p><strong>Name and title:<\/strong><br \/>\nTitle of your contribution. Author\u2019s name, title and place of work.<\/p>\n<p><strong>Length, text size and line spacing:<\/strong><br \/>\nMaximum 3000 words, font size 12 and line spacing 1,5.<\/p>\n<p><strong>Images\/Illustrations\/Figures:<\/strong><br \/>\nOpen Access, high resolution, numbered figures, name of photographer\/author.<\/p>\n<p><strong>References and bibliography:<\/strong><br \/>\nRISS has a popular science style, so reference to sources and a bibliography are not necessary, but can be included if desired. Feel free to attach an abstract and short list of recommended literature. References and bibliography must be in Harvard style and be a maximum of 500 words. You can use the following <a href=\"https:\/\/riss.w.uib.no\/en\/files\/2025\/11\/Mal-litteraturliste.pdf\/\">guideline.<\/a><\/p>\n<p><strong>Direct quotes:<\/strong><br \/>\nMark with \u201c and \u201d or in cursive without quotation marks if quotes exceed three lines. Direct quotes must be referenced.<\/p>\n<p><strong>Contact:<\/strong><br \/>\nContributions, drafts or questions can be sent to: <a href=\"mailto:rissred@gmail.com\">rissred@gmail.com<\/a>.<\/p>\n<p>Follow our accounts on Facebook <a href=\"https:\/\/www.facebook.com\/RISSUiB\">\/RISSUiB<\/a> and Instagram <a href=\"https:\/\/www.instagram.com\/riss_uib\/\">@riss_uib<\/a> for more information.<\/p>","protected":false},"excerpt":{"rendered":"<p>Spra\u030ak: Skandinaviske spra\u030ak eller engelsk. Navn og tittel: Bidraget ma\u030a inneholde tittel pa\u030a bidraget, forfatterens navn og stilling. Lengde, skriftst\u00f8rrelse og linjeavstand: Maks. 3000 ord, skriftst\u00f8rrelse 12 og linjeavstand 1,5. Bilder\/illustrasjoner: H\u00f8y oppl\u00f8sning, nummerert med figurtekst, navn pa\u030a fotograf eller kilde. Bildene m\u00e5 ha \u00e5pen tilgang (Open Access), egne bilder eller en m\u00e5 ha f\u00e5tt&hellip;<a href=\"https:\/\/riss.w.uib.no\/en\/forfatterveiledning\/\" class=\"more-link\">Continue reading <span class=\"screen-reader-text\">Author Guide<\/span><\/a><\/p>","protected":false},"author":337,"featured_media":0,"parent":0,"menu_order":0,"comment_status":"closed","ping_status":"closed","template":"","meta":{"footnotes":""},"class_list":["post-8","page","type-page","status-publish","hentry"],"yoast_head":"<!-- This site is optimized with the Yoast SEO plugin v27.3 - https:\/\/yoast.com\/product\/yoast-seo-wordpress\/ -->\n<title>Forfatterveiledning -<\/title>\n<meta name=\"robots\" content=\"index, follow, max-snippet:-1, max-image-preview:large, max-video-preview:-1\" \/>\n<link rel=\"canonical\" href=\"https:\/\/riss.w.uib.no\/en\/forfatterveiledning\/\" \/>\n<meta property=\"og:locale\" content=\"en_US\" \/>\n<meta property=\"og:type\" content=\"article\" \/>\n<meta property=\"og:title\" content=\"Forfatterveiledning -\" \/>\n<meta property=\"og:description\" content=\"Spra\u030ak: Skandinaviske spra\u030ak eller engelsk. Navn og tittel: Bidraget ma\u030a inneholde tittel pa\u030a bidraget, forfatterens navn og stilling. Lengde, skriftst\u00f8rrelse og linjeavstand: Maks. 3000 ord, skriftst\u00f8rrelse 12 og linjeavstand 1,5. Bilder\/illustrasjoner: H\u00f8y oppl\u00f8sning, nummerert med figurtekst, navn pa\u030a fotograf eller kilde. Bildene m\u00e5 ha \u00e5pen tilgang (Open Access), egne bilder eller en m\u00e5 ha f\u00e5tt&hellip;Continue reading Forfatterveiledning\" \/>\n<meta property=\"og:url\" content=\"https:\/\/riss.w.uib.no\/en\/forfatterveiledning\/\" \/>\n<meta property=\"article:publisher\" content=\"https:\/\/www.facebook.com\/RISSUiB\" \/>\n<meta property=\"article:modified_time\" content=\"2025-11-10T20:12:50+00:00\" \/>\n<meta name=\"twitter:card\" content=\"summary_large_image\" \/>\n<meta name=\"twitter:label1\" content=\"Est. reading time\" \/>\n\t<meta name=\"twitter:data1\" content=\"1 minute\" \/>\n<script type=\"application\/ld+json\" class=\"yoast-schema-graph\">{\"@context\":\"https:\\\/\\\/schema.org\",\"@graph\":[{\"@type\":\"WebPage\",\"@id\":\"https:\\\/\\\/riss.w.uib.no\\\/forfatterveiledning\\\/\",\"url\":\"https:\\\/\\\/riss.w.uib.no\\\/forfatterveiledning\\\/\",\"name\":\"Forfatterveiledning -\",\"isPartOf\":{\"@id\":\"https:\\\/\\\/riss.w.uib.no\\\/#website\"},\"datePublished\":\"2007-04-27T22:56:52+00:00\",\"dateModified\":\"2025-11-10T20:12:50+00:00\",\"breadcrumb\":{\"@id\":\"https:\\\/\\\/riss.w.uib.no\\\/forfatterveiledning\\\/#breadcrumb\"},\"inLanguage\":\"en-US\",\"potentialAction\":[{\"@type\":\"ReadAction\",\"target\":[\"https:\\\/\\\/riss.w.uib.no\\\/forfatterveiledning\\\/\"]}]},{\"@type\":\"BreadcrumbList\",\"@id\":\"https:\\\/\\\/riss.w.uib.no\\\/forfatterveiledning\\\/#breadcrumb\",\"itemListElement\":[{\"@type\":\"ListItem\",\"position\":1,\"name\":\"Hjem\",\"item\":\"https:\\\/\\\/riss.w.uib.no\\\/\"},{\"@type\":\"ListItem\",\"position\":2,\"name\":\"Forfatterveiledning\"}]},{\"@type\":\"WebSite\",\"@id\":\"https:\\\/\\\/riss.w.uib.no\\\/#website\",\"url\":\"https:\\\/\\\/riss.w.uib.no\\\/\",\"name\":\"RISS \u2013 Et arkeologisk tidsskrift\",\"description\":\"Et arkeologisk tidsskrift\",\"publisher\":{\"@id\":\"https:\\\/\\\/riss.w.uib.no\\\/#organization\"},\"potentialAction\":[{\"@type\":\"SearchAction\",\"target\":{\"@type\":\"EntryPoint\",\"urlTemplate\":\"https:\\\/\\\/riss.w.uib.no\\\/?s={search_term_string}\"},\"query-input\":{\"@type\":\"PropertyValueSpecification\",\"valueRequired\":true,\"valueName\":\"search_term_string\"}}],\"inLanguage\":\"en-US\"},{\"@type\":\"Organization\",\"@id\":\"https:\\\/\\\/riss.w.uib.no\\\/#organization\",\"name\":\"RISS \u2013 Et arkeologisk tidsskrift\",\"alternateName\":\"Riss\",\"url\":\"https:\\\/\\\/riss.w.uib.no\\\/\",\"logo\":{\"@type\":\"ImageObject\",\"inLanguage\":\"en-US\",\"@id\":\"https:\\\/\\\/riss.w.uib.no\\\/#\\\/schema\\\/logo\\\/image\\\/\",\"url\":\"https:\\\/\\\/riss.w.uib.no\\\/files\\\/2022\\\/05\\\/cropped-RISS-logo.png\",\"contentUrl\":\"https:\\\/\\\/riss.w.uib.no\\\/files\\\/2022\\\/05\\\/cropped-RISS-logo.png\",\"width\":1719,\"height\":603,\"caption\":\"RISS \u2013 Et arkeologisk tidsskrift\"},\"image\":{\"@id\":\"https:\\\/\\\/riss.w.uib.no\\\/#\\\/schema\\\/logo\\\/image\\\/\"},\"sameAs\":[\"https:\\\/\\\/www.facebook.com\\\/RISSUiB\",\"https:\\\/\\\/www.instagram.com\\\/riss_uib\\\/\"]}]}<\/script>\n<!-- \/ Yoast SEO plugin. -->","yoast_head_json":{"title":"Forfatterveiledning -","robots":{"index":"index","follow":"follow","max-snippet":"max-snippet:-1","max-image-preview":"max-image-preview:large","max-video-preview":"max-video-preview:-1"},"canonical":"https:\/\/riss.w.uib.no\/en\/forfatterveiledning\/","og_locale":"en_US","og_type":"article","og_title":"Forfatterveiledning -","og_description":"Spra\u030ak: Skandinaviske spra\u030ak eller engelsk. Navn og tittel: Bidraget ma\u030a inneholde tittel pa\u030a bidraget, forfatterens navn og stilling. Lengde, skriftst\u00f8rrelse og linjeavstand: Maks. 3000 ord, skriftst\u00f8rrelse 12 og linjeavstand 1,5. Bilder\/illustrasjoner: H\u00f8y oppl\u00f8sning, nummerert med figurtekst, navn pa\u030a fotograf eller kilde. Bildene m\u00e5 ha \u00e5pen tilgang (Open Access), egne bilder eller en m\u00e5 ha f\u00e5tt&hellip;Continue reading Forfatterveiledning","og_url":"https:\/\/riss.w.uib.no\/en\/forfatterveiledning\/","article_publisher":"https:\/\/www.facebook.com\/RISSUiB","article_modified_time":"2025-11-10T20:12:50+00:00","twitter_card":"summary_large_image","twitter_misc":{"Est. reading time":"1 minute"},"schema":{"@context":"https:\/\/schema.org","@graph":[{"@type":"WebPage","@id":"https:\/\/riss.w.uib.no\/forfatterveiledning\/","url":"https:\/\/riss.w.uib.no\/forfatterveiledning\/","name":"Forfatterveiledning -","isPartOf":{"@id":"https:\/\/riss.w.uib.no\/#website"},"datePublished":"2007-04-27T22:56:52+00:00","dateModified":"2025-11-10T20:12:50+00:00","breadcrumb":{"@id":"https:\/\/riss.w.uib.no\/forfatterveiledning\/#breadcrumb"},"inLanguage":"en-US","potentialAction":[{"@type":"ReadAction","target":["https:\/\/riss.w.uib.no\/forfatterveiledning\/"]}]},{"@type":"BreadcrumbList","@id":"https:\/\/riss.w.uib.no\/forfatterveiledning\/#breadcrumb","itemListElement":[{"@type":"ListItem","position":1,"name":"Hjem","item":"https:\/\/riss.w.uib.no\/"},{"@type":"ListItem","position":2,"name":"Forfatterveiledning"}]},{"@type":"WebSite","@id":"https:\/\/riss.w.uib.no\/#website","url":"https:\/\/riss.w.uib.no\/","name":"RISS \u2013 Et arkeologisk tidsskrift","description":"An Archaeological Journal","publisher":{"@id":"https:\/\/riss.w.uib.no\/#organization"},"potentialAction":[{"@type":"SearchAction","target":{"@type":"EntryPoint","urlTemplate":"https:\/\/riss.w.uib.no\/?s={search_term_string}"},"query-input":{"@type":"PropertyValueSpecification","valueRequired":true,"valueName":"search_term_string"}}],"inLanguage":"en-US"},{"@type":"Organization","@id":"https:\/\/riss.w.uib.no\/#organization","name":"RISS \u2013 Et arkeologisk tidsskrift","alternateName":"Riss","url":"https:\/\/riss.w.uib.no\/","logo":{"@type":"ImageObject","inLanguage":"en-US","@id":"https:\/\/riss.w.uib.no\/#\/schema\/logo\/image\/","url":"https:\/\/riss.w.uib.no\/files\/2022\/05\/cropped-RISS-logo.png","contentUrl":"https:\/\/riss.w.uib.no\/files\/2022\/05\/cropped-RISS-logo.png","width":1719,"height":603,"caption":"RISS \u2013 Et arkeologisk tidsskrift"},"image":{"@id":"https:\/\/riss.w.uib.no\/#\/schema\/logo\/image\/"},"sameAs":["https:\/\/www.facebook.com\/RISSUiB","https:\/\/www.instagram.com\/riss_uib\/"]}]}},"_links":{"self":[{"href":"https:\/\/riss.w.uib.no\/en\/wp-json\/wp\/v2\/pages\/8","targetHints":{"allow":["GET"]}}],"collection":[{"href":"https:\/\/riss.w.uib.no\/en\/wp-json\/wp\/v2\/pages"}],"about":[{"href":"https:\/\/riss.w.uib.no\/en\/wp-json\/wp\/v2\/types\/page"}],"author":[{"embeddable":true,"href":"https:\/\/riss.w.uib.no\/en\/wp-json\/wp\/v2\/users\/337"}],"replies":[{"embeddable":true,"href":"https:\/\/riss.w.uib.no\/en\/wp-json\/wp\/v2\/comments?post=8"}],"version-history":[{"count":45,"href":"https:\/\/riss.w.uib.no\/en\/wp-json\/wp\/v2\/pages\/8\/revisions"}],"predecessor-version":[{"id":1640,"href":"https:\/\/riss.w.uib.no\/en\/wp-json\/wp\/v2\/pages\/8\/revisions\/1640"}],"wp:attachment":[{"href":"https:\/\/riss.w.uib.no\/en\/wp-json\/wp\/v2\/media?parent=8"}],"curies":[{"name":"wp","href":"https:\/\/api.w.org\/{rel}","templated":true}]}}