{"id":960,"date":"2024-10-21T12:31:11","date_gmt":"2024-10-21T10:31:11","guid":{"rendered":"https:\/\/riss.w.uib.no\/?page_id=960"},"modified":"2025-11-10T21:58:03","modified_gmt":"2025-11-10T20:58:03","slug":"riss-2013-nr-1-argang-11","status":"publish","type":"page","link":"https:\/\/riss.w.uib.no\/en\/tidligere-utgaver\/riss-2013-nr-1-argang-11\/","title":{"rendered":"RISS 2013 nr. 1, \u00e5rgang 11"},"content":{"rendered":"<p><b>Content:<\/b><\/p>\n<p><span style=\"font-weight: 400\">Elling Utvik Wammer: Marinarkeologi p\u00e5 Vestlandet. Macho skattejakt eller f\u00f8ling i fj\u00e6ra?<\/span><\/p>\n<p><span style=\"font-weight: 400\">Simon Malmberg: Vad \u00e4r klassisk arkeologi?<\/span><\/p>\n<p><span style=\"font-weight: 400\">Synn\u00f8ve Thue og P\u00e5l Steiner: Egyptiske landskap<\/span><\/p>\n<p><span style=\"font-weight: 400\">Atle Nesje: Bruk av geologi i arkeologien<\/span><\/p>\n<p><span style=\"font-weight: 400\">Kari Hjelle: Pollen i arkeologi<\/span><\/p>\n<p><span style=\"font-weight: 400\">H\u00e5kon Reiersen: Romertidsgraven fra Hove. Et oppstykket, men sluttet funn<\/span><\/p>\n<p><span style=\"font-weight: 400\">Presentasjon av innleverte masteroppg\u00e5ver i arkeologi ved UiB, haust 2012 og v\u00e5r 2013<\/span><\/p>\n<p>&nbsp;<\/p>\n<p><b>Redaksjon:<\/b><\/p>\n<p><a href=\"https:\/\/riss.w.uib.no\/en\/karoline-hareide-breivik\/\"><span style=\"font-weight: 400\">Karoline Hareide Breivik (red.)\u00a0<\/span><\/a><\/p>\n<p><span style=\"font-weight: 400\">Martha Kristine Lillest\u00f8l<\/span><\/p>\n<p><span style=\"font-weight: 400\">Marita Fleseland<\/span><\/p>\n<p><span style=\"font-weight: 400\">Sigrid Hervig<\/span><\/p>\n<p><span style=\"font-weight: 400\">Helene Pettersen<\/span><\/p>\n<p>&nbsp;<\/p>\n<p><b>Content:<\/b><\/p>\n<p><span style=\"font-weight: 400\">Elling Utvik Wammer: Marinarkeologi p\u00e5 Vestlandet. Macho skattejakt eller f\u00f8ling i fj\u00e6ra?<\/span><\/p>\n<p><span style=\"font-weight: 400\">Simon Malmberg: Vad \u00e4r klassisk arkeologi?<\/span><\/p>\n<p><span style=\"font-weight: 400\">Synn\u00f8ve Thue og P\u00e5l Steiner: Egyptiske landskap<\/span><\/p>\n<p><span style=\"font-weight: 400\">Atle Nesje: Bruk av geologi i arkeologien<\/span><\/p>\n<p><span style=\"font-weight: 400\">Kari Hjelle: Pollen i arkeologi<\/span><\/p>\n<p><span style=\"font-weight: 400\">H\u00e5kon Reiersen: Romertidsgraven fra Hove. Et oppstykket, men sluttet funn<\/span><\/p>\n<p><span style=\"font-weight: 400\">Presentasjon av innleverte masteroppg\u00e5ver i arkeologi ved UiB, haust 2012 og v\u00e5r 2013<\/span><\/p>\n<p>&nbsp;<\/p>\n<p><b>Editorial staff:<\/b><\/p>\n<p><a href=\"https:\/\/riss.w.uib.no\/en\/karoline-hareide-breivik\/\"><span style=\"font-weight: 400\">Karoline Hareide Breivik (red.)\u00a0<\/span><\/a><\/p>\n<p><span style=\"font-weight: 400\">Martha Kristine Lillest\u00f8l<\/span><\/p>\n<p><span style=\"font-weight: 400\">Marita Fleseland<\/span><\/p>\n<p><span style=\"font-weight: 400\">Sigrid Hervig<\/span><\/p>\n<p><span style=\"font-weight: 400\">Helene Pettersen<\/span><\/p>","protected":false},"excerpt":{"rendered":"<p>Innhold: Elling Utvik Wammer: Marinarkeologi p\u00e5 Vestlandet. Macho skattejakt eller f\u00f8ling i fj\u00e6ra? Simon Malmberg: Vad \u00e4r klassisk arkeologi? Synn\u00f8ve Thue og P\u00e5l Steiner: Egyptiske landskap Atle Nesje: Bruk av geologi i arkeologien Kari Hjelle: Pollen i arkeologi H\u00e5kon Reiersen: Romertidsgraven fra Hove. Et oppstykket, men sluttet funn Presentasjon av innleverte masteroppg\u00e5ver i arkeologi ved&hellip;<a href=\"https:\/\/riss.w.uib.no\/en\/tidligere-utgaver\/riss-2013-nr-1-argang-11\/\" class=\"more-link\">Continue reading <span class=\"screen-reader-text\">RISS 2013 nr. 1, \u00e5rgang 11<\/span><\/a><\/p>","protected":false},"author":337,"featured_media":0,"parent":6,"menu_order":19,"comment_status":"closed","ping_status":"closed","template":"","meta":{"footnotes":""},"class_list":["post-960","page","type-page","status-publish","hentry"],"yoast_head":"<!-- This site is optimized with the Yoast SEO plugin v27.5 - https:\/\/yoast.com\/product\/yoast-seo-wordpress\/ -->\n<title>RISS 2013 nr. 1, \u00e5rgang 11 -<\/title>\n<meta name=\"robots\" content=\"index, follow, max-snippet:-1, max-image-preview:large, max-video-preview:-1\" \/>\n<link rel=\"canonical\" href=\"https:\/\/riss.w.uib.no\/en\/tidligere-utgaver\/riss-2013-nr-1-argang-11\/\" \/>\n<meta property=\"og:locale\" content=\"en_US\" \/>\n<meta property=\"og:type\" content=\"article\" \/>\n<meta property=\"og:title\" content=\"RISS 2013 nr. 1, \u00e5rgang 11 -\" \/>\n<meta property=\"og:description\" content=\"Innhold: Elling Utvik Wammer: Marinarkeologi p\u00e5 Vestlandet. Macho skattejakt eller f\u00f8ling i fj\u00e6ra? Simon Malmberg: Vad \u00e4r klassisk arkeologi? Synn\u00f8ve Thue og P\u00e5l Steiner: Egyptiske landskap Atle Nesje: Bruk av geologi i arkeologien Kari Hjelle: Pollen i arkeologi H\u00e5kon Reiersen: Romertidsgraven fra Hove. Et oppstykket, men sluttet funn Presentasjon av innleverte masteroppg\u00e5ver i arkeologi ved&hellip;Continue reading RISS 2013 nr. 1, \u00e5rgang 11\" \/>\n<meta property=\"og:url\" content=\"https:\/\/riss.w.uib.no\/en\/tidligere-utgaver\/riss-2013-nr-1-argang-11\/\" \/>\n<meta property=\"article:publisher\" content=\"https:\/\/www.facebook.com\/RISSUiB\" \/>\n<meta property=\"article:modified_time\" content=\"2025-11-10T20:58:03+00:00\" \/>\n<meta name=\"twitter:card\" content=\"summary_large_image\" \/>\n<meta name=\"twitter:label1\" content=\"Est. reading time\" \/>\n\t<meta name=\"twitter:data1\" content=\"1 minute\" \/>\n<script type=\"application\/ld+json\" class=\"yoast-schema-graph\">{\"@context\":\"https:\\\/\\\/schema.org\",\"@graph\":[{\"@type\":\"WebPage\",\"@id\":\"https:\\\/\\\/riss.w.uib.no\\\/tidligere-utgaver\\\/riss-2013-nr-1-argang-11\\\/\",\"url\":\"https:\\\/\\\/riss.w.uib.no\\\/tidligere-utgaver\\\/riss-2013-nr-1-argang-11\\\/\",\"name\":\"RISS 2013 nr. 1, \u00e5rgang 11 -\",\"isPartOf\":{\"@id\":\"https:\\\/\\\/riss.w.uib.no\\\/#website\"},\"datePublished\":\"2024-10-21T10:31:11+00:00\",\"dateModified\":\"2025-11-10T20:58:03+00:00\",\"breadcrumb\":{\"@id\":\"https:\\\/\\\/riss.w.uib.no\\\/tidligere-utgaver\\\/riss-2013-nr-1-argang-11\\\/#breadcrumb\"},\"inLanguage\":\"en-US\",\"potentialAction\":[{\"@type\":\"ReadAction\",\"target\":[\"https:\\\/\\\/riss.w.uib.no\\\/tidligere-utgaver\\\/riss-2013-nr-1-argang-11\\\/\"]}]},{\"@type\":\"BreadcrumbList\",\"@id\":\"https:\\\/\\\/riss.w.uib.no\\\/tidligere-utgaver\\\/riss-2013-nr-1-argang-11\\\/#breadcrumb\",\"itemListElement\":[{\"@type\":\"ListItem\",\"position\":1,\"name\":\"Hjem\",\"item\":\"https:\\\/\\\/riss.w.uib.no\\\/\"},{\"@type\":\"ListItem\",\"position\":2,\"name\":\"Arkiv\",\"item\":\"https:\\\/\\\/riss.w.uib.no\\\/tidligere-utgaver\\\/\"},{\"@type\":\"ListItem\",\"position\":3,\"name\":\"RISS 2013 nr. 1, \u00e5rgang 11\"}]},{\"@type\":\"WebSite\",\"@id\":\"https:\\\/\\\/riss.w.uib.no\\\/#website\",\"url\":\"https:\\\/\\\/riss.w.uib.no\\\/\",\"name\":\"RISS \u2013 Et arkeologisk tidsskrift\",\"description\":\"Et arkeologisk tidsskrift\",\"publisher\":{\"@id\":\"https:\\\/\\\/riss.w.uib.no\\\/#organization\"},\"potentialAction\":[{\"@type\":\"SearchAction\",\"target\":{\"@type\":\"EntryPoint\",\"urlTemplate\":\"https:\\\/\\\/riss.w.uib.no\\\/?s={search_term_string}\"},\"query-input\":{\"@type\":\"PropertyValueSpecification\",\"valueRequired\":true,\"valueName\":\"search_term_string\"}}],\"inLanguage\":\"en-US\"},{\"@type\":\"Organization\",\"@id\":\"https:\\\/\\\/riss.w.uib.no\\\/#organization\",\"name\":\"RISS \u2013 Et arkeologisk tidsskrift\",\"alternateName\":\"Riss\",\"url\":\"https:\\\/\\\/riss.w.uib.no\\\/\",\"logo\":{\"@type\":\"ImageObject\",\"inLanguage\":\"en-US\",\"@id\":\"https:\\\/\\\/riss.w.uib.no\\\/#\\\/schema\\\/logo\\\/image\\\/\",\"url\":\"https:\\\/\\\/riss.w.uib.no\\\/files\\\/2022\\\/05\\\/cropped-RISS-logo.png\",\"contentUrl\":\"https:\\\/\\\/riss.w.uib.no\\\/files\\\/2022\\\/05\\\/cropped-RISS-logo.png\",\"width\":1719,\"height\":603,\"caption\":\"RISS \u2013 Et arkeologisk tidsskrift\"},\"image\":{\"@id\":\"https:\\\/\\\/riss.w.uib.no\\\/#\\\/schema\\\/logo\\\/image\\\/\"},\"sameAs\":[\"https:\\\/\\\/www.facebook.com\\\/RISSUiB\",\"https:\\\/\\\/www.instagram.com\\\/riss_uib\\\/\"]}]}<\/script>\n<!-- \/ Yoast SEO plugin. -->","yoast_head_json":{"title":"RISS 2013 nr. 1, \u00e5rgang 11 -","robots":{"index":"index","follow":"follow","max-snippet":"max-snippet:-1","max-image-preview":"max-image-preview:large","max-video-preview":"max-video-preview:-1"},"canonical":"https:\/\/riss.w.uib.no\/en\/tidligere-utgaver\/riss-2013-nr-1-argang-11\/","og_locale":"en_US","og_type":"article","og_title":"RISS 2013 nr. 1, \u00e5rgang 11 -","og_description":"Innhold: Elling Utvik Wammer: Marinarkeologi p\u00e5 Vestlandet. Macho skattejakt eller f\u00f8ling i fj\u00e6ra? Simon Malmberg: Vad \u00e4r klassisk arkeologi? Synn\u00f8ve Thue og P\u00e5l Steiner: Egyptiske landskap Atle Nesje: Bruk av geologi i arkeologien Kari Hjelle: Pollen i arkeologi H\u00e5kon Reiersen: Romertidsgraven fra Hove. Et oppstykket, men sluttet funn Presentasjon av innleverte masteroppg\u00e5ver i arkeologi ved&hellip;Continue reading RISS 2013 nr. 1, \u00e5rgang 11","og_url":"https:\/\/riss.w.uib.no\/en\/tidligere-utgaver\/riss-2013-nr-1-argang-11\/","article_publisher":"https:\/\/www.facebook.com\/RISSUiB","article_modified_time":"2025-11-10T20:58:03+00:00","twitter_card":"summary_large_image","twitter_misc":{"Est. reading time":"1 minute"},"schema":{"@context":"https:\/\/schema.org","@graph":[{"@type":"WebPage","@id":"https:\/\/riss.w.uib.no\/tidligere-utgaver\/riss-2013-nr-1-argang-11\/","url":"https:\/\/riss.w.uib.no\/tidligere-utgaver\/riss-2013-nr-1-argang-11\/","name":"RISS 2013 nr. 1, \u00e5rgang 11 -","isPartOf":{"@id":"https:\/\/riss.w.uib.no\/#website"},"datePublished":"2024-10-21T10:31:11+00:00","dateModified":"2025-11-10T20:58:03+00:00","breadcrumb":{"@id":"https:\/\/riss.w.uib.no\/tidligere-utgaver\/riss-2013-nr-1-argang-11\/#breadcrumb"},"inLanguage":"en-US","potentialAction":[{"@type":"ReadAction","target":["https:\/\/riss.w.uib.no\/tidligere-utgaver\/riss-2013-nr-1-argang-11\/"]}]},{"@type":"BreadcrumbList","@id":"https:\/\/riss.w.uib.no\/tidligere-utgaver\/riss-2013-nr-1-argang-11\/#breadcrumb","itemListElement":[{"@type":"ListItem","position":1,"name":"Hjem","item":"https:\/\/riss.w.uib.no\/"},{"@type":"ListItem","position":2,"name":"Arkiv","item":"https:\/\/riss.w.uib.no\/tidligere-utgaver\/"},{"@type":"ListItem","position":3,"name":"RISS 2013 nr. 1, \u00e5rgang 11"}]},{"@type":"WebSite","@id":"https:\/\/riss.w.uib.no\/#website","url":"https:\/\/riss.w.uib.no\/","name":"RISS \u2013 Et arkeologisk tidsskrift","description":"An Archaeological Journal","publisher":{"@id":"https:\/\/riss.w.uib.no\/#organization"},"potentialAction":[{"@type":"SearchAction","target":{"@type":"EntryPoint","urlTemplate":"https:\/\/riss.w.uib.no\/?s={search_term_string}"},"query-input":{"@type":"PropertyValueSpecification","valueRequired":true,"valueName":"search_term_string"}}],"inLanguage":"en-US"},{"@type":"Organization","@id":"https:\/\/riss.w.uib.no\/#organization","name":"RISS \u2013 Et arkeologisk tidsskrift","alternateName":"Riss","url":"https:\/\/riss.w.uib.no\/","logo":{"@type":"ImageObject","inLanguage":"en-US","@id":"https:\/\/riss.w.uib.no\/#\/schema\/logo\/image\/","url":"https:\/\/riss.w.uib.no\/files\/2022\/05\/cropped-RISS-logo.png","contentUrl":"https:\/\/riss.w.uib.no\/files\/2022\/05\/cropped-RISS-logo.png","width":1719,"height":603,"caption":"RISS \u2013 Et arkeologisk tidsskrift"},"image":{"@id":"https:\/\/riss.w.uib.no\/#\/schema\/logo\/image\/"},"sameAs":["https:\/\/www.facebook.com\/RISSUiB","https:\/\/www.instagram.com\/riss_uib\/"]}]}},"_links":{"self":[{"href":"https:\/\/riss.w.uib.no\/en\/wp-json\/wp\/v2\/pages\/960","targetHints":{"allow":["GET"]}}],"collection":[{"href":"https:\/\/riss.w.uib.no\/en\/wp-json\/wp\/v2\/pages"}],"about":[{"href":"https:\/\/riss.w.uib.no\/en\/wp-json\/wp\/v2\/types\/page"}],"author":[{"embeddable":true,"href":"https:\/\/riss.w.uib.no\/en\/wp-json\/wp\/v2\/users\/337"}],"replies":[{"embeddable":true,"href":"https:\/\/riss.w.uib.no\/en\/wp-json\/wp\/v2\/comments?post=960"}],"version-history":[{"count":7,"href":"https:\/\/riss.w.uib.no\/en\/wp-json\/wp\/v2\/pages\/960\/revisions"}],"predecessor-version":[{"id":1656,"href":"https:\/\/riss.w.uib.no\/en\/wp-json\/wp\/v2\/pages\/960\/revisions\/1656"}],"up":[{"embeddable":true,"href":"https:\/\/riss.w.uib.no\/en\/wp-json\/wp\/v2\/pages\/6"}],"wp:attachment":[{"href":"https:\/\/riss.w.uib.no\/en\/wp-json\/wp\/v2\/media?parent=960"}],"curies":[{"name":"wp","href":"https:\/\/api.w.org\/{rel}","templated":true}]}}